{"id":530,"date":"2021-12-01T18:20:45","date_gmt":"2021-12-01T17:20:45","guid":{"rendered":"https:\/\/prociency.developallin.com\/tell-us-your-story\/"},"modified":"2024-07-01T11:46:07","modified_gmt":"2024-07-01T09:46:07","slug":"cuentanos-tu-historia","status":"publish","type":"page","link":"https:\/\/www.prociency.com\/es\/cuentanos-tu-historia\/","title":{"rendered":"Cu\u00e9ntanos tu historia"},"content":{"rendered":"<p>[vc_row][vc_column width=\u00bb1\/1&#8243;][vc_custom_heading uncode_shortcode_id=\u00bb298520&#8243; el_class=\u00bbright-line-header\u00bb]P\u00f3ngase en contacto[\/vc_custom_heading][\/vc_column][\/vc_row][vc_row row_height_percent=\u00bb0&#8243; overlay_alpha=\u00bb50&#8243; gutter_size=\u00bb3&#8243; column_width_percent=\u00bb100&#8243; shift_y=\u00bb0&#8243; z_index=\u00bb0&#8243; uncode_shortcode_id=\u00bb452503&#8243; shape_dividers=\u00bb\u00bb el_class=\u00bbsection-icons contact-icons\u00bb][vc_column width=\u00bb1\/2&#8243;][vc_icon position=\u00bbleft\u00bb icon=\u00bbfa fa-envelope2&#8243; size=\u00bbfa-3x\u00bb uncode_shortcode_id=\u00bb162702&#8243; icon_color_type=\u00bbuncode-solid\u00bb icon_color_solid=\u00bb#cf401f\u00bb]<\/p>\n<h3>Info general<\/h3>\n<p><a href=\"mailto:info@prociency.com\">info@prociency.com<\/a>[\/vc_icon][\/vc_column][vc_column width=\u00bb1\/2&#8243;][vc_icon position=\u00bbleft\u00bb icon=\u00bbfa fa-phone2&#8243; size=\u00bbfa-3x\u00bb uncode_shortcode_id=\u00bb479409&#8243; icon_color_type=\u00bbuncode-solid\u00bb icon_color_solid=\u00bb#cf401f\u00bb]<\/p>\n<h3>Tel\u00e9fono de contacto<\/h3>\n<p><a href=\"tel:+34935306460\">(+34) 935 306 460<\/a>[\/vc_icon][\/vc_column][\/vc_row][vc_row unlock_row=\u00bb\u00bb row_height_percent=\u00bb0&#8243; overlay_alpha=\u00bb50&#8243; gutter_size=\u00bb3&#8243; column_width_percent=\u00bb100&#8243; shift_y=\u00bb0&#8243; z_index=\u00bb0&#8243; desktop_visibility=\u00bbyes\u00bb medium_visibility=\u00bbyes\u00bb mobile_visibility=\u00bbyes\u00bb uncode_shortcode_id=\u00bb145172&#8243; el_class=\u00bbsection-icons contact-icons\u00bb shape_dividers=\u00bb\u00bb][vc_column column_width_percent=\u00bb100&#8243; gutter_size=\u00bb3&#8243; overlay_alpha=\u00bb50&#8243; shift_x=\u00bb0&#8243; shift_y=\u00bb0&#8243; shift_y_down=\u00bb0&#8243; z_index=\u00bb0&#8243; medium_width=\u00bb0&#8243; mobile_width=\u00bb0&#8243; width=\u00bb1\/3&#8243; uncode_shortcode_id=\u00bb136512&#8243;][\/vc_column][vc_column column_width_percent=\u00bb80&#8243; gutter_size=\u00bb3&#8243; overlay_alpha=\u00bb50&#8243; shift_x=\u00bb0&#8243; shift_y=\u00bb0&#8243; shift_y_down=\u00bb0&#8243; z_index=\u00bb0&#8243; medium_width=\u00bb0&#8243; mobile_width=\u00bb0&#8243; width=\u00bb2\/3&#8243; uncode_shortcode_id=\u00bb783232&#8243; back_color_type=\u00bbuncode-solid\u00bb back_color_solid=\u00bb#f8f8f8&#8243; css=\u00bb.vc_custom_1634830542088{padding-top: 90px !important;padding-bottom: 90px !important;}\u00bb][vc_custom_heading uncode_shortcode_id=\u00bb756808&#8243;]Contacte con nosotros[\/vc_custom_heading][vc_column_text uncode_shortcode_id=\u00bb295170&#8243;]<p class=\"wpcf7-contact-form-not-found\"><strong>Error:<\/strong> Formulario de contacto no encontrado.<\/p>[\/vc_column_text][\/vc_column][\/vc_row][vc_row row_height_percent=\u00bb0&#8243; override_padding=\u00bbyes\u00bb h_padding=\u00bb2&#8243; top_padding=\u00bb0&#8243; bottom_padding=\u00bb0&#8243; overlay_alpha=\u00bb50&#8243; gutter_size=\u00bb3&#8243; column_width_percent=\u00bb100&#8243; shift_y=\u00bb0&#8243; z_index=\u00bb0&#8243; uncode_shortcode_id=\u00bb970241&#8243;][vc_column width=\u00bb1\/1&#8243;][vc_custom_heading uncode_shortcode_id=\u00bb312431&#8243; el_class=\u00bbright-line-header\u00bb]Nuestras Oficinas[\/vc_custom_heading][\/vc_column][\/vc_row][vc_row][vc_column width=\u00bb1\/3&#8243;][vc_column_text uncode_shortcode_id=\u00bb531594&#8243;]<\/p>\n<div class=\"maps\">\n<p><iframe style=\"border: 0px; max-width: 100%; max-height: 194px;\" src=\"https:\/\/www.google.com\/maps\/embed?pb=!1m18!1m12!1m3!1d3036.8579844133724!2d-3.695615484325163!3d40.43414346250354!2m3!1f0!2f0!3f0!3m2!1i1024!2i768!4f13.1!3m3!1m2!1s0xd4228f2baa1147d%3A0xf60c3180aea36797!2sCalle%20de%20Zurbano%2C%2045%2C%2028010%20Madrid!5e0!3m2!1sen!2ses!4v1619082581874!5m2!1sen!2ses\" width=\"275\" height=\"196\" allowfullscreen=\"allowfullscreen\"><\/iframe><\/p>\n<div class=\"icon-box-content\">\n<h3>Madrid<\/h3>\n<p>Zurbano, 45 &#8211; 1a planta<br \/>\n28010, Madrid<br \/>\nSPAIN<\/p>\n<\/div>\n<\/div>\n<p>[\/vc_column_text][\/vc_column][vc_column width=\u00bb1\/3&#8243;][vc_column_text uncode_shortcode_id=\u00bb148570&#8243;]<\/p>\n<div class=\"maps\">\n<p><iframe style=\"border: 0px; max-width: 100%; max-height: 194px;\" src=\"https:\/\/www.google.com\/maps\/embed?pb=!1m18!1m12!1m3!1d2993.726984030688!2d2.1477779156955443!3d41.3800160044145!2m3!1f0!2f0!3f0!3m2!1i1024!2i768!4f13.1!3m3!1m2!1s0x12a4a27de01b7ac7%3A0xb699f971647db3c!2sC%2F%20d'Ent en%C3%A7a%2C%2095%2C%2008015%20Barcelona!5e0!3m2!1sen!2ses!4v1619082115288!5m2!1sen!2ses\" width=\"275\" height=\"196\" allowfullscreen=\"allowfullscreen\"><\/iframe><\/p>\n<div class=\"icon-box-content\">\n<h3>Barcelona<\/h3>\n<p>Enten\u00e7a, 95 &#8211; 4a planta<br \/>\n08015, Barcelona<br \/>\nSPAIN<\/p>\n<\/div>\n<\/div>\n<p>[\/vc_column_text][\/vc_column][vc_column width=\u00bb1\/3&#8243;][vc_column_text uncode_shortcode_id=\u00bb206369&#8243;]<\/p>\n<div class=\"maps\">\n<p><iframe style=\"border: 0px; max-width: 100%; max-height: 194px;\" src=\"https:\/\/www.google.com\/maps\/embed?pb=!1m18!1m12!1m3!1d2886.422575099531!2d-79.35348309999999!3d43.6601806!2m3!1f0!2f0!3f0!3m2!1i1024!2i768!4f13.1!3m3!1m2!1s0x89d4cb6be7f21371%3A0x3aaab1f7be94fc2b!2s50%20Carroll%20St%2C%20Toronto%2C%20ON%20M4M%203G3%2C%20Canad%C3%A1!5e0!3m2!1ses!2ses!4v1691131641763!5m2!1ses!2ses\" width=\"275\" height=\"196\" allowfullscreen=\"allowfullscreen\"><\/iframe><\/p>\n<div class=\"icon-box-content\">\n<h3>Toronto<\/h3>\n<p>50 Carroll St,<br \/>\nON M4M 3G3, Toronto<br \/>\nCANADA<\/p>\n<\/div>\n<\/div>\n<p>[\/vc_column_text][\/vc_column][\/vc_row][vc_row][vc_column width=\u00bb1\/1&#8243;][vc_raw_js]JTNDc2NyaXB0JTIwdHlwZSUzRCUyMnRleHQlMkZqYXZhc2NyaXB0JTIyJTIwc3JjJTNEJTIyaHR0cHMlM0ElMkYlMkZhcGkuY2xpZW50aWZ5Lm5ldCUyRndlYi1tYXJrZXRpbmclMkZ3ZWJmb3JtcyUyRmV4dGVybmFsJTJGc2NyaXB0JTJGMTMyNDAyLmpzJTIyJTNFJTNDJTJGc2NyaXB0JTNF[\/vc_raw_js][\/vc_column][\/vc_row]<\/p>\n","protected":false},"excerpt":{"rendered":"<p>Contacta con nosotros<\/p>\n","protected":false},"author":1,"featured_media":0,"parent":0,"menu_order":0,"comment_status":"closed","ping_status":"closed","template":"","meta":[],"yoast_head":"<!-- This site is optimized with the Yoast SEO plugin v20.8 - https:\/\/yoast.com\/wordpress\/plugins\/seo\/ -->\n<title>Cu\u00e9ntanos tu historia - Prociency<\/title>\n<meta name=\"description\" content=\"Contacta con Prociency para impulsar la digitalizaci\u00f3n de tu empresa. Tu socio en transformaci\u00f3n digital.\" \/>\n<meta name=\"robots\" content=\"index, follow, max-snippet:-1, max-image-preview:large, max-video-preview:-1\" \/>\n<link rel=\"canonical\" href=\"https:\/\/www.prociency.com\/es\/cuentanos-tu-historia\/\" \/>\n<meta property=\"og:locale\" content=\"es_ES\" \/>\n<meta property=\"og:type\" content=\"article\" \/>\n<meta property=\"og:title\" content=\"Cu\u00e9ntanos tu historia - Prociency\" \/>\n<meta property=\"og:description\" content=\"Contacta con Prociency para impulsar la digitalizaci\u00f3n de tu empresa. Tu socio en transformaci\u00f3n digital.\" \/>\n<meta property=\"og:url\" content=\"https:\/\/www.prociency.com\/es\/cuentanos-tu-historia\/\" \/>\n<meta property=\"og:site_name\" content=\"Prociency\" \/>\n<meta property=\"article:modified_time\" content=\"2024-07-01T09:46:07+00:00\" \/>\n<meta name=\"twitter:card\" content=\"summary_large_image\" \/>\n<meta name=\"twitter:label1\" content=\"Est. reading time\" \/>\n\t<meta name=\"twitter:data1\" content=\"1 minuto\" \/>\n<script type=\"application\/ld+json\" class=\"yoast-schema-graph\">{\"@context\":\"https:\/\/schema.org\",\"@graph\":[{\"@type\":\"WebPage\",\"@id\":\"https:\/\/www.prociency.com\/es\/cuentanos-tu-historia\/\",\"url\":\"https:\/\/www.prociency.com\/es\/cuentanos-tu-historia\/\",\"name\":\"Cu\u00e9ntanos tu historia - Prociency\",\"isPartOf\":{\"@id\":\"https:\/\/www.prociency.com\/es\/#website\"},\"datePublished\":\"2021-12-01T17:20:45+00:00\",\"dateModified\":\"2024-07-01T09:46:07+00:00\",\"description\":\"Contacta con Prociency para impulsar la digitalizaci\u00f3n de tu empresa. Tu socio en transformaci\u00f3n digital.\",\"breadcrumb\":{\"@id\":\"https:\/\/www.prociency.com\/es\/cuentanos-tu-historia\/#breadcrumb\"},\"inLanguage\":\"es\",\"potentialAction\":[{\"@type\":\"ReadAction\",\"target\":[\"https:\/\/www.prociency.com\/es\/cuentanos-tu-historia\/\"]}]},{\"@type\":\"BreadcrumbList\",\"@id\":\"https:\/\/www.prociency.com\/es\/cuentanos-tu-historia\/#breadcrumb\",\"itemListElement\":[{\"@type\":\"ListItem\",\"position\":1,\"name\":\"Home\",\"item\":\"https:\/\/www.prociency.com\/es\/\"},{\"@type\":\"ListItem\",\"position\":2,\"name\":\"Cu\u00e9ntanos tu historia\"}]},{\"@type\":\"WebSite\",\"@id\":\"https:\/\/www.prociency.com\/es\/#website\",\"url\":\"https:\/\/www.prociency.com\/es\/\",\"name\":\"Prociency\",\"description\":\"Prociency\",\"publisher\":{\"@id\":\"https:\/\/www.prociency.com\/es\/#organization\"},\"potentialAction\":[{\"@type\":\"SearchAction\",\"target\":{\"@type\":\"EntryPoint\",\"urlTemplate\":\"https:\/\/www.prociency.com\/es\/?s={search_term_string}\"},\"query-input\":\"required name=search_term_string\"}],\"inLanguage\":\"es\"},{\"@type\":\"Organization\",\"@id\":\"https:\/\/www.prociency.com\/es\/#organization\",\"name\":\"Prociency\",\"url\":\"https:\/\/www.prociency.com\/es\/\",\"logo\":{\"@type\":\"ImageObject\",\"inLanguage\":\"es\",\"@id\":\"https:\/\/www.prociency.com\/es\/#\/schema\/logo\/image\/\",\"url\":\"https:\/\/prociency.developallin.com\/wp-content\/uploads\/2021\/10\/logo-prociency-negative.svg\",\"contentUrl\":\"https:\/\/prociency.developallin.com\/wp-content\/uploads\/2021\/10\/logo-prociency-negative.svg\",\"width\":1,\"height\":1,\"caption\":\"Prociency\"},\"image\":{\"@id\":\"https:\/\/www.prociency.com\/es\/#\/schema\/logo\/image\/\"}}]}<\/script>\n<!-- \/ Yoast SEO plugin. -->","yoast_head_json":{"title":"Cu\u00e9ntanos tu historia - Prociency","description":"Contacta con Prociency para impulsar la digitalizaci\u00f3n de tu empresa. Tu socio en transformaci\u00f3n digital.","robots":{"index":"index","follow":"follow","max-snippet":"max-snippet:-1","max-image-preview":"max-image-preview:large","max-video-preview":"max-video-preview:-1"},"canonical":"https:\/\/www.prociency.com\/es\/cuentanos-tu-historia\/","og_locale":"es_ES","og_type":"article","og_title":"Cu\u00e9ntanos tu historia - Prociency","og_description":"Contacta con Prociency para impulsar la digitalizaci\u00f3n de tu empresa. Tu socio en transformaci\u00f3n digital.","og_url":"https:\/\/www.prociency.com\/es\/cuentanos-tu-historia\/","og_site_name":"Prociency","article_modified_time":"2024-07-01T09:46:07+00:00","twitter_card":"summary_large_image","twitter_misc":{"Est. reading time":"1 minuto"},"schema":{"@context":"https:\/\/schema.org","@graph":[{"@type":"WebPage","@id":"https:\/\/www.prociency.com\/es\/cuentanos-tu-historia\/","url":"https:\/\/www.prociency.com\/es\/cuentanos-tu-historia\/","name":"Cu\u00e9ntanos tu historia - Prociency","isPartOf":{"@id":"https:\/\/www.prociency.com\/es\/#website"},"datePublished":"2021-12-01T17:20:45+00:00","dateModified":"2024-07-01T09:46:07+00:00","description":"Contacta con Prociency para impulsar la digitalizaci\u00f3n de tu empresa. Tu socio en transformaci\u00f3n digital.","breadcrumb":{"@id":"https:\/\/www.prociency.com\/es\/cuentanos-tu-historia\/#breadcrumb"},"inLanguage":"es","potentialAction":[{"@type":"ReadAction","target":["https:\/\/www.prociency.com\/es\/cuentanos-tu-historia\/"]}]},{"@type":"BreadcrumbList","@id":"https:\/\/www.prociency.com\/es\/cuentanos-tu-historia\/#breadcrumb","itemListElement":[{"@type":"ListItem","position":1,"name":"Home","item":"https:\/\/www.prociency.com\/es\/"},{"@type":"ListItem","position":2,"name":"Cu\u00e9ntanos tu historia"}]},{"@type":"WebSite","@id":"https:\/\/www.prociency.com\/es\/#website","url":"https:\/\/www.prociency.com\/es\/","name":"Prociency","description":"Prociency","publisher":{"@id":"https:\/\/www.prociency.com\/es\/#organization"},"potentialAction":[{"@type":"SearchAction","target":{"@type":"EntryPoint","urlTemplate":"https:\/\/www.prociency.com\/es\/?s={search_term_string}"},"query-input":"required name=search_term_string"}],"inLanguage":"es"},{"@type":"Organization","@id":"https:\/\/www.prociency.com\/es\/#organization","name":"Prociency","url":"https:\/\/www.prociency.com\/es\/","logo":{"@type":"ImageObject","inLanguage":"es","@id":"https:\/\/www.prociency.com\/es\/#\/schema\/logo\/image\/","url":"https:\/\/prociency.developallin.com\/wp-content\/uploads\/2021\/10\/logo-prociency-negative.svg","contentUrl":"https:\/\/prociency.developallin.com\/wp-content\/uploads\/2021\/10\/logo-prociency-negative.svg","width":1,"height":1,"caption":"Prociency"},"image":{"@id":"https:\/\/www.prociency.com\/es\/#\/schema\/logo\/image\/"}}]}},"_links":{"self":[{"href":"https:\/\/www.prociency.com\/es\/wp-json\/wp\/v2\/pages\/530"}],"collection":[{"href":"https:\/\/www.prociency.com\/es\/wp-json\/wp\/v2\/pages"}],"about":[{"href":"https:\/\/www.prociency.com\/es\/wp-json\/wp\/v2\/types\/page"}],"author":[{"embeddable":true,"href":"https:\/\/www.prociency.com\/es\/wp-json\/wp\/v2\/users\/1"}],"replies":[{"embeddable":true,"href":"https:\/\/www.prociency.com\/es\/wp-json\/wp\/v2\/comments?post=530"}],"version-history":[{"count":38,"href":"https:\/\/www.prociency.com\/es\/wp-json\/wp\/v2\/pages\/530\/revisions"}],"predecessor-version":[{"id":3577,"href":"https:\/\/www.prociency.com\/es\/wp-json\/wp\/v2\/pages\/530\/revisions\/3577"}],"wp:attachment":[{"href":"https:\/\/www.prociency.com\/es\/wp-json\/wp\/v2\/media?parent=530"}],"curies":[{"name":"wp","href":"https:\/\/api.w.org\/{rel}","templated":true}]}}