{"id":512,"date":"2021-12-01T18:13:32","date_gmt":"2021-12-01T17:13:32","guid":{"rendered":"https:\/\/prociency.developallin.com\/?page_id=512"},"modified":"2024-01-26T15:13:18","modified_gmt":"2024-01-26T14:13:18","slug":"quienes-somos","status":"publish","type":"page","link":"https:\/\/www.prociency.com\/es\/quienes-somos\/","title":{"rendered":"Qui\u00e9nes somos"},"content":{"rendered":"<p>[vc_row row_height_percent=\u00bb0&#8243; override_padding=\u00bbyes\u00bb h_padding=\u00bb0&#8243; top_padding=\u00bb3&#8243; bottom_padding=\u00bb3&#8243; overlay_alpha=\u00bb50&#8243; gutter_size=\u00bb3&#8243; column_width_percent=\u00bb100&#8243; shift_y=\u00bb0&#8243; z_index=\u00bb0&#8243; uncode_shortcode_id=\u00bb784059&#8243;][vc_column column_width_percent=\u00bb100&#8243; align_horizontal=\u00bbalign_center\u00bb gutter_size=\u00bb3&#8243; override_padding=\u00bbyes\u00bb column_padding=\u00bb2&#8243; overlay_alpha=\u00bb50&#8243; shift_x=\u00bb0&#8243; shift_y=\u00bb0&#8243; shift_y_down=\u00bb0&#8243; z_index=\u00bb0&#8243; medium_width=\u00bb0&#8243; mobile_width=\u00bb0&#8243; width=\u00bb1\/1&#8243; uncode_shortcode_id=\u00bb640628&#8243;][vc_custom_heading uncode_shortcode_id=\u00bb203808&#8243;]Creemos en nuestra capacidad de innovaci\u00f3n y de desarrollo[\/vc_custom_heading][vc_column_text uncode_shortcode_id=\u00bb137325&#8243;]Creemos en nuestra capacidad de innovaci\u00f3n y de desarrollo\u00a0a medida de nuevas soluciones para nuestros clientes,\u00a0nos hacemos cargo de las inversiones necesarias y acompa\u00f1amos a nuestros clientes en el cambio cultural\u00a0que implica la transformaci\u00f3n digital de las empresas.[\/vc_column_text][\/vc_column][\/vc_row][vc_row row_height_percent=\u00bb0&#8243; override_padding=\u00bbyes\u00bb h_padding=\u00bb0&#8243; top_padding=\u00bb0&#8243; bottom_padding=\u00bb0&#8243; overlay_alpha=\u00bb50&#8243; gutter_size=\u00bb3&#8243; column_width_percent=\u00bb100&#8243; shift_y=\u00bb0&#8243; z_index=\u00bb0&#8243; uncode_shortcode_id=\u00bb771123&#8243;][vc_column column_width_percent=\u00bb100&#8243; gutter_size=\u00bb3&#8243; override_padding=\u00bbyes\u00bb column_padding=\u00bb2&#8243; overlay_alpha=\u00bb50&#8243; shift_x=\u00bb0&#8243; shift_y=\u00bb0&#8243; shift_y_down=\u00bb0&#8243; z_index=\u00bb0&#8243; medium_width=\u00bb0&#8243; mobile_width=\u00bb0&#8243; width=\u00bb1\/2&#8243; uncode_shortcode_id=\u00bb501224&#8243;][vc_custom_heading uncode_shortcode_id=\u00bb171202&#8243; el_class=\u00bbright-line-header\u00bb]Qui\u00e9nes somos<\/p>\n<p>Somos la posibilidad de dar paso a la transformaci\u00f3n digital[\/vc_custom_heading][vc_column_text uncode_shortcode_id=\u00bb109239&#8243;]Para nuestros clientes\u00a0<strong>somos la posibilidad de dar paso a la <a href=\"\/es\/transformacion-digital\/\">transformaci\u00f3n digital<\/a><\/strong>\u00a0de sus organizaciones.<\/p>\n<p>Facilitamos el acceso a la transformaci\u00f3n digital eliminando la necesidad de inversiones iniciales y poniendo el <strong>foco en escuchar y entender<\/strong> las necesidades concretas de cada cliente y en <strong>acompa\u00f1arlo en la implantaci\u00f3n<\/strong> de las soluciones tecnol\u00f3gicas a su ritmo, org\u00e1nicamente, <strong>sin generar tensiones y malestar organizacional<\/strong>.[\/vc_column_text][\/vc_column][vc_column column_width_percent=\u00bb80&#8243; gutter_size=\u00bb0&#8243; override_padding=\u00bbyes\u00bb column_padding=\u00bb2&#8243; overlay_alpha=\u00bb50&#8243; shift_x=\u00bb0&#8243; shift_y=\u00bb0&#8243; shift_y_down=\u00bb0&#8243; z_index=\u00bb0&#8243; medium_width=\u00bb0&#8243; mobile_width=\u00bb0&#8243; width=\u00bb1\/2&#8243; uncode_shortcode_id=\u00bb344137&#8243; back_color_type=\u00bbuncode-solid\u00bb][vc_single_image media=\u00bb1040&#8243; media_lightbox=\u00bbyes\u00bb media_width_percent=\u00bb100&#8243; uncode_shortcode_id=\u00bb332336&#8243;][\/vc_column][\/vc_row][vc_row row_height_percent=\u00bb0&#8243; override_padding=\u00bbyes\u00bb h_padding=\u00bb3&#8243; top_padding=\u00bb3&#8243; bottom_padding=\u00bb5&#8243; overlay_alpha=\u00bb50&#8243; gutter_size=\u00bb3&#8243; column_width_percent=\u00bb100&#8243; shift_y=\u00bb0&#8243; z_index=\u00bb0&#8243; uncode_shortcode_id=\u00bb524790&#8243;][vc_column column_width_percent=\u00bb100&#8243; position_horizontal=\u00bbleft\u00bb gutter_size=\u00bb3&#8243; override_padding=\u00bbyes\u00bb column_padding=\u00bb0&#8243; overlay_alpha=\u00bb50&#8243; shift_x=\u00bb0&#8243; shift_y=\u00bb0&#8243; shift_y_down=\u00bb0&#8243; z_index=\u00bb0&#8243; medium_width=\u00bb0&#8243; mobile_width=\u00bb0&#8243; width=\u00bb1\/4&#8243; uncode_shortcode_id=\u00bb178604&#8243; el_class=\u00bbnot-pad-left\u00bb][vc_column_text uncode_shortcode_id=\u00bb750317&#8243; el_class=\u00bbblockquote-title\u00bb]<\/p>\n<blockquote><p>Aportamos eficacia y tranquilidad en la atenci\u00f3n de las necesidades de nuestros clientes<\/p><\/blockquote>\n<p>[\/vc_column_text][\/vc_column][vc_column column_width_percent=\u00bb100&#8243; gutter_size=\u00bb3&#8243; override_padding=\u00bbyes\u00bb column_padding=\u00bb0&#8243; overlay_alpha=\u00bb50&#8243; shift_x=\u00bb0&#8243; shift_y=\u00bb0&#8243; shift_y_down=\u00bb0&#8243; z_index=\u00bb0&#8243; medium_width=\u00bb0&#8243; mobile_width=\u00bb0&#8243; width=\u00bb3\/4&#8243; uncode_shortcode_id=\u00bb810864&#8243;][vc_column_text uncode_shortcode_id=\u00bb107153&#8243;]Un equipo de soporte formado para dar respuesta inmediata a la operaciones diarias de nuestros clientes.<\/p>\n<p>Nuestro staff directivo est\u00e1 formado con personas de amplia experiencia en el sector tecnol\u00f3gico y de gesti\u00f3n de empresas.[\/vc_column_text][\/vc_column][\/vc_row][vc_row row_height_percent=\u00bb0&#8243; override_padding=\u00bbyes\u00bb h_padding=\u00bb0&#8243; top_padding=\u00bb3&#8243; bottom_padding=\u00bb3&#8243; overlay_alpha=\u00bb50&#8243; gutter_size=\u00bb3&#8243; column_width_percent=\u00bb100&#8243; shift_y=\u00bb0&#8243; z_index=\u00bb0&#8243; uncode_shortcode_id=\u00bb246031&#8243; back_color_type=\u00bbuncode-solid\u00bb back_color_solid=\u00bb#f8f8f8&#8243;][vc_column column_width_percent=\u00bb100&#8243; align_horizontal=\u00bbalign_center\u00bb gutter_size=\u00bb3&#8243; override_padding=\u00bbyes\u00bb column_padding=\u00bb2&#8243; overlay_alpha=\u00bb50&#8243; shift_x=\u00bb0&#8243; shift_y=\u00bb0&#8243; shift_y_down=\u00bb0&#8243; z_index=\u00bb0&#8243; medium_width=\u00bb0&#8243; mobile_width=\u00bb0&#8243; width=\u00bb1\/1&#8243; uncode_shortcode_id=\u00bb134303&#8243;][vc_custom_heading uncode_shortcode_id=\u00bb186419&#8243;]Somos una compa\u00f1\u00eda con presencia internacional[\/vc_custom_heading][vc_column_text uncode_shortcode_id=\u00bb205199&#8243;]Nuestras oficinas de Madrid, Barcelona y Toronto nos permiten acompa\u00f1ar a nuestros clientes en el proceso de internacionalizaci\u00f3n de sus operaciones, aline\u00e1ndonos con su estrategia local y global.[\/vc_column_text][vc_single_image media=\u00bb672&#8243; media_width_percent=\u00bb100&#8243; uncode_shortcode_id=\u00bb321308&#8243;][\/vc_column][\/vc_row]<\/p>\n","protected":false},"excerpt":{"rendered":"<p>Somos un equipo propio de ingenieros y desarrolladores que dise\u00f1an,<br \/>\nrealizan y mantienen todas nuestras soluciones digitales.<\/p>\n","protected":false},"author":1,"featured_media":0,"parent":0,"menu_order":0,"comment_status":"closed","ping_status":"closed","template":"","meta":[],"yoast_head":"<!-- This site is optimized with the Yoast SEO plugin v20.8 - https:\/\/yoast.com\/wordpress\/plugins\/seo\/ -->\n<title>Qui\u00e9nes somos - Prociency<\/title>\n<meta name=\"description\" content=\"Descubre Prociency: Tu aliado en la transformaci\u00f3n digital. Sin inversiones iniciales, con un equipo experto que garantiza eficacia y tranquilidad. \u00a1Con\u00f3cenos ahora!\" \/>\n<meta name=\"robots\" content=\"index, follow, max-snippet:-1, max-image-preview:large, max-video-preview:-1\" \/>\n<link rel=\"canonical\" href=\"https:\/\/www.prociency.com\/es\/quienes-somos\/\" \/>\n<meta property=\"og:locale\" content=\"es_ES\" \/>\n<meta property=\"og:type\" content=\"article\" \/>\n<meta property=\"og:title\" content=\"Qui\u00e9nes somos - Prociency\" \/>\n<meta property=\"og:description\" content=\"Descubre Prociency: Tu aliado en la transformaci\u00f3n digital. Sin inversiones iniciales, con un equipo experto que garantiza eficacia y tranquilidad. \u00a1Con\u00f3cenos ahora!\" \/>\n<meta property=\"og:url\" content=\"https:\/\/www.prociency.com\/es\/quienes-somos\/\" \/>\n<meta property=\"og:site_name\" content=\"Prociency\" \/>\n<meta property=\"article:modified_time\" content=\"2024-01-26T14:13:18+00:00\" \/>\n<meta name=\"twitter:card\" content=\"summary_large_image\" \/>\n<meta name=\"twitter:label1\" content=\"Est. reading time\" \/>\n\t<meta name=\"twitter:data1\" content=\"2 minutos\" \/>\n<script type=\"application\/ld+json\" class=\"yoast-schema-graph\">{\"@context\":\"https:\/\/schema.org\",\"@graph\":[{\"@type\":\"WebPage\",\"@id\":\"https:\/\/www.prociency.com\/es\/quienes-somos\/\",\"url\":\"https:\/\/www.prociency.com\/es\/quienes-somos\/\",\"name\":\"Qui\u00e9nes somos - Prociency\",\"isPartOf\":{\"@id\":\"https:\/\/www.prociency.com\/es\/#website\"},\"datePublished\":\"2021-12-01T17:13:32+00:00\",\"dateModified\":\"2024-01-26T14:13:18+00:00\",\"description\":\"Descubre Prociency: Tu aliado en la transformaci\u00f3n digital. Sin inversiones iniciales, con un equipo experto que garantiza eficacia y tranquilidad. \u00a1Con\u00f3cenos ahora!\",\"breadcrumb\":{\"@id\":\"https:\/\/www.prociency.com\/es\/quienes-somos\/#breadcrumb\"},\"inLanguage\":\"es\",\"potentialAction\":[{\"@type\":\"ReadAction\",\"target\":[\"https:\/\/www.prociency.com\/es\/quienes-somos\/\"]}]},{\"@type\":\"BreadcrumbList\",\"@id\":\"https:\/\/www.prociency.com\/es\/quienes-somos\/#breadcrumb\",\"itemListElement\":[{\"@type\":\"ListItem\",\"position\":1,\"name\":\"Home\",\"item\":\"https:\/\/www.prociency.com\/es\/\"},{\"@type\":\"ListItem\",\"position\":2,\"name\":\"Qui\u00e9nes somos\"}]},{\"@type\":\"WebSite\",\"@id\":\"https:\/\/www.prociency.com\/es\/#website\",\"url\":\"https:\/\/www.prociency.com\/es\/\",\"name\":\"Prociency\",\"description\":\"Prociency\",\"publisher\":{\"@id\":\"https:\/\/www.prociency.com\/es\/#organization\"},\"potentialAction\":[{\"@type\":\"SearchAction\",\"target\":{\"@type\":\"EntryPoint\",\"urlTemplate\":\"https:\/\/www.prociency.com\/es\/?s={search_term_string}\"},\"query-input\":\"required name=search_term_string\"}],\"inLanguage\":\"es\"},{\"@type\":\"Organization\",\"@id\":\"https:\/\/www.prociency.com\/es\/#organization\",\"name\":\"Prociency\",\"url\":\"https:\/\/www.prociency.com\/es\/\",\"logo\":{\"@type\":\"ImageObject\",\"inLanguage\":\"es\",\"@id\":\"https:\/\/www.prociency.com\/es\/#\/schema\/logo\/image\/\",\"url\":\"https:\/\/prociency.developallin.com\/wp-content\/uploads\/2021\/10\/logo-prociency-negative.svg\",\"contentUrl\":\"https:\/\/prociency.developallin.com\/wp-content\/uploads\/2021\/10\/logo-prociency-negative.svg\",\"width\":1,\"height\":1,\"caption\":\"Prociency\"},\"image\":{\"@id\":\"https:\/\/www.prociency.com\/es\/#\/schema\/logo\/image\/\"}}]}<\/script>\n<!-- \/ Yoast SEO plugin. -->","yoast_head_json":{"title":"Qui\u00e9nes somos - Prociency","description":"Descubre Prociency: Tu aliado en la transformaci\u00f3n digital. Sin inversiones iniciales, con un equipo experto que garantiza eficacia y tranquilidad. \u00a1Con\u00f3cenos ahora!","robots":{"index":"index","follow":"follow","max-snippet":"max-snippet:-1","max-image-preview":"max-image-preview:large","max-video-preview":"max-video-preview:-1"},"canonical":"https:\/\/www.prociency.com\/es\/quienes-somos\/","og_locale":"es_ES","og_type":"article","og_title":"Qui\u00e9nes somos - Prociency","og_description":"Descubre Prociency: Tu aliado en la transformaci\u00f3n digital. Sin inversiones iniciales, con un equipo experto que garantiza eficacia y tranquilidad. \u00a1Con\u00f3cenos ahora!","og_url":"https:\/\/www.prociency.com\/es\/quienes-somos\/","og_site_name":"Prociency","article_modified_time":"2024-01-26T14:13:18+00:00","twitter_card":"summary_large_image","twitter_misc":{"Est. reading time":"2 minutos"},"schema":{"@context":"https:\/\/schema.org","@graph":[{"@type":"WebPage","@id":"https:\/\/www.prociency.com\/es\/quienes-somos\/","url":"https:\/\/www.prociency.com\/es\/quienes-somos\/","name":"Qui\u00e9nes somos - Prociency","isPartOf":{"@id":"https:\/\/www.prociency.com\/es\/#website"},"datePublished":"2021-12-01T17:13:32+00:00","dateModified":"2024-01-26T14:13:18+00:00","description":"Descubre Prociency: Tu aliado en la transformaci\u00f3n digital. Sin inversiones iniciales, con un equipo experto que garantiza eficacia y tranquilidad. \u00a1Con\u00f3cenos ahora!","breadcrumb":{"@id":"https:\/\/www.prociency.com\/es\/quienes-somos\/#breadcrumb"},"inLanguage":"es","potentialAction":[{"@type":"ReadAction","target":["https:\/\/www.prociency.com\/es\/quienes-somos\/"]}]},{"@type":"BreadcrumbList","@id":"https:\/\/www.prociency.com\/es\/quienes-somos\/#breadcrumb","itemListElement":[{"@type":"ListItem","position":1,"name":"Home","item":"https:\/\/www.prociency.com\/es\/"},{"@type":"ListItem","position":2,"name":"Qui\u00e9nes somos"}]},{"@type":"WebSite","@id":"https:\/\/www.prociency.com\/es\/#website","url":"https:\/\/www.prociency.com\/es\/","name":"Prociency","description":"Prociency","publisher":{"@id":"https:\/\/www.prociency.com\/es\/#organization"},"potentialAction":[{"@type":"SearchAction","target":{"@type":"EntryPoint","urlTemplate":"https:\/\/www.prociency.com\/es\/?s={search_term_string}"},"query-input":"required name=search_term_string"}],"inLanguage":"es"},{"@type":"Organization","@id":"https:\/\/www.prociency.com\/es\/#organization","name":"Prociency","url":"https:\/\/www.prociency.com\/es\/","logo":{"@type":"ImageObject","inLanguage":"es","@id":"https:\/\/www.prociency.com\/es\/#\/schema\/logo\/image\/","url":"https:\/\/prociency.developallin.com\/wp-content\/uploads\/2021\/10\/logo-prociency-negative.svg","contentUrl":"https:\/\/prociency.developallin.com\/wp-content\/uploads\/2021\/10\/logo-prociency-negative.svg","width":1,"height":1,"caption":"Prociency"},"image":{"@id":"https:\/\/www.prociency.com\/es\/#\/schema\/logo\/image\/"}}]}},"_links":{"self":[{"href":"https:\/\/www.prociency.com\/es\/wp-json\/wp\/v2\/pages\/512"}],"collection":[{"href":"https:\/\/www.prociency.com\/es\/wp-json\/wp\/v2\/pages"}],"about":[{"href":"https:\/\/www.prociency.com\/es\/wp-json\/wp\/v2\/types\/page"}],"author":[{"embeddable":true,"href":"https:\/\/www.prociency.com\/es\/wp-json\/wp\/v2\/users\/1"}],"replies":[{"embeddable":true,"href":"https:\/\/www.prociency.com\/es\/wp-json\/wp\/v2\/comments?post=512"}],"version-history":[{"count":58,"href":"https:\/\/www.prociency.com\/es\/wp-json\/wp\/v2\/pages\/512\/revisions"}],"predecessor-version":[{"id":1278,"href":"https:\/\/www.prociency.com\/es\/wp-json\/wp\/v2\/pages\/512\/revisions\/1278"}],"wp:attachment":[{"href":"https:\/\/www.prociency.com\/es\/wp-json\/wp\/v2\/media?parent=512"}],"curies":[{"name":"wp","href":"https:\/\/api.w.org\/{rel}","templated":true}]}}