{"id":486,"date":"2021-12-01T16:30:13","date_gmt":"2021-12-01T15:30:13","guid":{"rendered":"https:\/\/prociency.developallin.com\/?page_id=486"},"modified":"2024-01-26T15:00:50","modified_gmt":"2024-01-26T14:00:50","slug":"inspecciones-y-auditorias","status":"publish","type":"page","link":"https:\/\/www.prociency.com\/es\/inspecciones-y-auditorias\/","title":{"rendered":"Inspecciones y auditor\u00edas"},"content":{"rendered":"<p>[vc_row row_height_percent=\u00bb0&#8243; override_padding=\u00bbyes\u00bb h_padding=\u00bb2&#8243; top_padding=\u00bb2&#8243; bottom_padding=\u00bb3&#8243; overlay_alpha=\u00bb50&#8243; gutter_size=\u00bb3&#8243; column_width_percent=\u00bb100&#8243; shift_y=\u00bb0&#8243; z_index=\u00bb0&#8243; uncode_shortcode_id=\u00bb654540&#8243; css=\u00bb.vc_custom_1672230998933{padding-top: 60px !important;}\u00bb][vc_column column_width_percent=\u00bb100&#8243; position_vertical=\u00bbmiddle\u00bb gutter_size=\u00bb3&#8243; overlay_alpha=\u00bb50&#8243; shift_x=\u00bb0&#8243; shift_y=\u00bb0&#8243; shift_y_down=\u00bb0&#8243; z_index=\u00bb0&#8243; medium_width=\u00bb0&#8243; mobile_width=\u00bb0&#8243; width=\u00bb1\/2&#8243; uncode_shortcode_id=\u00bb118770&#8243;][vc_single_image media=\u00bb2203&#8243; media_width_percent=\u00bb100&#8243; shape=\u00bbimg-round\u00bb radius=\u00bbstd\u00bb shadow=\u00bbyes\u00bb shadow_weight=\u00bbsm\u00bb uncode_shortcode_id=\u00bb139148&#8243;][\/vc_column][vc_column column_width_percent=\u00bb100&#8243; position_vertical=\u00bbmiddle\u00bb gutter_size=\u00bb3&#8243; overlay_alpha=\u00bb50&#8243; shift_x=\u00bb0&#8243; shift_y=\u00bb0&#8243; shift_y_down=\u00bb0&#8243; z_index=\u00bb0&#8243; medium_width=\u00bb0&#8243; mobile_width=\u00bb0&#8243; width=\u00bb1\/2&#8243; uncode_shortcode_id=\u00bb148234&#8243;][vc_custom_heading uncode_shortcode_id=\u00bb157598&#8243;]<strong>Control \u201cin situ\u201d con datos sincronizados en tiempo real<\/strong>[\/vc_custom_heading][vc_column_text uncode_shortcode_id=\u00bb973472&#8243;]<strong>Control directo de toda la cadena de contrataci\u00f3n y subcontrataci\u00f3n.<\/strong>[\/vc_column_text][\/vc_column][\/vc_row][vc_row row_height_percent=\u00bb0&#8243; back_color=\u00bbcolor-lxmt\u00bb overlay_alpha=\u00bb50&#8243; equal_height=\u00bbyes\u00bb gutter_size=\u00bb3&#8243; column_width_percent=\u00bb100&#8243; shift_y=\u00bb0&#8243; z_index=\u00bb0&#8243; uncode_shortcode_id=\u00bb181950&#8243; css=\u00bb.vc_custom_1672231576095{padding-top: 60px !important;padding-bottom: 60px !important;}\u00bb back_color_type=\u00bbuncode-palette\u00bb][vc_column column_width_percent=\u00bb100&#8243; position_vertical=\u00bbmiddle\u00bb gutter_size=\u00bb3&#8243; overlay_alpha=\u00bb50&#8243; shift_x=\u00bb0&#8243; shift_y=\u00bb0&#8243; shift_y_down=\u00bb0&#8243; z_index=\u00bb0&#8243; medium_width=\u00bb0&#8243; mobile_width=\u00bb0&#8243; width=\u00bb1\/2&#8243; uncode_shortcode_id=\u00bb102854&#8243;][vc_custom_heading uncode_shortcode_id=\u00bb124417&#8243; el_class=\u00bbright-line-header\u00bb subheading=\u00bbInspecci\u00f3n a contratisas\u00bb]Beneficios[\/vc_custom_heading][vc_column_text uncode_shortcode_id=\u00bb111963&#8243; el_class=\u00bbfeatured-list\u00bb]<strong>Verifica todos los aspectos legales de forma eficiente y centralizada.<\/strong><\/p>\n<ul>\n<li><strong>Garantizar el cumplimiento de todas as obligaciones contractuales.<\/strong><\/li>\n<li><strong>Obtener control verificado y documental<\/strong> de todos los aspectos relacionados con la seguridad, salud, medio ambiente, calidad de los proyectos.<\/li>\n<li><strong>Disponer de toda la informaci\u00f3n de forma consistente y en tiempo real<\/strong> para controlar deviaciones, <strong>incumplimientos<\/strong> y poder <strong>tomar<\/strong> <strong>decisiones<\/strong> eficientes.<\/li>\n<\/ul>\n<p>[\/vc_column_text][\/vc_column][vc_column width=\u00bb1\/2&#8243;][vc_single_image media=\u00bb1037&#8243; media_width_percent=\u00bb100&#8243; alignment=\u00bbcenter\u00bb shape=\u00bbimg-round\u00bb radius=\u00bbstd\u00bb shadow=\u00bbyes\u00bb shadow_weight=\u00bbsm\u00bb uncode_shortcode_id=\u00bb133445&#8243;][\/vc_column][\/vc_row][vc_row row_height_percent=\u00bb0&#8243; overlay_alpha=\u00bb50&#8243; gutter_size=\u00bb3&#8243; column_width_percent=\u00bb100&#8243; shift_y=\u00bb0&#8243; z_index=\u00bb0&#8243; uncode_shortcode_id=\u00bb426673&#8243; css=\u00bb.vc_custom_1672231570378{padding-top: 60px !important;padding-bottom: 30px !important;}\u00bb][vc_column width=\u00bb1\/1&#8243;][vc_custom_heading uncode_shortcode_id=\u00bb121083&#8243; el_class=\u00bbright-line-header\u00bb subheading=\u00bbInspecci\u00f3n a contratistas\u00bb]Funcionalidades principales[\/vc_custom_heading][vc_column_text uncode_shortcode_id=\u00bb156961&#8243;]<strong>La garant\u00eda de una soluci\u00f3n con miles de inspecciones realizadas satisfactoriamente.<\/strong>[\/vc_column_text][vc_row_inner][vc_column_inner width=\u00bb1\/1&#8243;][vc_column_text uncode_shortcode_id=\u00bb453610&#8243; el_class=\u00bbfeatured-column-list\u00bb]<\/p>\n<ul>\n<li><strong>Aplicaci\u00f3n m\u00f3vil para la realizaci\u00f3n de inspecciones a pie de obra<\/strong>, sincronizada en tiempo real.<\/li>\n<li><strong>Formularios totalmente configurables<\/strong>: tipolog\u00edas de inspector, de inspecci\u00f3n y flujos asociados, configuraci\u00f3n de instalaciones y maquinaria, \u2026<\/li>\n<li><strong>Informes instant\u00e1neos y comunicados<\/strong> a todos los afectados.<\/li>\n<li>Gesti\u00f3n de <strong>incidencias y observaciones<\/strong>, seguimiento <strong>de ejecuci\u00f3n y validaci\u00f3n de las medidas correctoras<\/strong>.<\/li>\n<li><strong>Informes hist\u00f3ricos<\/strong>, y a medida para el control de los aspectos clave, reincidencias, \u00e1reas de mejora\u2026<\/li>\n<\/ul>\n<p>[\/vc_column_text][\/vc_column_inner][\/vc_row_inner][\/vc_column][\/vc_row][vc_row row_height_percent=\u00bb0&#8243; override_padding=\u00bbyes\u00bb h_padding=\u00bb2&#8243; top_padding=\u00bb0&#8243; bottom_padding=\u00bb3&#8243; overlay_alpha=\u00bb50&#8243; gutter_size=\u00bb3&#8243; column_width_percent=\u00bb100&#8243; shift_y=\u00bb0&#8243; z_index=\u00bb0&#8243; uncode_shortcode_id=\u00bb959525&#8243;][vc_column width=\u00bb1\/1&#8243;][vc_single_image media=\u00bb3119&#8243; media_lightbox=\u00bbyes\u00bb media_width_percent=\u00bb100&#8243; shape=\u00bbimg-round\u00bb radius=\u00bbstd\u00bb shadow=\u00bbyes\u00bb shadow_weight=\u00bbsm\u00bb uncode_shortcode_id=\u00bb103642&#8243; el_class=\u00bbsingle-img\u00bb][\/vc_column][\/vc_row]<\/p>\n","protected":false},"excerpt":{"rendered":"<p>[vc_row row_height_percent=\u00bb0&#8243; override_padding=\u00bbyes\u00bb h_padding=\u00bb2&#8243; top_padding=\u00bb2&#8243; bottom_padding=\u00bb3&#8243; overlay_alpha=\u00bb50&#8243; gutter_size=\u00bb3&#8243; column_width_percent=\u00bb100&#8243; shift_y=\u00bb0&#8243; z_index=\u00bb0&#8243; uncode_shortcode_id=\u00bb654540&#8243; css=\u00bb.vc_custom_1672230998933{padding-top: 60px !important;}\u00bb][vc_column column_width_percent=\u00bb100&#8243; position_vertical=\u00bbmiddle\u00bb gutter_size=\u00bb3&#8243; overlay_alpha=\u00bb50&#8243; shift_x=\u00bb0&#8243; [&hellip;]<\/p>\n","protected":false},"author":1,"featured_media":931,"parent":0,"menu_order":0,"comment_status":"closed","ping_status":"closed","template":"","meta":[],"yoast_head":"<!-- This site is optimized with the Yoast SEO plugin v20.8 - https:\/\/yoast.com\/wordpress\/plugins\/seo\/ -->\n<title>Inspecciones y auditor\u00edas - Prociency<\/title>\n<meta name=\"description\" content=\"En Prociency, ofrecemos productos digitales personalizados para Inspecciones y auditor\u00edas . \u00a1Acompa\u00f1amos tu trayectoria con soluciones dise\u00f1adas exclusivamente para ti!\" \/>\n<meta name=\"robots\" content=\"index, follow, max-snippet:-1, max-image-preview:large, max-video-preview:-1\" \/>\n<link rel=\"canonical\" href=\"https:\/\/www.prociency.com\/es\/inspecciones-y-auditorias\/\" \/>\n<meta property=\"og:locale\" content=\"es_ES\" \/>\n<meta property=\"og:type\" content=\"article\" \/>\n<meta property=\"og:title\" content=\"Inspecciones y auditor\u00edas - Prociency\" \/>\n<meta property=\"og:description\" content=\"En Prociency, ofrecemos productos digitales personalizados para Inspecciones y auditor\u00edas . \u00a1Acompa\u00f1amos tu trayectoria con soluciones dise\u00f1adas exclusivamente para ti!\" \/>\n<meta property=\"og:url\" content=\"https:\/\/www.prociency.com\/es\/inspecciones-y-auditorias\/\" \/>\n<meta property=\"og:site_name\" content=\"Prociency\" \/>\n<meta property=\"article:modified_time\" content=\"2024-01-26T14:00:50+00:00\" \/>\n<meta name=\"twitter:card\" content=\"summary_large_image\" \/>\n<meta name=\"twitter:image\" content=\"https:\/\/www.prociency.com\/wp-content\/uploads\/2021\/12\/icons-pro-08-1.svg\" \/>\n<meta name=\"twitter:label1\" content=\"Est. reading time\" \/>\n\t<meta name=\"twitter:data1\" content=\"2 minutos\" \/>\n<script type=\"application\/ld+json\" class=\"yoast-schema-graph\">{\"@context\":\"https:\/\/schema.org\",\"@graph\":[{\"@type\":\"WebPage\",\"@id\":\"https:\/\/www.prociency.com\/es\/inspecciones-y-auditorias\/\",\"url\":\"https:\/\/www.prociency.com\/es\/inspecciones-y-auditorias\/\",\"name\":\"Inspecciones y auditor\u00edas - Prociency\",\"isPartOf\":{\"@id\":\"https:\/\/www.prociency.com\/es\/#website\"},\"datePublished\":\"2021-12-01T15:30:13+00:00\",\"dateModified\":\"2024-01-26T14:00:50+00:00\",\"description\":\"En Prociency, ofrecemos productos digitales personalizados para Inspecciones y auditor\u00edas . \u00a1Acompa\u00f1amos tu trayectoria con soluciones dise\u00f1adas exclusivamente para ti!\",\"breadcrumb\":{\"@id\":\"https:\/\/www.prociency.com\/es\/inspecciones-y-auditorias\/#breadcrumb\"},\"inLanguage\":\"es\",\"potentialAction\":[{\"@type\":\"ReadAction\",\"target\":[\"https:\/\/www.prociency.com\/es\/inspecciones-y-auditorias\/\"]}]},{\"@type\":\"BreadcrumbList\",\"@id\":\"https:\/\/www.prociency.com\/es\/inspecciones-y-auditorias\/#breadcrumb\",\"itemListElement\":[{\"@type\":\"ListItem\",\"position\":1,\"name\":\"Home\",\"item\":\"https:\/\/www.prociency.com\/es\/\"},{\"@type\":\"ListItem\",\"position\":2,\"name\":\"Inspecciones y auditor\u00edas\"}]},{\"@type\":\"WebSite\",\"@id\":\"https:\/\/www.prociency.com\/es\/#website\",\"url\":\"https:\/\/www.prociency.com\/es\/\",\"name\":\"Prociency\",\"description\":\"Prociency\",\"publisher\":{\"@id\":\"https:\/\/www.prociency.com\/es\/#organization\"},\"potentialAction\":[{\"@type\":\"SearchAction\",\"target\":{\"@type\":\"EntryPoint\",\"urlTemplate\":\"https:\/\/www.prociency.com\/es\/?s={search_term_string}\"},\"query-input\":\"required name=search_term_string\"}],\"inLanguage\":\"es\"},{\"@type\":\"Organization\",\"@id\":\"https:\/\/www.prociency.com\/es\/#organization\",\"name\":\"Prociency\",\"url\":\"https:\/\/www.prociency.com\/es\/\",\"logo\":{\"@type\":\"ImageObject\",\"inLanguage\":\"es\",\"@id\":\"https:\/\/www.prociency.com\/es\/#\/schema\/logo\/image\/\",\"url\":\"https:\/\/prociency.developallin.com\/wp-content\/uploads\/2021\/10\/logo-prociency-negative.svg\",\"contentUrl\":\"https:\/\/prociency.developallin.com\/wp-content\/uploads\/2021\/10\/logo-prociency-negative.svg\",\"width\":1,\"height\":1,\"caption\":\"Prociency\"},\"image\":{\"@id\":\"https:\/\/www.prociency.com\/es\/#\/schema\/logo\/image\/\"}}]}<\/script>\n<!-- \/ Yoast SEO plugin. -->","yoast_head_json":{"title":"Inspecciones y auditor\u00edas - Prociency","description":"En Prociency, ofrecemos productos digitales personalizados para Inspecciones y auditor\u00edas . \u00a1Acompa\u00f1amos tu trayectoria con soluciones dise\u00f1adas exclusivamente para ti!","robots":{"index":"index","follow":"follow","max-snippet":"max-snippet:-1","max-image-preview":"max-image-preview:large","max-video-preview":"max-video-preview:-1"},"canonical":"https:\/\/www.prociency.com\/es\/inspecciones-y-auditorias\/","og_locale":"es_ES","og_type":"article","og_title":"Inspecciones y auditor\u00edas - Prociency","og_description":"En Prociency, ofrecemos productos digitales personalizados para Inspecciones y auditor\u00edas . \u00a1Acompa\u00f1amos tu trayectoria con soluciones dise\u00f1adas exclusivamente para ti!","og_url":"https:\/\/www.prociency.com\/es\/inspecciones-y-auditorias\/","og_site_name":"Prociency","article_modified_time":"2024-01-26T14:00:50+00:00","twitter_card":"summary_large_image","twitter_image":"https:\/\/www.prociency.com\/wp-content\/uploads\/2021\/12\/icons-pro-08-1.svg","twitter_misc":{"Est. reading time":"2 minutos"},"schema":{"@context":"https:\/\/schema.org","@graph":[{"@type":"WebPage","@id":"https:\/\/www.prociency.com\/es\/inspecciones-y-auditorias\/","url":"https:\/\/www.prociency.com\/es\/inspecciones-y-auditorias\/","name":"Inspecciones y auditor\u00edas - Prociency","isPartOf":{"@id":"https:\/\/www.prociency.com\/es\/#website"},"datePublished":"2021-12-01T15:30:13+00:00","dateModified":"2024-01-26T14:00:50+00:00","description":"En Prociency, ofrecemos productos digitales personalizados para Inspecciones y auditor\u00edas . \u00a1Acompa\u00f1amos tu trayectoria con soluciones dise\u00f1adas exclusivamente para ti!","breadcrumb":{"@id":"https:\/\/www.prociency.com\/es\/inspecciones-y-auditorias\/#breadcrumb"},"inLanguage":"es","potentialAction":[{"@type":"ReadAction","target":["https:\/\/www.prociency.com\/es\/inspecciones-y-auditorias\/"]}]},{"@type":"BreadcrumbList","@id":"https:\/\/www.prociency.com\/es\/inspecciones-y-auditorias\/#breadcrumb","itemListElement":[{"@type":"ListItem","position":1,"name":"Home","item":"https:\/\/www.prociency.com\/es\/"},{"@type":"ListItem","position":2,"name":"Inspecciones y auditor\u00edas"}]},{"@type":"WebSite","@id":"https:\/\/www.prociency.com\/es\/#website","url":"https:\/\/www.prociency.com\/es\/","name":"Prociency","description":"Prociency","publisher":{"@id":"https:\/\/www.prociency.com\/es\/#organization"},"potentialAction":[{"@type":"SearchAction","target":{"@type":"EntryPoint","urlTemplate":"https:\/\/www.prociency.com\/es\/?s={search_term_string}"},"query-input":"required name=search_term_string"}],"inLanguage":"es"},{"@type":"Organization","@id":"https:\/\/www.prociency.com\/es\/#organization","name":"Prociency","url":"https:\/\/www.prociency.com\/es\/","logo":{"@type":"ImageObject","inLanguage":"es","@id":"https:\/\/www.prociency.com\/es\/#\/schema\/logo\/image\/","url":"https:\/\/prociency.developallin.com\/wp-content\/uploads\/2021\/10\/logo-prociency-negative.svg","contentUrl":"https:\/\/prociency.developallin.com\/wp-content\/uploads\/2021\/10\/logo-prociency-negative.svg","width":1,"height":1,"caption":"Prociency"},"image":{"@id":"https:\/\/www.prociency.com\/es\/#\/schema\/logo\/image\/"}}]}},"_links":{"self":[{"href":"https:\/\/www.prociency.com\/es\/wp-json\/wp\/v2\/pages\/486"}],"collection":[{"href":"https:\/\/www.prociency.com\/es\/wp-json\/wp\/v2\/pages"}],"about":[{"href":"https:\/\/www.prociency.com\/es\/wp-json\/wp\/v2\/types\/page"}],"author":[{"embeddable":true,"href":"https:\/\/www.prociency.com\/es\/wp-json\/wp\/v2\/users\/1"}],"replies":[{"embeddable":true,"href":"https:\/\/www.prociency.com\/es\/wp-json\/wp\/v2\/comments?post=486"}],"version-history":[{"count":28,"href":"https:\/\/www.prociency.com\/es\/wp-json\/wp\/v2\/pages\/486\/revisions"}],"predecessor-version":[{"id":3222,"href":"https:\/\/www.prociency.com\/es\/wp-json\/wp\/v2\/pages\/486\/revisions\/3222"}],"wp:featuredmedia":[{"embeddable":true,"href":"https:\/\/www.prociency.com\/es\/wp-json\/wp\/v2\/media\/931"}],"wp:attachment":[{"href":"https:\/\/www.prociency.com\/es\/wp-json\/wp\/v2\/media?parent=486"}],"curies":[{"name":"wp","href":"https:\/\/api.w.org\/{rel}","templated":true}]}}