{"id":471,"date":"2021-12-01T16:08:16","date_gmt":"2021-12-01T15:08:16","guid":{"rendered":"https:\/\/prociency.developallin.com\/?page_id=471"},"modified":"2022-01-19T09:40:43","modified_gmt":"2022-01-19T08:40:43","slug":"gestion-de-flotas-de-vehiculos-y-conductores","status":"publish","type":"page","link":"https:\/\/www.prociency.com\/es\/productos-y-servicios\/gestion-de-flotas-de-vehiculos-y-conductores\/","title":{"rendered":"Gesti\u00f3n de flotas de veh\u00edculos y conductores"},"content":{"rendered":"<p>[vc_row row_height_percent=\u00bb0&#8243; overlay_alpha=\u00bb50&#8243; gutter_size=\u00bb3&#8243; column_width_percent=\u00bb100&#8243; shift_y=\u00bb0&#8243; z_index=\u00bb0&#8243; uncode_shortcode_id=\u00bb157548&#8243; css=\u00bb.vc_custom_1637056865585{padding-top: 60px !important;padding-bottom: 60px !important;}\u00bb][vc_column width=\u00bb1\/6&#8243;][\/vc_column][vc_column width=\u00bb4\/6&#8243;][vc_custom_heading uncode_shortcode_id=\u00bb332478&#8243; el_class=\u00bbcenter-header-one-line\u00bb]<strong>Control de acceso r\u00e1pido y seguro<\/strong>[\/vc_custom_heading][vc_column_text uncode_shortcode_id=\u00bb204671&#8243;]<\/p>\n<p style=\"text-align: center;\">Cada veh\u00edculo queda registrado en la plataforma, haciendo posible un <strong>control exhaustivo<\/strong> y pudiendo vincularlo a un conductor espec\u00edfico, agilizando el control de acceso a los centros de carga y descarga.<\/p>\n<p>[\/vc_column_text][\/vc_column][vc_column width=\u00bb1\/6&#8243;][\/vc_column][\/vc_row][vc_row row_height_percent=\u00bb0&#8243; back_image=\u00bb381&#8243; back_position=\u00bbcenter top\u00bb overlay_color=\u00bbcolor-jevc\u00bb overlay_alpha=\u00bb10&#8243; gutter_size=\u00bb3&#8243; column_width_percent=\u00bb100&#8243; shift_y=\u00bb0&#8243; z_index=\u00bb0&#8243; uncode_shortcode_id=\u00bb946423&#8243; overlay_color_type=\u00bbuncode-palette\u00bb el_id=\u00bbfull-image-divider\u00bb][vc_column width=\u00bb1\/1&#8243;][vc_empty_space empty_h=\u00bb5&#8243;][vc_empty_space empty_h=\u00bb5&#8243;][\/vc_column][\/vc_row][vc_row row_height_percent=\u00bb0&#8243; back_color=\u00bbcolor-lxmt\u00bb overlay_alpha=\u00bb50&#8243; gutter_size=\u00bb3&#8243; column_width_percent=\u00bb100&#8243; shift_y=\u00bb0&#8243; z_index=\u00bb0&#8243; uncode_shortcode_id=\u00bb600846&#8243; css=\u00bb.vc_custom_1637065490178{padding-top: 60px !important;padding-bottom: 30px !important;}\u00bb back_color_type=\u00bbuncode-palette\u00bb][vc_column width=\u00bb1\/1&#8243;][vc_custom_heading uncode_shortcode_id=\u00bb653742&#8243; el_class=\u00bbright-line-header large\u00bb]Gesti\u00f3n de flotas de veh\u00edculos y conductores<\/p>\n<p>Caracter\u00edsticas[\/vc_custom_heading][vc_row_inner][vc_column_inner width=\u00bb1\/1&#8243;][vc_column_text uncode_shortcode_id=\u00bb194436&#8243; el_class=\u00bbfeatured-column-list\u00bb]<\/p>\n<ul>\n<li>La interfaz es intuitiva y personalizable, con m\u00faltiples perfiles de usuario que se adaptan a las necesidades espec\u00edficas.<\/li>\n<li>Genera informes de situaci\u00f3n y nivel de cumplimiento, entre otros.<\/li>\n<li>Gesti\u00f3n del consejero de seguridad de transporte.<\/li>\n<li>Integraci\u00f3n interdepartamental y con otras aplicaciones existentes en la empresa.<\/li>\n<\/ul>\n<p>[\/vc_column_text][\/vc_column_inner][\/vc_row_inner][\/vc_column][\/vc_row][vc_row row_height_percent=\u00bb0&#8243; override_padding=\u00bbyes\u00bb h_padding=\u00bb2&#8243; top_padding=\u00bb2&#8243; bottom_padding=\u00bb0&#8243; overlay_alpha=\u00bb50&#8243; equal_height=\u00bbyes\u00bb gutter_size=\u00bb3&#8243; column_width_percent=\u00bb100&#8243; shift_y=\u00bb0&#8243; z_index=\u00bb0&#8243; uncode_shortcode_id=\u00bb257167&#8243; css=\u00bb.vc_custom_1642518163992{padding-top: 60px !important;padding-bottom: 60px !important;}\u00bb][vc_column column_width_percent=\u00bb100&#8243; position_vertical=\u00bbmiddle\u00bb gutter_size=\u00bb3&#8243; overlay_alpha=\u00bb50&#8243; shift_x=\u00bb0&#8243; shift_y=\u00bb0&#8243; shift_y_down=\u00bb0&#8243; z_index=\u00bb0&#8243; medium_width=\u00bb0&#8243; mobile_width=\u00bb0&#8243; width=\u00bb1\/2&#8243; uncode_shortcode_id=\u00bb102854&#8243;][vc_custom_heading uncode_shortcode_id=\u00bb441151&#8243; el_class=\u00bbright-line-header large\u00bb]Gesti\u00f3n de flotas de veh\u00edculos y conductores<\/p>\n<p>Beneficios[\/vc_custom_heading][vc_column_text uncode_shortcode_id=\u00bb155083&#8243; el_class=\u00bbfeatured-list\u00bb]<\/p>\n<ul>\n<li>Digitalizaci\u00f3n de los procesos de contrataci\u00f3n y subcontrataci\u00f3n.<\/li>\n<li>Legalidad: asegura que tanto los veh\u00edculos como los conductores cumplan con todos los requisitos (licencias, permisos\u2026).<\/li>\n<li>Trazabilidad y transparencia de todo el proceso.<\/li>\n<li>Reducci\u00f3n de tiempo y costes.<\/li>\n<\/ul>\n<p>[\/vc_column_text][\/vc_column][vc_column column_width_percent=\u00bb100&#8243; position_vertical=\u00bbmiddle\u00bb gutter_size=\u00bb3&#8243; overlay_alpha=\u00bb50&#8243; shift_x=\u00bb0&#8243; shift_y=\u00bb0&#8243; shift_y_down=\u00bb0&#8243; z_index=\u00bb0&#8243; medium_width=\u00bb0&#8243; mobile_width=\u00bb0&#8243; width=\u00bb1\/2&#8243; uncode_shortcode_id=\u00bb127368&#8243;][vc_single_image media=\u00bb964&#8243; media_lightbox=\u00bbyes\u00bb media_width_percent=\u00bb100&#8243; alignment=\u00bbcenter\u00bb uncode_shortcode_id=\u00bb204050&#8243;][\/vc_column][\/vc_row][vc_row row_height_percent=\u00bb0&#8243; override_padding=\u00bbyes\u00bb h_padding=\u00bb2&#8243; top_padding=\u00bb0&#8243; bottom_padding=\u00bb3&#8243; overlay_alpha=\u00bb50&#8243; gutter_size=\u00bb3&#8243; column_width_percent=\u00bb100&#8243; shift_y=\u00bb0&#8243; z_index=\u00bb0&#8243; uncode_shortcode_id=\u00bb146196&#8243; css=\u00bb.vc_custom_1642519012783{padding-top: 60px !important;padding-bottom: 60px !important;}\u00bb shape_dividers=\u00bb\u00bb][vc_column width=\u00bb1\/1&#8243;][vc_custom_heading uncode_shortcode_id=\u00bb191010&#8243; el_class=\u00bbright-line-header\u00bb]Industrias<\/p>\n<p>Esta soluci\u00f3n ha sido implementada por docenas de nuestros clientes en las siguientes industrias:[\/vc_custom_heading][vc_row_inner][vc_column_inner width=\u00bb1\/1&#8243;][uncode_index el_id=\u00bbindex-208636&#8243; loop=\u00bbsize:10|order_by:date|order:ASC|post_type:page|by_id:467,461,326|taxonomy_count:10&#8243; gutter_size=\u00bb3&#8243; page_items=\u00bbtitle,media|featured|onpost|original,text|excerpt|120,link|default-shape|small_size|Leer m\u00e1s\u00bb screen_lg=\u00bb1000&#8243; screen_md=\u00bb600&#8243; screen_sm=\u00bb480&#8243; single_overlay_opacity=\u00bb50&#8243; single_overlay_anim=\u00bbno\u00bb single_image_anim=\u00bbno\u00bb single_padding=\u00bb2&#8243; single_title_dimension=\u00bbh3&#8243; uncode_shortcode_id=\u00bb163647&#8243; el_class=\u00bbpages-section-icons\u00bb][\/vc_column_inner][\/vc_row_inner][\/vc_column][\/vc_row]<\/p>\n","protected":false},"excerpt":{"rendered":"<p>Nuestra aplicaci\u00f3n permite la automatizaci\u00f3n de la gesti\u00f3n de la flota de veh\u00edculos, asegurando que los transportistas y operadores log\u00edsticos faciliten la informaci\u00f3n necesaria en el proceso de transporte, carga y descarga y cumplan con los requisitos legales para el transporte de las diferentes mercanc\u00edas y su nivel de peligrosidad. \u00a0<br \/>\nAdem\u00e1s, posibilita la inspecci\u00f3n de veh\u00edculos y conductores, para garantizar que siguen la normativa establecida, como emblemas, uniformes\u2026<\/p>\n","protected":false},"author":1,"featured_media":934,"parent":750,"menu_order":0,"comment_status":"closed","ping_status":"closed","template":"","meta":[],"yoast_head":"<!-- This site is optimized with the Yoast SEO plugin v20.8 - https:\/\/yoast.com\/wordpress\/plugins\/seo\/ -->\n<title>Gesti\u00f3n de flotas de veh\u00edculos y conductores - Prociency<\/title>\n<meta name=\"robots\" content=\"index, follow, max-snippet:-1, max-image-preview:large, max-video-preview:-1\" \/>\n<link rel=\"canonical\" href=\"https:\/\/www.prociency.com\/es\/productos-y-servicios\/gestion-de-flotas-de-vehiculos-y-conductores\/\" \/>\n<meta property=\"og:locale\" content=\"es_ES\" \/>\n<meta property=\"og:type\" content=\"article\" \/>\n<meta property=\"og:title\" content=\"Gesti\u00f3n de flotas de veh\u00edculos y conductores - Prociency\" \/>\n<meta property=\"og:description\" content=\"Nuestra aplicaci\u00f3n permite la automatizaci\u00f3n de la gesti\u00f3n de la flota de veh\u00edculos, asegurando que los transportistas y operadores log\u00edsticos faciliten la informaci\u00f3n necesaria en el proceso de transporte, carga y descarga y cumplan con los requisitos legales para el transporte de las diferentes mercanc\u00edas y su nivel de peligrosidad. \u00a0 Adem\u00e1s, posibilita la inspecci\u00f3n de veh\u00edculos y conductores, para garantizar que siguen la normativa establecida, como emblemas, uniformes\u2026\" \/>\n<meta property=\"og:url\" content=\"https:\/\/www.prociency.com\/es\/productos-y-servicios\/gestion-de-flotas-de-vehiculos-y-conductores\/\" \/>\n<meta property=\"og:site_name\" content=\"Prociency\" \/>\n<meta property=\"article:modified_time\" content=\"2022-01-19T08:40:43+00:00\" \/>\n<meta name=\"twitter:card\" content=\"summary_large_image\" \/>\n<meta name=\"twitter:image\" content=\"https:\/\/www.prociency.com\/wp-content\/uploads\/2021\/12\/icons-pro-07-1.svg\" \/>\n<meta name=\"twitter:label1\" content=\"Est. reading time\" \/>\n\t<meta name=\"twitter:data1\" content=\"3 minutos\" \/>\n<script type=\"application\/ld+json\" class=\"yoast-schema-graph\">{\"@context\":\"https:\/\/schema.org\",\"@graph\":[{\"@type\":\"WebPage\",\"@id\":\"https:\/\/www.prociency.com\/es\/productos-y-servicios\/gestion-de-flotas-de-vehiculos-y-conductores\/\",\"url\":\"https:\/\/www.prociency.com\/es\/productos-y-servicios\/gestion-de-flotas-de-vehiculos-y-conductores\/\",\"name\":\"Gesti\u00f3n de flotas de veh\u00edculos y conductores - Prociency\",\"isPartOf\":{\"@id\":\"https:\/\/www.prociency.com\/es\/#website\"},\"datePublished\":\"2021-12-01T15:08:16+00:00\",\"dateModified\":\"2022-01-19T08:40:43+00:00\",\"breadcrumb\":{\"@id\":\"https:\/\/www.prociency.com\/es\/productos-y-servicios\/gestion-de-flotas-de-vehiculos-y-conductores\/#breadcrumb\"},\"inLanguage\":\"es\",\"potentialAction\":[{\"@type\":\"ReadAction\",\"target\":[\"https:\/\/www.prociency.com\/es\/productos-y-servicios\/gestion-de-flotas-de-vehiculos-y-conductores\/\"]}]},{\"@type\":\"BreadcrumbList\",\"@id\":\"https:\/\/www.prociency.com\/es\/productos-y-servicios\/gestion-de-flotas-de-vehiculos-y-conductores\/#breadcrumb\",\"itemListElement\":[{\"@type\":\"ListItem\",\"position\":1,\"name\":\"Home\",\"item\":\"https:\/\/www.prociency.com\/es\/\"},{\"@type\":\"ListItem\",\"position\":2,\"name\":\"Productos y servicios\",\"item\":\"https:\/\/www.prociency.com\/es\/productos-y-servicios\/\"},{\"@type\":\"ListItem\",\"position\":3,\"name\":\"Gesti\u00f3n de flotas de veh\u00edculos y conductores\"}]},{\"@type\":\"WebSite\",\"@id\":\"https:\/\/www.prociency.com\/es\/#website\",\"url\":\"https:\/\/www.prociency.com\/es\/\",\"name\":\"Prociency\",\"description\":\"Prociency\",\"publisher\":{\"@id\":\"https:\/\/www.prociency.com\/es\/#organization\"},\"potentialAction\":[{\"@type\":\"SearchAction\",\"target\":{\"@type\":\"EntryPoint\",\"urlTemplate\":\"https:\/\/www.prociency.com\/es\/?s={search_term_string}\"},\"query-input\":\"required name=search_term_string\"}],\"inLanguage\":\"es\"},{\"@type\":\"Organization\",\"@id\":\"https:\/\/www.prociency.com\/es\/#organization\",\"name\":\"Prociency\",\"url\":\"https:\/\/www.prociency.com\/es\/\",\"logo\":{\"@type\":\"ImageObject\",\"inLanguage\":\"es\",\"@id\":\"https:\/\/www.prociency.com\/es\/#\/schema\/logo\/image\/\",\"url\":\"https:\/\/prociency.developallin.com\/wp-content\/uploads\/2021\/10\/logo-prociency-negative.svg\",\"contentUrl\":\"https:\/\/prociency.developallin.com\/wp-content\/uploads\/2021\/10\/logo-prociency-negative.svg\",\"width\":1,\"height\":1,\"caption\":\"Prociency\"},\"image\":{\"@id\":\"https:\/\/www.prociency.com\/es\/#\/schema\/logo\/image\/\"}}]}<\/script>\n<!-- \/ Yoast SEO plugin. -->","yoast_head_json":{"title":"Gesti\u00f3n de flotas de veh\u00edculos y conductores - Prociency","robots":{"index":"index","follow":"follow","max-snippet":"max-snippet:-1","max-image-preview":"max-image-preview:large","max-video-preview":"max-video-preview:-1"},"canonical":"https:\/\/www.prociency.com\/es\/productos-y-servicios\/gestion-de-flotas-de-vehiculos-y-conductores\/","og_locale":"es_ES","og_type":"article","og_title":"Gesti\u00f3n de flotas de veh\u00edculos y conductores - Prociency","og_description":"Nuestra aplicaci\u00f3n permite la automatizaci\u00f3n de la gesti\u00f3n de la flota de veh\u00edculos, asegurando que los transportistas y operadores log\u00edsticos faciliten la informaci\u00f3n necesaria en el proceso de transporte, carga y descarga y cumplan con los requisitos legales para el transporte de las diferentes mercanc\u00edas y su nivel de peligrosidad. \u00a0 Adem\u00e1s, posibilita la inspecci\u00f3n de veh\u00edculos y conductores, para garantizar que siguen la normativa establecida, como emblemas, uniformes\u2026","og_url":"https:\/\/www.prociency.com\/es\/productos-y-servicios\/gestion-de-flotas-de-vehiculos-y-conductores\/","og_site_name":"Prociency","article_modified_time":"2022-01-19T08:40:43+00:00","twitter_card":"summary_large_image","twitter_image":"https:\/\/www.prociency.com\/wp-content\/uploads\/2021\/12\/icons-pro-07-1.svg","twitter_misc":{"Est. reading time":"3 minutos"},"schema":{"@context":"https:\/\/schema.org","@graph":[{"@type":"WebPage","@id":"https:\/\/www.prociency.com\/es\/productos-y-servicios\/gestion-de-flotas-de-vehiculos-y-conductores\/","url":"https:\/\/www.prociency.com\/es\/productos-y-servicios\/gestion-de-flotas-de-vehiculos-y-conductores\/","name":"Gesti\u00f3n de flotas de veh\u00edculos y conductores - Prociency","isPartOf":{"@id":"https:\/\/www.prociency.com\/es\/#website"},"datePublished":"2021-12-01T15:08:16+00:00","dateModified":"2022-01-19T08:40:43+00:00","breadcrumb":{"@id":"https:\/\/www.prociency.com\/es\/productos-y-servicios\/gestion-de-flotas-de-vehiculos-y-conductores\/#breadcrumb"},"inLanguage":"es","potentialAction":[{"@type":"ReadAction","target":["https:\/\/www.prociency.com\/es\/productos-y-servicios\/gestion-de-flotas-de-vehiculos-y-conductores\/"]}]},{"@type":"BreadcrumbList","@id":"https:\/\/www.prociency.com\/es\/productos-y-servicios\/gestion-de-flotas-de-vehiculos-y-conductores\/#breadcrumb","itemListElement":[{"@type":"ListItem","position":1,"name":"Home","item":"https:\/\/www.prociency.com\/es\/"},{"@type":"ListItem","position":2,"name":"Productos y servicios","item":"https:\/\/www.prociency.com\/es\/productos-y-servicios\/"},{"@type":"ListItem","position":3,"name":"Gesti\u00f3n de flotas de veh\u00edculos y conductores"}]},{"@type":"WebSite","@id":"https:\/\/www.prociency.com\/es\/#website","url":"https:\/\/www.prociency.com\/es\/","name":"Prociency","description":"Prociency","publisher":{"@id":"https:\/\/www.prociency.com\/es\/#organization"},"potentialAction":[{"@type":"SearchAction","target":{"@type":"EntryPoint","urlTemplate":"https:\/\/www.prociency.com\/es\/?s={search_term_string}"},"query-input":"required name=search_term_string"}],"inLanguage":"es"},{"@type":"Organization","@id":"https:\/\/www.prociency.com\/es\/#organization","name":"Prociency","url":"https:\/\/www.prociency.com\/es\/","logo":{"@type":"ImageObject","inLanguage":"es","@id":"https:\/\/www.prociency.com\/es\/#\/schema\/logo\/image\/","url":"https:\/\/prociency.developallin.com\/wp-content\/uploads\/2021\/10\/logo-prociency-negative.svg","contentUrl":"https:\/\/prociency.developallin.com\/wp-content\/uploads\/2021\/10\/logo-prociency-negative.svg","width":1,"height":1,"caption":"Prociency"},"image":{"@id":"https:\/\/www.prociency.com\/es\/#\/schema\/logo\/image\/"}}]}},"_links":{"self":[{"href":"https:\/\/www.prociency.com\/es\/wp-json\/wp\/v2\/pages\/471"}],"collection":[{"href":"https:\/\/www.prociency.com\/es\/wp-json\/wp\/v2\/pages"}],"about":[{"href":"https:\/\/www.prociency.com\/es\/wp-json\/wp\/v2\/types\/page"}],"author":[{"embeddable":true,"href":"https:\/\/www.prociency.com\/es\/wp-json\/wp\/v2\/users\/1"}],"replies":[{"embeddable":true,"href":"https:\/\/www.prociency.com\/es\/wp-json\/wp\/v2\/comments?post=471"}],"version-history":[{"count":17,"href":"https:\/\/www.prociency.com\/es\/wp-json\/wp\/v2\/pages\/471\/revisions"}],"predecessor-version":[{"id":773,"href":"https:\/\/www.prociency.com\/es\/wp-json\/wp\/v2\/pages\/471\/revisions\/773"}],"up":[{"embeddable":true,"href":"https:\/\/www.prociency.com\/es\/wp-json\/wp\/v2\/pages\/750"}],"wp:featuredmedia":[{"embeddable":true,"href":"https:\/\/www.prociency.com\/es\/wp-json\/wp\/v2\/media\/934"}],"wp:attachment":[{"href":"https:\/\/www.prociency.com\/es\/wp-json\/wp\/v2\/media?parent=471"}],"curies":[{"name":"wp","href":"https:\/\/api.w.org\/{rel}","templated":true}]}}