{"id":326,"date":"2021-11-16T10:23:11","date_gmt":"2021-11-16T09:23:11","guid":{"rendered":"https:\/\/prociency.developallin.com\/?page_id=326"},"modified":"2024-01-26T15:03:13","modified_gmt":"2024-01-26T14:03:13","slug":"transporte-logistica","status":"publish","type":"page","link":"https:\/\/www.prociency.com\/es\/transporte-logistica\/","title":{"rendered":"Transporte y log\u00edstica"},"content":{"rendered":"<p>[vc_row row_height_percent=\u00bb0&#8243; override_padding=\u00bbyes\u00bb h_padding=\u00bb2&#8243; top_padding=\u00bb2&#8243; bottom_padding=\u00bb3&#8243; overlay_alpha=\u00bb50&#8243; gutter_size=\u00bb3&#8243; column_width_percent=\u00bb100&#8243; shift_y=\u00bb0&#8243; z_index=\u00bb0&#8243; uncode_shortcode_id=\u00bb654540&#8243; css=\u00bb.vc_custom_1672230998933{padding-top: 60px !important;}\u00bb][vc_column column_width_percent=\u00bb100&#8243; position_vertical=\u00bbmiddle\u00bb gutter_size=\u00bb3&#8243; overlay_alpha=\u00bb50&#8243; shift_x=\u00bb0&#8243; shift_y=\u00bb0&#8243; shift_y_down=\u00bb0&#8243; z_index=\u00bb0&#8243; medium_width=\u00bb0&#8243; mobile_width=\u00bb0&#8243; width=\u00bb1\/2&#8243; uncode_shortcode_id=\u00bb118770&#8243;][vc_single_image media=\u00bb2636&#8243; media_width_percent=\u00bb100&#8243; shape=\u00bbimg-round\u00bb radius=\u00bbstd\u00bb shadow=\u00bbyes\u00bb shadow_weight=\u00bbsm\u00bb uncode_shortcode_id=\u00bb504189&#8243; el_class=\u00bbsingle-img\u00bb][\/vc_column][vc_column column_width_percent=\u00bb100&#8243; position_vertical=\u00bbmiddle\u00bb gutter_size=\u00bb3&#8243; overlay_alpha=\u00bb50&#8243; shift_x=\u00bb0&#8243; shift_y=\u00bb0&#8243; shift_y_down=\u00bb0&#8243; z_index=\u00bb0&#8243; medium_width=\u00bb0&#8243; mobile_width=\u00bb0&#8243; width=\u00bb1\/2&#8243; uncode_shortcode_id=\u00bb148234&#8243;][vc_custom_heading uncode_shortcode_id=\u00bb498146&#8243;]<strong>Dando servicio a m\u00e1s de 3.000 empresas del sector<\/strong>[\/vc_custom_heading][vc_column_text uncode_shortcode_id=\u00bb121437&#8243;]<\/p>\n<h4>Soluciones digitales innovadoras listas para la acci\u00f3n.<\/h4>\n<p>[\/vc_column_text][\/vc_column][\/vc_row][vc_row row_height_percent=\u00bb0&#8243; back_color=\u00bbcolor-lxmt\u00bb overlay_alpha=\u00bb50&#8243; equal_height=\u00bbyes\u00bb gutter_size=\u00bb3&#8243; column_width_percent=\u00bb100&#8243; shift_y=\u00bb0&#8243; z_index=\u00bb0&#8243; uncode_shortcode_id=\u00bb181950&#8243; css=\u00bb.vc_custom_1672231576095{padding-top: 60px !important;padding-bottom: 60px !important;}\u00bb back_color_type=\u00bbuncode-palette\u00bb][vc_column column_width_percent=\u00bb100&#8243; position_vertical=\u00bbmiddle\u00bb gutter_size=\u00bb3&#8243; overlay_alpha=\u00bb50&#8243; shift_x=\u00bb0&#8243; shift_y=\u00bb0&#8243; shift_y_down=\u00bb0&#8243; z_index=\u00bb0&#8243; medium_width=\u00bb0&#8243; mobile_width=\u00bb0&#8243; width=\u00bb1\/2&#8243; uncode_shortcode_id=\u00bb102854&#8243;][vc_custom_heading uncode_shortcode_id=\u00bb102143&#8243; el_class=\u00bbright-line-header\u00bb subheading=\u00bbTransporte y log\u00edstica\u00bb]Beneficios[\/vc_custom_heading][vc_column_text uncode_shortcode_id=\u00bb147280&#8243; el_class=\u00bbfeatured-list\u00bb]<\/p>\n<h3 class=\"western h4\">Acelerar inmediatamente el ritmo de las operaciones para maximizar la eficiencia.<\/h3>\n<ul>\n<li class=\"western\"><strong>Agilizar la carga y descarga de mercanc\u00edas<\/strong> al digitalizare los documentos clave necesarios para acceder con seguridad a cada instalaci\u00f3n.<\/li>\n<li><strong>Mejorar el mantenimiento<\/strong> predictivo de las flotas de veh\u00edculos.<\/li>\n<li><strong>Incrementar la eficiencia<\/strong> de almacenamiento y reducir el n\u00famero de errores.<\/li>\n<li><strong>Impulsar la sostenibilidad medioambiental y la seguridad<\/strong>.<\/li>\n<li><strong>Integrar soluciones de escritorio y m\u00f3viles<\/strong> con informaci\u00f3n consistentes y sincronizada en tiempo real.<\/li>\n<li><strong>Acelerar la toma de decisiones<\/strong> con informes hist\u00f3ricos y actuales para detectar visualizar indicadores clave, desviaciones, \u00e1reas de mejora\u2026<\/li>\n<\/ul>\n<p>[\/vc_column_text][\/vc_column][vc_column column_width_percent=\u00bb100&#8243; position_vertical=\u00bbmiddle\u00bb gutter_size=\u00bb3&#8243; overlay_alpha=\u00bb50&#8243; shift_x=\u00bb0&#8243; shift_y=\u00bb0&#8243; shift_y_down=\u00bb0&#8243; z_index=\u00bb0&#8243; medium_width=\u00bb0&#8243; mobile_width=\u00bb0&#8243; width=\u00bb1\/2&#8243; uncode_shortcode_id=\u00bb127368&#8243;][vc_single_image media=\u00bb1040&#8243; media_width_percent=\u00bb100&#8243; shape=\u00bbimg-round\u00bb radius=\u00bbstd\u00bb shadow=\u00bbyes\u00bb shadow_weight=\u00bbsm\u00bb uncode_shortcode_id=\u00bb945632&#8243; el_class=\u00bbsingle-img\u00bb][\/vc_column][\/vc_row][vc_row row_height_percent=\u00bb0&#8243; overlay_alpha=\u00bb50&#8243; gutter_size=\u00bb3&#8243; column_width_percent=\u00bb100&#8243; shift_y=\u00bb0&#8243; z_index=\u00bb0&#8243; uncode_shortcode_id=\u00bb426673&#8243; css=\u00bb.vc_custom_1672231570378{padding-top: 60px !important;padding-bottom: 30px !important;}\u00bb][vc_column width=\u00bb1\/1&#8243;][vc_custom_heading uncode_shortcode_id=\u00bb785202&#8243; el_class=\u00bbright-line-header\u00bb subheading=\u00bbTransporte y log\u00edstica\u00bb]Funcionalidades principales[\/vc_custom_heading][vc_column_text uncode_shortcode_id=\u00bb108377&#8243; el_class=\u00bbfeatured-list\u00bb]<\/p>\n<h3 class=\"h4\">Soluciones s\u00f3lidas y <strong>contrastadas<\/strong> que garantizan una gesti\u00f3n eficaz y eficiente de todos los procesos.<\/h3>\n<p>[\/vc_column_text][vc_row_inner][vc_column_inner width=\u00bb1\/1&#8243;][vc_column_text uncode_shortcode_id=\u00bb132952&#8243; el_class=\u00bbfeatured-column-list\u00bb]<\/p>\n<ul>\n<li><strong>Cumplimiento legal garantizado<\/strong>. Verificaci\u00f3n y evaluaci\u00f3n de toda la documentaci\u00f3n de las empresas, sus trabajadores y veh\u00edculos.<\/li>\n<li><strong>Trazabilidad<\/strong>. De Veh\u00edculos, conductores y mercanc\u00edas en todo momento.<\/li>\n<li><strong>Verificaci\u00f3n<\/strong> de la correcta <strong>asociaci\u00f3n de conductor\/veh\u00edculo<\/strong>.<\/li>\n<li><strong>Pasaportes de Seguridad<\/strong>. Con toda la informaci\u00f3n asociada y en sincronizada en tiempo real para el acceso a instalaciones de personas y veh\u00edculos.<\/li>\n<li><strong>Personalizaci\u00f3n de entornos para grandes operadores log\u00edsticos.<\/strong><\/li>\n<li><strong>Notificaciones y avisos automatizados<\/strong>. Caducidades, normativas espec\u00edficas de carga\/descarga en puntos de entrega.<\/li>\n<\/ul>\n<p>[\/vc_column_text][\/vc_column_inner][\/vc_row_inner][\/vc_column][\/vc_row]<\/p>\n","protected":false},"excerpt":{"rendered":"<p>[vc_row row_height_percent=\u00bb0&#8243; override_padding=\u00bbyes\u00bb h_padding=\u00bb2&#8243; top_padding=\u00bb2&#8243; bottom_padding=\u00bb3&#8243; overlay_alpha=\u00bb50&#8243; gutter_size=\u00bb3&#8243; column_width_percent=\u00bb100&#8243; shift_y=\u00bb0&#8243; z_index=\u00bb0&#8243; uncode_shortcode_id=\u00bb654540&#8243; css=\u00bb.vc_custom_1672230998933{padding-top: 60px !important;}\u00bb][vc_column column_width_percent=\u00bb100&#8243; position_vertical=\u00bbmiddle\u00bb gutter_size=\u00bb3&#8243; overlay_alpha=\u00bb50&#8243; shift_x=\u00bb0&#8243; [&hellip;]<\/p>\n","protected":false},"author":1,"featured_media":1217,"parent":0,"menu_order":0,"comment_status":"closed","ping_status":"closed","template":"","meta":[],"yoast_head":"<!-- This site is optimized with the Yoast SEO plugin v20.8 - https:\/\/yoast.com\/wordpress\/plugins\/seo\/ -->\n<title>Transporte y log\u00edstica - Prociency<\/title>\n<meta name=\"description\" content=\"En Prociency ofrecemos soluciones digitales innovadoras hechas a medida para empresas del sector Transporte y log\u00edstica \u00a1Te acompa\u00f1amos durante todo el camino!\" \/>\n<meta name=\"robots\" content=\"index, follow, max-snippet:-1, max-image-preview:large, max-video-preview:-1\" \/>\n<link rel=\"canonical\" href=\"https:\/\/www.prociency.com\/es\/transporte-logistica\/\" \/>\n<meta property=\"og:locale\" content=\"es_ES\" \/>\n<meta property=\"og:type\" content=\"article\" \/>\n<meta property=\"og:title\" content=\"Transporte y log\u00edstica - Prociency\" \/>\n<meta property=\"og:description\" content=\"En Prociency ofrecemos soluciones digitales innovadoras hechas a medida para empresas del sector Transporte y log\u00edstica \u00a1Te acompa\u00f1amos durante todo el camino!\" \/>\n<meta property=\"og:url\" content=\"https:\/\/www.prociency.com\/es\/transporte-logistica\/\" \/>\n<meta property=\"og:site_name\" content=\"Prociency\" \/>\n<meta property=\"article:modified_time\" content=\"2024-01-26T14:03:13+00:00\" \/>\n<meta property=\"og:image\" content=\"https:\/\/www.prociency.com\/wp-content\/uploads\/2021\/12\/truck-3.png\" \/>\n\t<meta property=\"og:image:width\" content=\"401\" \/>\n\t<meta property=\"og:image:height\" content=\"401\" \/>\n\t<meta property=\"og:image:type\" content=\"image\/png\" \/>\n<meta name=\"twitter:card\" content=\"summary_large_image\" \/>\n<meta name=\"twitter:label1\" content=\"Est. reading time\" \/>\n\t<meta name=\"twitter:data1\" content=\"2 minutos\" \/>\n<script type=\"application\/ld+json\" class=\"yoast-schema-graph\">{\"@context\":\"https:\/\/schema.org\",\"@graph\":[{\"@type\":\"WebPage\",\"@id\":\"https:\/\/www.prociency.com\/es\/transporte-logistica\/\",\"url\":\"https:\/\/www.prociency.com\/es\/transporte-logistica\/\",\"name\":\"Transporte y log\u00edstica - Prociency\",\"isPartOf\":{\"@id\":\"https:\/\/www.prociency.com\/es\/#website\"},\"datePublished\":\"2021-11-16T09:23:11+00:00\",\"dateModified\":\"2024-01-26T14:03:13+00:00\",\"description\":\"En Prociency ofrecemos soluciones digitales innovadoras hechas a medida para empresas del sector Transporte y log\u00edstica \u00a1Te acompa\u00f1amos durante todo el camino!\",\"breadcrumb\":{\"@id\":\"https:\/\/www.prociency.com\/es\/transporte-logistica\/#breadcrumb\"},\"inLanguage\":\"es\",\"potentialAction\":[{\"@type\":\"ReadAction\",\"target\":[\"https:\/\/www.prociency.com\/es\/transporte-logistica\/\"]}]},{\"@type\":\"BreadcrumbList\",\"@id\":\"https:\/\/www.prociency.com\/es\/transporte-logistica\/#breadcrumb\",\"itemListElement\":[{\"@type\":\"ListItem\",\"position\":1,\"name\":\"Home\",\"item\":\"https:\/\/www.prociency.com\/es\/\"},{\"@type\":\"ListItem\",\"position\":2,\"name\":\"Transporte y log\u00edstica\"}]},{\"@type\":\"WebSite\",\"@id\":\"https:\/\/www.prociency.com\/es\/#website\",\"url\":\"https:\/\/www.prociency.com\/es\/\",\"name\":\"Prociency\",\"description\":\"Prociency\",\"publisher\":{\"@id\":\"https:\/\/www.prociency.com\/es\/#organization\"},\"potentialAction\":[{\"@type\":\"SearchAction\",\"target\":{\"@type\":\"EntryPoint\",\"urlTemplate\":\"https:\/\/www.prociency.com\/es\/?s={search_term_string}\"},\"query-input\":\"required name=search_term_string\"}],\"inLanguage\":\"es\"},{\"@type\":\"Organization\",\"@id\":\"https:\/\/www.prociency.com\/es\/#organization\",\"name\":\"Prociency\",\"url\":\"https:\/\/www.prociency.com\/es\/\",\"logo\":{\"@type\":\"ImageObject\",\"inLanguage\":\"es\",\"@id\":\"https:\/\/www.prociency.com\/es\/#\/schema\/logo\/image\/\",\"url\":\"https:\/\/prociency.developallin.com\/wp-content\/uploads\/2021\/10\/logo-prociency-negative.svg\",\"contentUrl\":\"https:\/\/prociency.developallin.com\/wp-content\/uploads\/2021\/10\/logo-prociency-negative.svg\",\"width\":1,\"height\":1,\"caption\":\"Prociency\"},\"image\":{\"@id\":\"https:\/\/www.prociency.com\/es\/#\/schema\/logo\/image\/\"}}]}<\/script>\n<!-- \/ Yoast SEO plugin. -->","yoast_head_json":{"title":"Transporte y log\u00edstica - Prociency","description":"En Prociency ofrecemos soluciones digitales innovadoras hechas a medida para empresas del sector Transporte y log\u00edstica \u00a1Te acompa\u00f1amos durante todo el camino!","robots":{"index":"index","follow":"follow","max-snippet":"max-snippet:-1","max-image-preview":"max-image-preview:large","max-video-preview":"max-video-preview:-1"},"canonical":"https:\/\/www.prociency.com\/es\/transporte-logistica\/","og_locale":"es_ES","og_type":"article","og_title":"Transporte y log\u00edstica - Prociency","og_description":"En Prociency ofrecemos soluciones digitales innovadoras hechas a medida para empresas del sector Transporte y log\u00edstica \u00a1Te acompa\u00f1amos durante todo el camino!","og_url":"https:\/\/www.prociency.com\/es\/transporte-logistica\/","og_site_name":"Prociency","article_modified_time":"2024-01-26T14:03:13+00:00","og_image":[{"width":401,"height":401,"url":"https:\/\/www.prociency.com\/wp-content\/uploads\/2021\/12\/truck-3.png","type":"image\/png"}],"twitter_card":"summary_large_image","twitter_misc":{"Est. reading time":"2 minutos"},"schema":{"@context":"https:\/\/schema.org","@graph":[{"@type":"WebPage","@id":"https:\/\/www.prociency.com\/es\/transporte-logistica\/","url":"https:\/\/www.prociency.com\/es\/transporte-logistica\/","name":"Transporte y log\u00edstica - Prociency","isPartOf":{"@id":"https:\/\/www.prociency.com\/es\/#website"},"datePublished":"2021-11-16T09:23:11+00:00","dateModified":"2024-01-26T14:03:13+00:00","description":"En Prociency ofrecemos soluciones digitales innovadoras hechas a medida para empresas del sector Transporte y log\u00edstica \u00a1Te acompa\u00f1amos durante todo el camino!","breadcrumb":{"@id":"https:\/\/www.prociency.com\/es\/transporte-logistica\/#breadcrumb"},"inLanguage":"es","potentialAction":[{"@type":"ReadAction","target":["https:\/\/www.prociency.com\/es\/transporte-logistica\/"]}]},{"@type":"BreadcrumbList","@id":"https:\/\/www.prociency.com\/es\/transporte-logistica\/#breadcrumb","itemListElement":[{"@type":"ListItem","position":1,"name":"Home","item":"https:\/\/www.prociency.com\/es\/"},{"@type":"ListItem","position":2,"name":"Transporte y log\u00edstica"}]},{"@type":"WebSite","@id":"https:\/\/www.prociency.com\/es\/#website","url":"https:\/\/www.prociency.com\/es\/","name":"Prociency","description":"Prociency","publisher":{"@id":"https:\/\/www.prociency.com\/es\/#organization"},"potentialAction":[{"@type":"SearchAction","target":{"@type":"EntryPoint","urlTemplate":"https:\/\/www.prociency.com\/es\/?s={search_term_string}"},"query-input":"required name=search_term_string"}],"inLanguage":"es"},{"@type":"Organization","@id":"https:\/\/www.prociency.com\/es\/#organization","name":"Prociency","url":"https:\/\/www.prociency.com\/es\/","logo":{"@type":"ImageObject","inLanguage":"es","@id":"https:\/\/www.prociency.com\/es\/#\/schema\/logo\/image\/","url":"https:\/\/prociency.developallin.com\/wp-content\/uploads\/2021\/10\/logo-prociency-negative.svg","contentUrl":"https:\/\/prociency.developallin.com\/wp-content\/uploads\/2021\/10\/logo-prociency-negative.svg","width":1,"height":1,"caption":"Prociency"},"image":{"@id":"https:\/\/www.prociency.com\/es\/#\/schema\/logo\/image\/"}}]}},"_links":{"self":[{"href":"https:\/\/www.prociency.com\/es\/wp-json\/wp\/v2\/pages\/326"}],"collection":[{"href":"https:\/\/www.prociency.com\/es\/wp-json\/wp\/v2\/pages"}],"about":[{"href":"https:\/\/www.prociency.com\/es\/wp-json\/wp\/v2\/types\/page"}],"author":[{"embeddable":true,"href":"https:\/\/www.prociency.com\/es\/wp-json\/wp\/v2\/users\/1"}],"replies":[{"embeddable":true,"href":"https:\/\/www.prociency.com\/es\/wp-json\/wp\/v2\/comments?post=326"}],"version-history":[{"count":50,"href":"https:\/\/www.prociency.com\/es\/wp-json\/wp\/v2\/pages\/326\/revisions"}],"predecessor-version":[{"id":2853,"href":"https:\/\/www.prociency.com\/es\/wp-json\/wp\/v2\/pages\/326\/revisions\/2853"}],"wp:featuredmedia":[{"embeddable":true,"href":"https:\/\/www.prociency.com\/es\/wp-json\/wp\/v2\/media\/1217"}],"wp:attachment":[{"href":"https:\/\/www.prociency.com\/es\/wp-json\/wp\/v2\/media?parent=326"}],"curies":[{"name":"wp","href":"https:\/\/api.w.org\/{rel}","templated":true}]}}