{"id":3203,"date":"2023-05-31T18:02:27","date_gmt":"2023-05-31T16:02:27","guid":{"rendered":"https:\/\/www.prociency.com\/declaracion-de-accesibilidad-para-prociency-com\/"},"modified":"2023-05-31T18:08:03","modified_gmt":"2023-05-31T16:08:03","slug":"declaracion-de-accesibilidad","status":"publish","type":"page","link":"https:\/\/www.prociency.com\/es\/declaracion-de-accesibilidad\/","title":{"rendered":"Declaraci\u00f3n de Accesibilidad para Prociency.com"},"content":{"rendered":"<p>En Prociency.com, estamos comprometidos a hacer que nuestra p\u00e1gina web sea accesible para todos, incluyendo a las personas con discapacidades. Reconocemos la importancia de proporcionar un sitio web que sea inclusivo y f\u00e1cil de usar para todos los usuarios.<\/p>\n<p><strong>Medidas para apoyar la accesibilidad<\/strong><\/p>\n<p>Prociency.com ha tomado las siguientes medidas para garantizar la accesibilidad de nuestro sitio web:<\/p>\n<ul>\n<li>Hemos incluido texto alternativo para todas las im\u00e1genes y contenido visual para asistir a los usuarios de lectores de pantalla.<\/li>\n<li>Hemos estructurado nuestro sitio web con titulares claros y coherentes para facilitar la navegaci\u00f3n.<\/li>\n<li>Nuestro sitio web es completamente navegable utilizando solo el teclado.<\/li>\n<li>Hemos asegurado que todos los colores y fuentes sean legibles y proporcionen suficiente contraste.<\/li>\n<li>Nuestro sitio web es compatible con todas las tecnolog\u00edas de asistencia comunes, incluyendo lectores de pantalla, magnificadores de pantalla y software de reconocimiento de voz.<\/li>\n<\/ul>\n<p><strong>Feedback<\/strong><\/p>\n<p>Apreciamos tus comentarios sobre c\u00f3mo podemos mejorar la accesibilidad de nuestro sitio web. Si tienes dificultades para acceder a cualquier contenido de Prociency.com, o si tienes sugerencias sobre c\u00f3mo podemos mejorar nuestra accesibilidad, por favor cont\u00e1ctanos a trav\u00e9s de <a href=\"mailto:info@prociency.com\">info@prociency.com<\/a>.<\/p>\n<p><strong>Fecha de la declaraci\u00f3n de accesibilidad<\/strong><\/p>\n<p>Esta declaraci\u00f3n de accesibilidad fue actualizada por \u00faltima vez el 10\/02\/2023.<\/p>\n","protected":false},"excerpt":{"rendered":"<p>En Prociency.com, estamos comprometidos a hacer que nuestra p\u00e1gina web sea accesible para todos, incluyendo a las personas con discapacidades. [&hellip;]<\/p>\n","protected":false},"author":1,"featured_media":0,"parent":0,"menu_order":0,"comment_status":"closed","ping_status":"closed","template":"","meta":[],"yoast_head":"<!-- This site is optimized with the Yoast SEO plugin v20.8 - https:\/\/yoast.com\/wordpress\/plugins\/seo\/ -->\n<title>Declaraci\u00f3n de Accesibilidad para Prociency.com - Prociency<\/title>\n<meta name=\"robots\" content=\"index, follow, max-snippet:-1, max-image-preview:large, max-video-preview:-1\" \/>\n<link rel=\"canonical\" href=\"https:\/\/www.prociency.com\/es\/declaracion-de-accesibilidad\/\" \/>\n<meta property=\"og:locale\" content=\"es_ES\" \/>\n<meta property=\"og:type\" content=\"article\" \/>\n<meta property=\"og:title\" content=\"Declaraci\u00f3n de Accesibilidad para Prociency.com - Prociency\" \/>\n<meta property=\"og:description\" content=\"En Prociency.com, estamos comprometidos a hacer que nuestra p\u00e1gina web sea accesible para todos, incluyendo a las personas con discapacidades. [&hellip;]\" \/>\n<meta property=\"og:url\" content=\"https:\/\/www.prociency.com\/es\/declaracion-de-accesibilidad\/\" \/>\n<meta property=\"og:site_name\" content=\"Prociency\" \/>\n<meta property=\"article:modified_time\" content=\"2023-05-31T16:08:03+00:00\" \/>\n<meta name=\"twitter:card\" content=\"summary_large_image\" \/>\n<meta name=\"twitter:label1\" content=\"Est. reading time\" \/>\n\t<meta name=\"twitter:data1\" content=\"1 minuto\" \/>\n<script type=\"application\/ld+json\" class=\"yoast-schema-graph\">{\"@context\":\"https:\/\/schema.org\",\"@graph\":[{\"@type\":\"WebPage\",\"@id\":\"https:\/\/www.prociency.com\/es\/declaracion-de-accesibilidad\/\",\"url\":\"https:\/\/www.prociency.com\/es\/declaracion-de-accesibilidad\/\",\"name\":\"Declaraci\u00f3n de Accesibilidad para Prociency.com - Prociency\",\"isPartOf\":{\"@id\":\"https:\/\/www.prociency.com\/es\/#website\"},\"datePublished\":\"2023-05-31T16:02:27+00:00\",\"dateModified\":\"2023-05-31T16:08:03+00:00\",\"breadcrumb\":{\"@id\":\"https:\/\/www.prociency.com\/es\/declaracion-de-accesibilidad\/#breadcrumb\"},\"inLanguage\":\"es\",\"potentialAction\":[{\"@type\":\"ReadAction\",\"target\":[\"https:\/\/www.prociency.com\/es\/declaracion-de-accesibilidad\/\"]}]},{\"@type\":\"BreadcrumbList\",\"@id\":\"https:\/\/www.prociency.com\/es\/declaracion-de-accesibilidad\/#breadcrumb\",\"itemListElement\":[{\"@type\":\"ListItem\",\"position\":1,\"name\":\"Home\",\"item\":\"https:\/\/www.prociency.com\/es\/\"},{\"@type\":\"ListItem\",\"position\":2,\"name\":\"Declaraci\u00f3n de Accesibilidad para Prociency.com\"}]},{\"@type\":\"WebSite\",\"@id\":\"https:\/\/www.prociency.com\/es\/#website\",\"url\":\"https:\/\/www.prociency.com\/es\/\",\"name\":\"Prociency\",\"description\":\"Prociency\",\"publisher\":{\"@id\":\"https:\/\/www.prociency.com\/es\/#organization\"},\"potentialAction\":[{\"@type\":\"SearchAction\",\"target\":{\"@type\":\"EntryPoint\",\"urlTemplate\":\"https:\/\/www.prociency.com\/es\/?s={search_term_string}\"},\"query-input\":\"required name=search_term_string\"}],\"inLanguage\":\"es\"},{\"@type\":\"Organization\",\"@id\":\"https:\/\/www.prociency.com\/es\/#organization\",\"name\":\"Prociency\",\"url\":\"https:\/\/www.prociency.com\/es\/\",\"logo\":{\"@type\":\"ImageObject\",\"inLanguage\":\"es\",\"@id\":\"https:\/\/www.prociency.com\/es\/#\/schema\/logo\/image\/\",\"url\":\"https:\/\/prociency.developallin.com\/wp-content\/uploads\/2021\/10\/logo-prociency-negative.svg\",\"contentUrl\":\"https:\/\/prociency.developallin.com\/wp-content\/uploads\/2021\/10\/logo-prociency-negative.svg\",\"width\":1,\"height\":1,\"caption\":\"Prociency\"},\"image\":{\"@id\":\"https:\/\/www.prociency.com\/es\/#\/schema\/logo\/image\/\"}}]}<\/script>\n<!-- \/ Yoast SEO plugin. -->","yoast_head_json":{"title":"Declaraci\u00f3n de Accesibilidad para Prociency.com - Prociency","robots":{"index":"index","follow":"follow","max-snippet":"max-snippet:-1","max-image-preview":"max-image-preview:large","max-video-preview":"max-video-preview:-1"},"canonical":"https:\/\/www.prociency.com\/es\/declaracion-de-accesibilidad\/","og_locale":"es_ES","og_type":"article","og_title":"Declaraci\u00f3n de Accesibilidad para Prociency.com - Prociency","og_description":"En Prociency.com, estamos comprometidos a hacer que nuestra p\u00e1gina web sea accesible para todos, incluyendo a las personas con discapacidades. [&hellip;]","og_url":"https:\/\/www.prociency.com\/es\/declaracion-de-accesibilidad\/","og_site_name":"Prociency","article_modified_time":"2023-05-31T16:08:03+00:00","twitter_card":"summary_large_image","twitter_misc":{"Est. reading time":"1 minuto"},"schema":{"@context":"https:\/\/schema.org","@graph":[{"@type":"WebPage","@id":"https:\/\/www.prociency.com\/es\/declaracion-de-accesibilidad\/","url":"https:\/\/www.prociency.com\/es\/declaracion-de-accesibilidad\/","name":"Declaraci\u00f3n de Accesibilidad para Prociency.com - Prociency","isPartOf":{"@id":"https:\/\/www.prociency.com\/es\/#website"},"datePublished":"2023-05-31T16:02:27+00:00","dateModified":"2023-05-31T16:08:03+00:00","breadcrumb":{"@id":"https:\/\/www.prociency.com\/es\/declaracion-de-accesibilidad\/#breadcrumb"},"inLanguage":"es","potentialAction":[{"@type":"ReadAction","target":["https:\/\/www.prociency.com\/es\/declaracion-de-accesibilidad\/"]}]},{"@type":"BreadcrumbList","@id":"https:\/\/www.prociency.com\/es\/declaracion-de-accesibilidad\/#breadcrumb","itemListElement":[{"@type":"ListItem","position":1,"name":"Home","item":"https:\/\/www.prociency.com\/es\/"},{"@type":"ListItem","position":2,"name":"Declaraci\u00f3n de Accesibilidad para Prociency.com"}]},{"@type":"WebSite","@id":"https:\/\/www.prociency.com\/es\/#website","url":"https:\/\/www.prociency.com\/es\/","name":"Prociency","description":"Prociency","publisher":{"@id":"https:\/\/www.prociency.com\/es\/#organization"},"potentialAction":[{"@type":"SearchAction","target":{"@type":"EntryPoint","urlTemplate":"https:\/\/www.prociency.com\/es\/?s={search_term_string}"},"query-input":"required name=search_term_string"}],"inLanguage":"es"},{"@type":"Organization","@id":"https:\/\/www.prociency.com\/es\/#organization","name":"Prociency","url":"https:\/\/www.prociency.com\/es\/","logo":{"@type":"ImageObject","inLanguage":"es","@id":"https:\/\/www.prociency.com\/es\/#\/schema\/logo\/image\/","url":"https:\/\/prociency.developallin.com\/wp-content\/uploads\/2021\/10\/logo-prociency-negative.svg","contentUrl":"https:\/\/prociency.developallin.com\/wp-content\/uploads\/2021\/10\/logo-prociency-negative.svg","width":1,"height":1,"caption":"Prociency"},"image":{"@id":"https:\/\/www.prociency.com\/es\/#\/schema\/logo\/image\/"}}]}},"_links":{"self":[{"href":"https:\/\/www.prociency.com\/es\/wp-json\/wp\/v2\/pages\/3203"}],"collection":[{"href":"https:\/\/www.prociency.com\/es\/wp-json\/wp\/v2\/pages"}],"about":[{"href":"https:\/\/www.prociency.com\/es\/wp-json\/wp\/v2\/types\/page"}],"author":[{"embeddable":true,"href":"https:\/\/www.prociency.com\/es\/wp-json\/wp\/v2\/users\/1"}],"replies":[{"embeddable":true,"href":"https:\/\/www.prociency.com\/es\/wp-json\/wp\/v2\/comments?post=3203"}],"version-history":[{"count":1,"href":"https:\/\/www.prociency.com\/es\/wp-json\/wp\/v2\/pages\/3203\/revisions"}],"predecessor-version":[{"id":3204,"href":"https:\/\/www.prociency.com\/es\/wp-json\/wp\/v2\/pages\/3203\/revisions\/3204"}],"wp:attachment":[{"href":"https:\/\/www.prociency.com\/es\/wp-json\/wp\/v2\/media?parent=3203"}],"curies":[{"name":"wp","href":"https:\/\/api.w.org\/{rel}","templated":true}]}}