{"id":2597,"date":"2023-02-27T16:48:19","date_gmt":"2023-02-27T15:48:19","guid":{"rendered":"https:\/\/prociency.developallin.com\/?page_id=2597"},"modified":"2024-01-26T15:07:01","modified_gmt":"2024-01-26T14:07:01","slug":"servicios","status":"publish","type":"page","link":"https:\/\/www.prociency.com\/es\/servicios\/","title":{"rendered":"Servicios"},"content":{"rendered":"<p>[vc_row row_height_percent=\u00bb0&#8243; override_padding=\u00bbyes\u00bb h_padding=\u00bb2&#8243; top_padding=\u00bb3&#8243; bottom_padding=\u00bb3&#8243; overlay_alpha=\u00bb50&#8243; gutter_size=\u00bb3&#8243; column_width_percent=\u00bb100&#8243; shift_y=\u00bb0&#8243; z_index=\u00bb0&#8243; uncode_shortcode_id=\u00bb184487&#8243; css=\u00bb.vc_custom_1677145153045{padding-top: 60px !important;}\u00bb el_id=\u00bbsection-contactcenter\u00bb][vc_column column_width_percent=\u00bb100&#8243; position_vertical=\u00bbmiddle\u00bb gutter_size=\u00bb3&#8243; overlay_alpha=\u00bb50&#8243; shift_x=\u00bb0&#8243; shift_y=\u00bb0&#8243; shift_y_down=\u00bb0&#8243; z_index=\u00bb0&#8243; medium_width=\u00bb0&#8243; mobile_width=\u00bb0&#8243; width=\u00bb1\/2&#8243; uncode_shortcode_id=\u00bb118770&#8243;][vc_single_image media=\u00bb1016&#8243; media_width_percent=\u00bb100&#8243; shape=\u00bbimg-round\u00bb radius=\u00bbstd\u00bb shadow=\u00bbyes\u00bb shadow_weight=\u00bbsm\u00bb uncode_shortcode_id=\u00bb142441&#8243;][\/vc_column][vc_column column_width_percent=\u00bb100&#8243; position_vertical=\u00bbmiddle\u00bb gutter_size=\u00bb3&#8243; overlay_alpha=\u00bb50&#8243; shift_x=\u00bb0&#8243; shift_y=\u00bb0&#8243; shift_y_down=\u00bb0&#8243; z_index=\u00bb0&#8243; medium_width=\u00bb0&#8243; mobile_width=\u00bb0&#8243; width=\u00bb1\/2&#8243; uncode_shortcode_id=\u00bb148234&#8243;][vc_custom_heading uncode_shortcode_id=\u00bb249654&#8243; el_class=\u00bbright-line-header\u00bb subheading=\u00bbContact Center\u00bb][\/vc_custom_heading][vc_custom_heading uncode_shortcode_id=\u00bb172256&#8243;]<span lang=\"en-GB\"><b><strong>Contact Center y servicio de evaluaci\u00f3n documental<\/strong><br \/>\n<\/b><\/span>[\/vc_custom_heading][vc_column_text uncode_shortcode_id=\u00bb113072&#8243;]<strong>Garantizar la r\u00e1pida atenci\u00f3n a clientes y usuarios de las distintas soluciones de forma eficiente y escalable.<\/strong>[\/vc_column_text][\/vc_column][\/vc_row][vc_row row_height_percent=\u00bb0&#8243; override_padding=\u00bbyes\u00bb h_padding=\u00bb2&#8243; top_padding=\u00bb0&#8243; bottom_padding=\u00bb3&#8243; overlay_alpha=\u00bb50&#8243; equal_height=\u00bbyes\u00bb gutter_size=\u00bb3&#8243; column_width_percent=\u00bb100&#8243; shift_y=\u00bb0&#8243; z_index=\u00bb0&#8243; uncode_shortcode_id=\u00bb672778&#8243; css=\u00bb.vc_custom_1677143293390{padding-top: 60px !important;padding-bottom: 60px !important;}\u00bb][vc_column column_width_percent=\u00bb100&#8243; position_vertical=\u00bbmiddle\u00bb gutter_size=\u00bb3&#8243; overlay_alpha=\u00bb50&#8243; shift_x=\u00bb0&#8243; shift_y=\u00bb0&#8243; shift_y_down=\u00bb0&#8243; z_index=\u00bb0&#8243; medium_width=\u00bb0&#8243; mobile_width=\u00bb0&#8243; width=\u00bb1\/2&#8243; uncode_shortcode_id=\u00bb102854&#8243;][vc_custom_heading uncode_shortcode_id=\u00bb158371&#8243; el_class=\u00bbright-line-header\u00bb subheading=\u00bbContact Center\u00bb]Beneficios[\/vc_custom_heading][vc_column_text uncode_shortcode_id=\u00bb185047&#8243; el_class=\u00bbfeatured-list\u00bb]<\/p>\n<ul>\n<li><strong>Equipo altamente especializado<\/strong>\u00a0para dar soporte a los usuarios por canal telef\u00f3nico y correo electr\u00f3nico.<\/li>\n<li><strong>Soporte en horario laboral<\/strong>\u00a0de lunes a viernes de 8 a 19h.<\/li>\n<li>Servicios\u00a0<strong>multidiomas<\/strong>\u00a0incorporados.<\/li>\n<li><strong>Seguimiento, soluci\u00f3n, cierre y comunicaci\u00f3n<\/strong>\u00a0de la resoluci\u00f3n de incidencias a medida.<\/li>\n<li><strong>Formaci\u00f3n a equipos propios y externos<\/strong>\u00a0en el uso de las aplicaciones y su correcta explotaci\u00f3n.<\/li>\n<li><strong>Acceso directo<\/strong>\u00a0a los Responsables asignados para comunicaciones VIP y a medida en funci\u00f3n de necesidades: comunicaciones, informes especiales\u2026<\/li>\n<\/ul>\n<p>[\/vc_column_text][\/vc_column][vc_column column_width_percent=\u00bb100&#8243; position_vertical=\u00bbmiddle\u00bb gutter_size=\u00bb3&#8243; overlay_alpha=\u00bb50&#8243; shift_x=\u00bb0&#8243; shift_y=\u00bb0&#8243; shift_y_down=\u00bb0&#8243; z_index=\u00bb0&#8243; medium_width=\u00bb0&#8243; mobile_width=\u00bb0&#8243; width=\u00bb1\/2&#8243; uncode_shortcode_id=\u00bb127368&#8243;][vc_single_image media=\u00bb3134&#8243; media_width_percent=\u00bb100&#8243; shape=\u00bbimg-round\u00bb radius=\u00bbstd\u00bb shadow=\u00bbyes\u00bb shadow_weight=\u00bbsm\u00bb uncode_shortcode_id=\u00bb768446&#8243;][\/vc_column][\/vc_row][vc_row row_height_percent=\u00bb0&#8243; override_padding=\u00bbyes\u00bb h_padding=\u00bb2&#8243; top_padding=\u00bb0&#8243; bottom_padding=\u00bb3&#8243; overlay_alpha=\u00bb50&#8243; gutter_size=\u00bb3&#8243; column_width_percent=\u00bb100&#8243; shift_y=\u00bb0&#8243; z_index=\u00bb0&#8243; uncode_shortcode_id=\u00bb677118&#8243; css=\u00bb.vc_custom_1677143283373{padding-top: 60px !important;padding-bottom: 30px !important;}\u00bb][vc_column width=\u00bb1\/1&#8243;][vc_custom_heading uncode_shortcode_id=\u00bb231772&#8243; el_class=\u00bbright-line-header\u00bb subheading=\u00bbContact Center\u00bb]Funcionalidades principales[\/vc_custom_heading][vc_row_inner][vc_column_inner width=\u00bb1\/1&#8243;][vc_column_text uncode_shortcode_id=\u00bb197580&#8243; el_class=\u00bbfeatured-column-list\u00bb]<\/p>\n<p class=\"western\"><strong>Obtener la seguridad del cumplimiento normativo con un equipo altamente especializado para evaluar en tiempo real toda la actividad involucrada.<\/strong><\/p>\n<ul>\n<li><strong>Soporte<\/strong>\u00a0en la definici\u00f3n y evaluaci\u00f3n de riesgos a partir de cada matriz de peligros espec\u00edfica.<\/li>\n<li><strong>Soporte y asesoramiento en la legislaci\u00f3n y normativas<\/strong>\u00a0que apliquen en cada caso en relaci\u00f3n con los riegos laborales.<\/li>\n<li><strong>Evaluaci\u00f3n y control<\/strong>\u00a0documental del cumplimiento de\u00a0<strong>normativas espec\u00edficas de cada empresa.<\/strong><\/li>\n<li>Evaluaci\u00f3n y control de toda la\u00a0<strong>documentaci\u00f3n legal<\/strong>\u00a0de empresas, trabajadores, contratistas, subcontratistas, veh\u00edculos, maquinarias\u2026 para validar o no su acceso a las instalaciones del cliente.<\/li>\n<li><strong>Comunicaci\u00f3n con los afectados<\/strong>\u00a0para seguimiento y subsanaci\u00f3n de incidencias documentales.<\/li>\n<li><strong>Informes semestrales de actividad<\/strong>, o a medida.<\/li>\n<\/ul>\n<p>[\/vc_column_text][\/vc_column_inner][\/vc_row_inner][\/vc_column][\/vc_row][vc_row row_height_percent=\u00bb0&#8243; override_padding=\u00bbyes\u00bb h_padding=\u00bb2&#8243; top_padding=\u00bb0&#8243; bottom_padding=\u00bb3&#8243; back_color=\u00bbcolor-lxmt\u00bb overlay_alpha=\u00bb50&#8243; gutter_size=\u00bb3&#8243; column_width_percent=\u00bb100&#8243; shift_y=\u00bb0&#8243; z_index=\u00bb0&#8243; uncode_shortcode_id=\u00bb686721&#8243; css=\u00bb.vc_custom_1678181875036{padding-top: 60px !important;padding-bottom: 60px !important;}\u00bb el_id=\u00bbsection-elearning\u00bb back_color_type=\u00bbuncode-palette\u00bb][vc_column width=\u00bb1\/6&#8243;][\/vc_column][vc_column width=\u00bb4\/6&#8243;][vc_custom_heading heading_semantic=\u00bbh1&#8243; text_size=\u00bbh1&#8243; uncode_shortcode_id=\u00bb597260&#8243; el_class=\u00bbleft-right-line-header pos-center-header\u00bb subheading=\u00bbServicios E-learning\u00bb]Formaci\u00f3n para empleados[\/vc_custom_heading][vc_column_text uncode_shortcode_id=\u00bb161172&#8243;]<\/p>\n<p style=\"text-align: center;\"><strong>Se trata de un sistema interactivo que permite a los usuarios desde realizar tests de autoevaluaci\u00f3n a visualizar el porcentaje completado de cada curso o las tareas que le quedan para finalizarlo.<\/strong><\/p>\n<p>[\/vc_column_text][\/vc_column][vc_column width=\u00bb1\/6&#8243;][\/vc_column][\/vc_row][vc_row row_height_percent=\u00bb0&#8243; override_padding=\u00bbyes\u00bb h_padding=\u00bb2&#8243; top_padding=\u00bb0&#8243; bottom_padding=\u00bb3&#8243; back_image=\u00bb3051&#8243; back_position=\u00bbcenter bottom\u00bb overlay_color=\u00bbcolor-jevc\u00bb overlay_alpha=\u00bb10&#8243; gutter_size=\u00bb3&#8243; column_width_percent=\u00bb100&#8243; shift_y=\u00bb0&#8243; z_index=\u00bb0&#8243; uncode_shortcode_id=\u00bb125054&#8243; overlay_color_type=\u00bbuncode-palette\u00bb el_id=\u00bbfull-image-divider\u00bb row_height_pixel=\u00bb300px\u00bb][vc_column width=\u00bb1\/1&#8243;][\/vc_column][\/vc_row][vc_row row_height_percent=\u00bb0&#8243; override_padding=\u00bbyes\u00bb h_padding=\u00bb2&#8243; top_padding=\u00bb3&#8243; bottom_padding=\u00bb3&#8243; back_color=\u00bbcolor-lxmt\u00bb overlay_alpha=\u00bb50&#8243; gutter_size=\u00bb3&#8243; column_width_percent=\u00bb100&#8243; shift_y=\u00bb0&#8243; z_index=\u00bb0&#8243; uncode_shortcode_id=\u00bb170899&#8243; css=\u00bb.vc_custom_1678181883413{padding-top: 60px !important;padding-bottom: 60px !important;}\u00bb back_color_type=\u00bbuncode-palette\u00bb][vc_column width=\u00bb1\/2&#8243;][vc_custom_heading uncode_shortcode_id=\u00bb759494&#8243; el_class=\u00bbright-line-header\u00bb subheading=\u00bbServicios e-learning\u00bb]Optimizaci\u00f3n de los recursos de una empresa[\/vc_custom_heading][vc_column_text uncode_shortcode_id=\u00bb103810&#8243;]<strong>Nuestra soluci\u00f3n de e-learning est\u00e1 interconectada con el sistema de\u00a0<u>gesti\u00f3n de competencias<\/u>, obteniendo f\u00e1cilmente un mapa completo de la empresa e identificando la ubicaci\u00f3n, capacidades y competencias de los profesionales que la conforman.<\/strong>[\/vc_column_text][\/vc_column][vc_column column_width_percent=\u00bb100&#8243; position_vertical=\u00bbmiddle\u00bb gutter_size=\u00bb3&#8243; overlay_alpha=\u00bb50&#8243; shift_x=\u00bb0&#8243; shift_y=\u00bb0&#8243; shift_y_down=\u00bb0&#8243; z_index=\u00bb0&#8243; medium_width=\u00bb0&#8243; mobile_width=\u00bb0&#8243; width=\u00bb1\/2&#8243; uncode_shortcode_id=\u00bb203890&#8243;][vc_single_image media=\u00bb995&#8243; media_lightbox=\u00bbyes\u00bb media_width_percent=\u00bb100&#8243; shape=\u00bbimg-round\u00bb radius=\u00bbstd\u00bb shadow=\u00bbyes\u00bb shadow_weight=\u00bbsm\u00bb uncode_shortcode_id=\u00bb734857&#8243;][\/vc_column][\/vc_row][vc_row row_height_percent=\u00bb0&#8243; override_padding=\u00bbyes\u00bb h_padding=\u00bb2&#8243; top_padding=\u00bb0&#8243; bottom_padding=\u00bb3&#8243; back_color=\u00bbcolor-lxmt\u00bb overlay_alpha=\u00bb50&#8243; equal_height=\u00bbyes\u00bb gutter_size=\u00bb3&#8243; column_width_percent=\u00bb100&#8243; shift_y=\u00bb0&#8243; z_index=\u00bb0&#8243; uncode_shortcode_id=\u00bb145095&#8243; css=\u00bb.vc_custom_1678181889978{padding-top: 60px !important;padding-bottom: 60px !important;}\u00bb back_color_type=\u00bbuncode-palette\u00bb][vc_column column_width_percent=\u00bb100&#8243; position_vertical=\u00bbmiddle\u00bb gutter_size=\u00bb3&#8243; overlay_alpha=\u00bb50&#8243; shift_x=\u00bb0&#8243; shift_y=\u00bb0&#8243; shift_y_down=\u00bb0&#8243; z_index=\u00bb0&#8243; medium_width=\u00bb0&#8243; mobile_width=\u00bb0&#8243; width=\u00bb1\/2&#8243; uncode_shortcode_id=\u00bb102854&#8243;][vc_single_image media=\u00bb977&#8243; media_lightbox=\u00bbyes\u00bb media_width_percent=\u00bb100&#8243; alignment=\u00bbcenter\u00bb shape=\u00bbimg-round\u00bb radius=\u00bbstd\u00bb shadow=\u00bbyes\u00bb shadow_weight=\u00bbsm\u00bb uncode_shortcode_id=\u00bb147513&#8243;][\/vc_column][vc_column column_width_percent=\u00bb100&#8243; position_vertical=\u00bbmiddle\u00bb gutter_size=\u00bb3&#8243; overlay_alpha=\u00bb50&#8243; shift_x=\u00bb0&#8243; shift_y=\u00bb0&#8243; shift_y_down=\u00bb0&#8243; z_index=\u00bb0&#8243; medium_width=\u00bb0&#8243; mobile_width=\u00bb0&#8243; width=\u00bb1\/2&#8243; uncode_shortcode_id=\u00bb127368&#8243;][vc_custom_heading uncode_shortcode_id=\u00bb167594&#8243; el_class=\u00bbright-line-header\u00bb subheading=\u00bbServicios e-learning\u00bb]Beneficios[\/vc_custom_heading][vc_column_text uncode_shortcode_id=\u00bb213771&#8243; el_class=\u00bbfeatured-list\u00bb]<\/p>\n<ul>\n<li>Emisi\u00f3n de certificados de formaci\u00f3n e informes de gesti\u00f3n.<\/li>\n<li>Trazabilidad y efectividad de la formaci\u00f3n.<\/li>\n<li>Asegura los requisitos de formaci\u00f3n por parte de los empleados.<\/li>\n<li>Seguimiento de los usuarios en relaci\u00f3n al curso: % de finalizaci\u00f3n, tiempo, notas\u2026<\/li>\n<\/ul>\n<p>[\/vc_column_text][\/vc_column][\/vc_row][vc_row row_height_percent=\u00bb0&#8243; override_padding=\u00bbyes\u00bb h_padding=\u00bb2&#8243; top_padding=\u00bb0&#8243; bottom_padding=\u00bb3&#8243; back_color=\u00bbcolor-lxmt\u00bb overlay_alpha=\u00bb50&#8243; gutter_size=\u00bb3&#8243; column_width_percent=\u00bb100&#8243; shift_y=\u00bb0&#8243; z_index=\u00bb0&#8243; uncode_shortcode_id=\u00bb141771&#8243; css=\u00bb.vc_custom_1678181895318{padding-top: 60px !important;padding-bottom: 30px !important;}\u00bb back_color_type=\u00bbuncode-palette\u00bb][vc_column width=\u00bb1\/1&#8243;][vc_custom_heading uncode_shortcode_id=\u00bb137714&#8243; el_class=\u00bbright-line-header\u00bb subheading=\u00bbServicios e-learning\u00bb]Caracter\u00edsticas[\/vc_custom_heading][vc_row_inner][vc_column_inner width=\u00bb1\/1&#8243;][vc_column_text uncode_shortcode_id=\u00bb159010&#8243; el_class=\u00bbfeatured-column-list\u00bb]<\/p>\n<ul>\n<li>La interfaz es intuitiva y personalizable, con m\u00faltiples perfiles de usuario que se adaptan a las necesidades espec\u00edficas.<\/li>\n<li>Formato de la formaci\u00f3n: recursos propios de la empresa en PPT, HTML y SCORM y audios y v\u00eddeos desarrollados a medida por nosotros.<\/li>\n<li>Test de autoevaluaci\u00f3n de adquisici\u00f3n de conocimientos con nota de corte.<\/li>\n<li>Interacci\u00f3n directa con los contenidos.<\/li>\n<li>Escalabilidad: una vez desarrollado un m\u00f3dulo de formaci\u00f3n, se puede aplicar a un n\u00famero ilimitado de usuarios y departamentos.<\/li>\n<li>Integraci\u00f3n interdepartamental y conexi\u00f3n con la aplicaci\u00f3n de gesti\u00f3n por competencias.<\/li>\n<\/ul>\n<p>[\/vc_column_text][\/vc_column_inner][\/vc_row_inner][\/vc_column][\/vc_row]<\/p>\n","protected":false},"excerpt":{"rendered":"<p>[vc_row row_height_percent=\u00bb0&#8243; override_padding=\u00bbyes\u00bb h_padding=\u00bb2&#8243; top_padding=\u00bb3&#8243; bottom_padding=\u00bb3&#8243; overlay_alpha=\u00bb50&#8243; gutter_size=\u00bb3&#8243; column_width_percent=\u00bb100&#8243; shift_y=\u00bb0&#8243; z_index=\u00bb0&#8243; uncode_shortcode_id=\u00bb184487&#8243; css=\u00bb.vc_custom_1677145153045{padding-top: 60px !important;}\u00bb el_id=\u00bbsection-contactcenter\u00bb][vc_column column_width_percent=\u00bb100&#8243; position_vertical=\u00bbmiddle\u00bb gutter_size=\u00bb3&#8243; overlay_alpha=\u00bb50&#8243; [&hellip;]<\/p>\n","protected":false},"author":1,"featured_media":0,"parent":0,"menu_order":0,"comment_status":"closed","ping_status":"closed","template":"","meta":[],"yoast_head":"<!-- This site is optimized with the Yoast SEO plugin v20.8 - https:\/\/yoast.com\/wordpress\/plugins\/seo\/ -->\n<title>Servicios - Prociency<\/title>\n<meta name=\"description\" content=\"En Prociency ofrecemos servicios de contact center y de formaci\u00f3n para empleados. \u00a1Conf\u00eda en nosotros para la digitalizaci\u00f3n!\" \/>\n<meta name=\"robots\" content=\"index, follow, max-snippet:-1, max-image-preview:large, max-video-preview:-1\" \/>\n<link rel=\"canonical\" href=\"https:\/\/www.prociency.com\/es\/servicios\/\" \/>\n<meta property=\"og:locale\" content=\"es_ES\" \/>\n<meta property=\"og:type\" content=\"article\" \/>\n<meta property=\"og:title\" content=\"Servicios - Prociency\" \/>\n<meta property=\"og:description\" content=\"En Prociency ofrecemos servicios de contact center y de formaci\u00f3n para empleados. \u00a1Conf\u00eda en nosotros para la digitalizaci\u00f3n!\" \/>\n<meta property=\"og:url\" content=\"https:\/\/www.prociency.com\/es\/servicios\/\" \/>\n<meta property=\"og:site_name\" content=\"Prociency\" \/>\n<meta property=\"article:modified_time\" content=\"2024-01-26T14:07:01+00:00\" \/>\n<meta name=\"twitter:card\" content=\"summary_large_image\" \/>\n<meta name=\"twitter:label1\" content=\"Est. reading time\" \/>\n\t<meta name=\"twitter:data1\" content=\"4 minutos\" \/>\n<script type=\"application\/ld+json\" class=\"yoast-schema-graph\">{\"@context\":\"https:\/\/schema.org\",\"@graph\":[{\"@type\":\"WebPage\",\"@id\":\"https:\/\/www.prociency.com\/es\/servicios\/\",\"url\":\"https:\/\/www.prociency.com\/es\/servicios\/\",\"name\":\"Servicios - Prociency\",\"isPartOf\":{\"@id\":\"https:\/\/www.prociency.com\/es\/#website\"},\"datePublished\":\"2023-02-27T15:48:19+00:00\",\"dateModified\":\"2024-01-26T14:07:01+00:00\",\"description\":\"En Prociency ofrecemos servicios de contact center y de formaci\u00f3n para empleados. \u00a1Conf\u00eda en nosotros para la digitalizaci\u00f3n!\",\"breadcrumb\":{\"@id\":\"https:\/\/www.prociency.com\/es\/servicios\/#breadcrumb\"},\"inLanguage\":\"es\",\"potentialAction\":[{\"@type\":\"ReadAction\",\"target\":[\"https:\/\/www.prociency.com\/es\/servicios\/\"]}]},{\"@type\":\"BreadcrumbList\",\"@id\":\"https:\/\/www.prociency.com\/es\/servicios\/#breadcrumb\",\"itemListElement\":[{\"@type\":\"ListItem\",\"position\":1,\"name\":\"Home\",\"item\":\"https:\/\/www.prociency.com\/es\/\"},{\"@type\":\"ListItem\",\"position\":2,\"name\":\"Servicios\"}]},{\"@type\":\"WebSite\",\"@id\":\"https:\/\/www.prociency.com\/es\/#website\",\"url\":\"https:\/\/www.prociency.com\/es\/\",\"name\":\"Prociency\",\"description\":\"Prociency\",\"publisher\":{\"@id\":\"https:\/\/www.prociency.com\/es\/#organization\"},\"potentialAction\":[{\"@type\":\"SearchAction\",\"target\":{\"@type\":\"EntryPoint\",\"urlTemplate\":\"https:\/\/www.prociency.com\/es\/?s={search_term_string}\"},\"query-input\":\"required name=search_term_string\"}],\"inLanguage\":\"es\"},{\"@type\":\"Organization\",\"@id\":\"https:\/\/www.prociency.com\/es\/#organization\",\"name\":\"Prociency\",\"url\":\"https:\/\/www.prociency.com\/es\/\",\"logo\":{\"@type\":\"ImageObject\",\"inLanguage\":\"es\",\"@id\":\"https:\/\/www.prociency.com\/es\/#\/schema\/logo\/image\/\",\"url\":\"https:\/\/prociency.developallin.com\/wp-content\/uploads\/2021\/10\/logo-prociency-negative.svg\",\"contentUrl\":\"https:\/\/prociency.developallin.com\/wp-content\/uploads\/2021\/10\/logo-prociency-negative.svg\",\"width\":1,\"height\":1,\"caption\":\"Prociency\"},\"image\":{\"@id\":\"https:\/\/www.prociency.com\/es\/#\/schema\/logo\/image\/\"}}]}<\/script>\n<!-- \/ Yoast SEO plugin. -->","yoast_head_json":{"title":"Servicios - Prociency","description":"En Prociency ofrecemos servicios de contact center y de formaci\u00f3n para empleados. \u00a1Conf\u00eda en nosotros para la digitalizaci\u00f3n!","robots":{"index":"index","follow":"follow","max-snippet":"max-snippet:-1","max-image-preview":"max-image-preview:large","max-video-preview":"max-video-preview:-1"},"canonical":"https:\/\/www.prociency.com\/es\/servicios\/","og_locale":"es_ES","og_type":"article","og_title":"Servicios - Prociency","og_description":"En Prociency ofrecemos servicios de contact center y de formaci\u00f3n para empleados. \u00a1Conf\u00eda en nosotros para la digitalizaci\u00f3n!","og_url":"https:\/\/www.prociency.com\/es\/servicios\/","og_site_name":"Prociency","article_modified_time":"2024-01-26T14:07:01+00:00","twitter_card":"summary_large_image","twitter_misc":{"Est. reading time":"4 minutos"},"schema":{"@context":"https:\/\/schema.org","@graph":[{"@type":"WebPage","@id":"https:\/\/www.prociency.com\/es\/servicios\/","url":"https:\/\/www.prociency.com\/es\/servicios\/","name":"Servicios - Prociency","isPartOf":{"@id":"https:\/\/www.prociency.com\/es\/#website"},"datePublished":"2023-02-27T15:48:19+00:00","dateModified":"2024-01-26T14:07:01+00:00","description":"En Prociency ofrecemos servicios de contact center y de formaci\u00f3n para empleados. \u00a1Conf\u00eda en nosotros para la digitalizaci\u00f3n!","breadcrumb":{"@id":"https:\/\/www.prociency.com\/es\/servicios\/#breadcrumb"},"inLanguage":"es","potentialAction":[{"@type":"ReadAction","target":["https:\/\/www.prociency.com\/es\/servicios\/"]}]},{"@type":"BreadcrumbList","@id":"https:\/\/www.prociency.com\/es\/servicios\/#breadcrumb","itemListElement":[{"@type":"ListItem","position":1,"name":"Home","item":"https:\/\/www.prociency.com\/es\/"},{"@type":"ListItem","position":2,"name":"Servicios"}]},{"@type":"WebSite","@id":"https:\/\/www.prociency.com\/es\/#website","url":"https:\/\/www.prociency.com\/es\/","name":"Prociency","description":"Prociency","publisher":{"@id":"https:\/\/www.prociency.com\/es\/#organization"},"potentialAction":[{"@type":"SearchAction","target":{"@type":"EntryPoint","urlTemplate":"https:\/\/www.prociency.com\/es\/?s={search_term_string}"},"query-input":"required name=search_term_string"}],"inLanguage":"es"},{"@type":"Organization","@id":"https:\/\/www.prociency.com\/es\/#organization","name":"Prociency","url":"https:\/\/www.prociency.com\/es\/","logo":{"@type":"ImageObject","inLanguage":"es","@id":"https:\/\/www.prociency.com\/es\/#\/schema\/logo\/image\/","url":"https:\/\/prociency.developallin.com\/wp-content\/uploads\/2021\/10\/logo-prociency-negative.svg","contentUrl":"https:\/\/prociency.developallin.com\/wp-content\/uploads\/2021\/10\/logo-prociency-negative.svg","width":1,"height":1,"caption":"Prociency"},"image":{"@id":"https:\/\/www.prociency.com\/es\/#\/schema\/logo\/image\/"}}]}},"_links":{"self":[{"href":"https:\/\/www.prociency.com\/es\/wp-json\/wp\/v2\/pages\/2597"}],"collection":[{"href":"https:\/\/www.prociency.com\/es\/wp-json\/wp\/v2\/pages"}],"about":[{"href":"https:\/\/www.prociency.com\/es\/wp-json\/wp\/v2\/types\/page"}],"author":[{"embeddable":true,"href":"https:\/\/www.prociency.com\/es\/wp-json\/wp\/v2\/users\/1"}],"replies":[{"embeddable":true,"href":"https:\/\/www.prociency.com\/es\/wp-json\/wp\/v2\/comments?post=2597"}],"version-history":[{"count":30,"href":"https:\/\/www.prociency.com\/es\/wp-json\/wp\/v2\/pages\/2597\/revisions"}],"predecessor-version":[{"id":3223,"href":"https:\/\/www.prociency.com\/es\/wp-json\/wp\/v2\/pages\/2597\/revisions\/3223"}],"wp:attachment":[{"href":"https:\/\/www.prociency.com\/es\/wp-json\/wp\/v2\/media?parent=2597"}],"curies":[{"name":"wp","href":"https:\/\/api.w.org\/{rel}","templated":true}]}}