{"id":2592,"date":"2023-02-27T16:44:34","date_gmt":"2023-02-27T15:44:34","guid":{"rendered":"https:\/\/prociency.developallin.com\/?page_id=2592"},"modified":"2024-01-26T15:42:57","modified_gmt":"2024-01-26T14:42:57","slug":"i-goverment","status":"publish","type":"page","link":"https:\/\/www.prociency.com\/es\/i-goverment\/","title":{"rendered":"i-Goverment"},"content":{"rendered":"<p>[vc_row row_height_percent=\u00bb0&#8243; override_padding=\u00bbyes\u00bb h_padding=\u00bb2&#8243; top_padding=\u00bb2&#8243; bottom_padding=\u00bb3&#8243; overlay_alpha=\u00bb50&#8243; gutter_size=\u00bb3&#8243; column_width_percent=\u00bb100&#8243; shift_y=\u00bb0&#8243; z_index=\u00bb0&#8243; uncode_shortcode_id=\u00bb654540&#8243; css=\u00bb.vc_custom_1672230998933{padding-top: 60px !important;}\u00bb][vc_column column_width_percent=\u00bb100&#8243; position_vertical=\u00bbmiddle\u00bb gutter_size=\u00bb3&#8243; overlay_alpha=\u00bb50&#8243; shift_x=\u00bb0&#8243; shift_y=\u00bb0&#8243; shift_y_down=\u00bb0&#8243; z_index=\u00bb0&#8243; medium_width=\u00bb0&#8243; mobile_width=\u00bb0&#8243; width=\u00bb1\/2&#8243; uncode_shortcode_id=\u00bb118770&#8243;][vc_single_image media=\u00bb2685&#8243; media_width_percent=\u00bb100&#8243; shape=\u00bbimg-round\u00bb radius=\u00bbstd\u00bb shadow=\u00bbyes\u00bb shadow_weight=\u00bbsm\u00bb uncode_shortcode_id=\u00bb302515&#8243;][\/vc_column][vc_column column_width_percent=\u00bb100&#8243; position_vertical=\u00bbmiddle\u00bb gutter_size=\u00bb3&#8243; overlay_alpha=\u00bb50&#8243; shift_x=\u00bb0&#8243; shift_y=\u00bb0&#8243; shift_y_down=\u00bb0&#8243; z_index=\u00bb0&#8243; medium_width=\u00bb0&#8243; mobile_width=\u00bb0&#8243; width=\u00bb1\/2&#8243; uncode_shortcode_id=\u00bb148234&#8243;][vc_custom_heading uncode_shortcode_id=\u00bb471533&#8243;]<strong>Gesti\u00f3n documental de procesos y agendas complejas<\/strong>[\/vc_custom_heading][vc_column_text uncode_shortcode_id=\u00bb607587&#8243;]<\/p>\n<h4>Una soluci\u00f3n segura, ordenada y relacional de la documentaci\u00f3n para gobernar.<\/h4>\n<p>[\/vc_column_text][\/vc_column][\/vc_row][vc_row row_height_percent=\u00bb0&#8243; back_color=\u00bbcolor-lxmt\u00bb overlay_alpha=\u00bb50&#8243; equal_height=\u00bbyes\u00bb gutter_size=\u00bb3&#8243; column_width_percent=\u00bb100&#8243; shift_y=\u00bb0&#8243; z_index=\u00bb0&#8243; uncode_shortcode_id=\u00bb181950&#8243; css=\u00bb.vc_custom_1672231576095{padding-top: 60px !important;padding-bottom: 60px !important;}\u00bb back_color_type=\u00bbuncode-palette\u00bb][vc_column column_width_percent=\u00bb100&#8243; position_vertical=\u00bbmiddle\u00bb gutter_size=\u00bb3&#8243; overlay_alpha=\u00bb50&#8243; shift_x=\u00bb0&#8243; shift_y=\u00bb0&#8243; shift_y_down=\u00bb0&#8243; z_index=\u00bb0&#8243; medium_width=\u00bb0&#8243; mobile_width=\u00bb0&#8243; width=\u00bb1\/2&#8243; uncode_shortcode_id=\u00bb102854&#8243;][vc_custom_heading uncode_shortcode_id=\u00bb884150&#8243; el_class=\u00bbright-line-header\u00bb subheading=\u00bbi-Goverment\u00bb]Beneficios[\/vc_custom_heading][vc_column_text uncode_shortcode_id=\u00bb175802&#8243; el_class=\u00bbfeatured-list\u00bb]<\/p>\n<h3 class=\"h4\">Eliminar la dispersi\u00f3n, duplicidades, desorden y aislamiento de la informaci\u00f3n y agenda de gobierno.<\/h3>\n<ul>\n<li><strong>Una fuente de datos ordenada y relacional<\/strong>. Sin p\u00e9rdidas de documentos.<\/li>\n<li><strong>Procesos bien definidos<\/strong>. El sistema ayuda a dirigir la informaci\u00f3n, las preguntas y solicitudes de entrevistas, las comunicaciones electr\u00f3nicas asociadas, los protocolos de respuesta para cada nivel de responsabilidad.<\/li>\n<li><strong>Maximizar el rendimiento<\/strong>\u00a0de los equipos con una soluci\u00f3n intuitiva y f\u00e1cil de usar.<\/li>\n<li><strong>Disminuir el tiempo de respuesta y tramitaci\u00f3n de demandas de informaci\u00f3n internas y externas.<\/strong><\/li>\n<li><strong>Informes y an\u00e1lisis de datos: Mejorar los datos y metodolog\u00edas de captaci\u00f3n autom\u00e1tica para an\u00e1lisis m\u00e1s eficientes.<\/strong><\/li>\n<\/ul>\n<p>[\/vc_column_text][\/vc_column][vc_column column_width_percent=\u00bb100&#8243; position_vertical=\u00bbmiddle\u00bb gutter_size=\u00bb3&#8243; overlay_alpha=\u00bb50&#8243; shift_x=\u00bb0&#8243; shift_y=\u00bb0&#8243; shift_y_down=\u00bb0&#8243; z_index=\u00bb0&#8243; medium_width=\u00bb0&#8243; mobile_width=\u00bb0&#8243; width=\u00bb1\/2&#8243; uncode_shortcode_id=\u00bb127368&#8243;][vc_single_image media=\u00bb1047&#8243; media_width_percent=\u00bb100&#8243; shape=\u00bbimg-round\u00bb radius=\u00bbstd\u00bb shadow=\u00bbyes\u00bb shadow_weight=\u00bbsm\u00bb uncode_shortcode_id=\u00bb127003&#8243;][\/vc_column][\/vc_row][vc_row row_height_percent=\u00bb0&#8243; overlay_alpha=\u00bb50&#8243; gutter_size=\u00bb3&#8243; column_width_percent=\u00bb100&#8243; shift_y=\u00bb0&#8243; z_index=\u00bb0&#8243; uncode_shortcode_id=\u00bb426673&#8243; css=\u00bb.vc_custom_1672231570378{padding-top: 60px !important;padding-bottom: 30px !important;}\u00bb][vc_column width=\u00bb1\/1&#8243;][vc_custom_heading uncode_shortcode_id=\u00bb925763&#8243; el_class=\u00bbright-line-header\u00bb subheading=\u00bbi-Goverment\u00bb]Funcionalidades principales[\/vc_custom_heading][vc_column_text uncode_shortcode_id=\u00bb197003&#8243; el_class=\u00bbfeatured-list\u00bb css=\u00bb.vc_custom_1677777434240{margin-bottom: 50px !important;}\u00bb]<\/p>\n<h4>Agilizar la gesti\u00f3n burocr\u00e1tica de los procesos de gobierno.<br \/>\nAsegurar el control y procedimientos administrativos de la manera m\u00e1s eficiente y din\u00e1mica.<\/h4>\n<p>[\/vc_column_text][vc_row_inner row_inner_height_percent=\u00bb0&#8243; overlay_alpha=\u00bb50&#8243; gutter_size=\u00bb3&#8243; shift_y=\u00bb0&#8243; z_index=\u00bb0&#8243; uncode_shortcode_id=\u00bb184723&#8243; shape_dividers=\u00bb\u00bb][vc_column_inner width=\u00bb1\/1&#8243;][vc_column_text uncode_shortcode_id=\u00bb102561&#8243; el_class=\u00bbfeatured-column-list\u00bb]<\/p>\n<ul>\n<li><strong>Toda la informaci\u00f3n de un archivo espec\u00edfico se enlaza adecuadamente <\/strong>para garantizar la disponibilidad inmediata de cualquier actualizaci\u00f3n.<\/li>\n<li><strong>Seguridad y encriptaci\u00f3n<\/strong>, visualizaci\u00f3n a medida en funci\u00f3n de roles y permisos configurados a medida.<\/li>\n<li><strong>Programaci\u00f3n y planificaci\u00f3n<\/strong>. El sistema organiza las agendas teniendo en cuenta las urgencias, actividades con fechas variables y las cancelaciones imprevistas.<\/li>\n<li><strong>Comunicaci\u00f3n autom\u00e1tica<\/strong>\u00a0de los cambios de agenda a las personas afectadas.<\/li>\n<li>Construcci\u00f3n autom\u00e1tica y din\u00e1mica del\u00a0<strong>organigrama por competencias. \u00bfqui\u00e9n hace qu\u00e9?, \u00bfqui\u00e9n sabe qu\u00e9?<\/strong><\/li>\n<\/ul>\n<p>[\/vc_column_text][\/vc_column_inner][\/vc_row_inner][\/vc_column][\/vc_row]<\/p>\n","protected":false},"excerpt":{"rendered":"<p>[vc_row row_height_percent=\u00bb0&#8243; override_padding=\u00bbyes\u00bb h_padding=\u00bb2&#8243; top_padding=\u00bb2&#8243; bottom_padding=\u00bb3&#8243; overlay_alpha=\u00bb50&#8243; gutter_size=\u00bb3&#8243; column_width_percent=\u00bb100&#8243; shift_y=\u00bb0&#8243; z_index=\u00bb0&#8243; uncode_shortcode_id=\u00bb654540&#8243; css=\u00bb.vc_custom_1672230998933{padding-top: 60px !important;}\u00bb][vc_column column_width_percent=\u00bb100&#8243; position_vertical=\u00bbmiddle\u00bb gutter_size=\u00bb3&#8243; overlay_alpha=\u00bb50&#8243; shift_x=\u00bb0&#8243; [&hellip;]<\/p>\n","protected":false},"author":1,"featured_media":0,"parent":0,"menu_order":0,"comment_status":"closed","ping_status":"closed","template":"","meta":[],"yoast_head":"<!-- This site is optimized with the Yoast SEO plugin v20.8 - https:\/\/yoast.com\/wordpress\/plugins\/seo\/ -->\n<title>Gesti\u00f3n documental - Prociency<\/title>\n<meta name=\"description\" content=\"En Prociency ofrecemos soluciones digitales innovadoras hechas a medida para empresas del sector i-Goverment \u00a1Te acompa\u00f1amos durante todo el camino!\" \/>\n<meta name=\"robots\" content=\"index, follow, max-snippet:-1, max-image-preview:large, max-video-preview:-1\" \/>\n<link rel=\"canonical\" href=\"https:\/\/www.prociency.com\/es\/i-goverment\/\" \/>\n<meta property=\"og:locale\" content=\"es_ES\" \/>\n<meta property=\"og:type\" content=\"article\" \/>\n<meta property=\"og:title\" content=\"Gesti\u00f3n documental - Prociency\" \/>\n<meta property=\"og:description\" content=\"En Prociency ofrecemos soluciones digitales innovadoras hechas a medida para empresas del sector i-Goverment \u00a1Te acompa\u00f1amos durante todo el camino!\" \/>\n<meta property=\"og:url\" content=\"https:\/\/www.prociency.com\/es\/i-goverment\/\" \/>\n<meta property=\"og:site_name\" content=\"Prociency\" \/>\n<meta property=\"article:modified_time\" content=\"2024-01-26T14:42:57+00:00\" \/>\n<meta name=\"twitter:card\" content=\"summary_large_image\" \/>\n<meta name=\"twitter:label1\" content=\"Est. reading time\" \/>\n\t<meta name=\"twitter:data1\" content=\"2 minutos\" \/>\n<script type=\"application\/ld+json\" class=\"yoast-schema-graph\">{\"@context\":\"https:\/\/schema.org\",\"@graph\":[{\"@type\":\"WebPage\",\"@id\":\"https:\/\/www.prociency.com\/es\/i-goverment\/\",\"url\":\"https:\/\/www.prociency.com\/es\/i-goverment\/\",\"name\":\"Gesti\u00f3n documental - Prociency\",\"isPartOf\":{\"@id\":\"https:\/\/www.prociency.com\/es\/#website\"},\"datePublished\":\"2023-02-27T15:44:34+00:00\",\"dateModified\":\"2024-01-26T14:42:57+00:00\",\"description\":\"En Prociency ofrecemos soluciones digitales innovadoras hechas a medida para empresas del sector i-Goverment \u00a1Te acompa\u00f1amos durante todo el camino!\",\"breadcrumb\":{\"@id\":\"https:\/\/www.prociency.com\/es\/i-goverment\/#breadcrumb\"},\"inLanguage\":\"es\",\"potentialAction\":[{\"@type\":\"ReadAction\",\"target\":[\"https:\/\/www.prociency.com\/es\/i-goverment\/\"]}]},{\"@type\":\"BreadcrumbList\",\"@id\":\"https:\/\/www.prociency.com\/es\/i-goverment\/#breadcrumb\",\"itemListElement\":[{\"@type\":\"ListItem\",\"position\":1,\"name\":\"Home\",\"item\":\"https:\/\/www.prociency.com\/es\/\"},{\"@type\":\"ListItem\",\"position\":2,\"name\":\"i-Goverment\"}]},{\"@type\":\"WebSite\",\"@id\":\"https:\/\/www.prociency.com\/es\/#website\",\"url\":\"https:\/\/www.prociency.com\/es\/\",\"name\":\"Prociency\",\"description\":\"Prociency\",\"publisher\":{\"@id\":\"https:\/\/www.prociency.com\/es\/#organization\"},\"potentialAction\":[{\"@type\":\"SearchAction\",\"target\":{\"@type\":\"EntryPoint\",\"urlTemplate\":\"https:\/\/www.prociency.com\/es\/?s={search_term_string}\"},\"query-input\":\"required name=search_term_string\"}],\"inLanguage\":\"es\"},{\"@type\":\"Organization\",\"@id\":\"https:\/\/www.prociency.com\/es\/#organization\",\"name\":\"Prociency\",\"url\":\"https:\/\/www.prociency.com\/es\/\",\"logo\":{\"@type\":\"ImageObject\",\"inLanguage\":\"es\",\"@id\":\"https:\/\/www.prociency.com\/es\/#\/schema\/logo\/image\/\",\"url\":\"https:\/\/prociency.developallin.com\/wp-content\/uploads\/2021\/10\/logo-prociency-negative.svg\",\"contentUrl\":\"https:\/\/prociency.developallin.com\/wp-content\/uploads\/2021\/10\/logo-prociency-negative.svg\",\"width\":1,\"height\":1,\"caption\":\"Prociency\"},\"image\":{\"@id\":\"https:\/\/www.prociency.com\/es\/#\/schema\/logo\/image\/\"}}]}<\/script>\n<!-- \/ Yoast SEO plugin. -->","yoast_head_json":{"title":"Gesti\u00f3n documental - Prociency","description":"En Prociency ofrecemos soluciones digitales innovadoras hechas a medida para empresas del sector i-Goverment \u00a1Te acompa\u00f1amos durante todo el camino!","robots":{"index":"index","follow":"follow","max-snippet":"max-snippet:-1","max-image-preview":"max-image-preview:large","max-video-preview":"max-video-preview:-1"},"canonical":"https:\/\/www.prociency.com\/es\/i-goverment\/","og_locale":"es_ES","og_type":"article","og_title":"Gesti\u00f3n documental - Prociency","og_description":"En Prociency ofrecemos soluciones digitales innovadoras hechas a medida para empresas del sector i-Goverment \u00a1Te acompa\u00f1amos durante todo el camino!","og_url":"https:\/\/www.prociency.com\/es\/i-goverment\/","og_site_name":"Prociency","article_modified_time":"2024-01-26T14:42:57+00:00","twitter_card":"summary_large_image","twitter_misc":{"Est. reading time":"2 minutos"},"schema":{"@context":"https:\/\/schema.org","@graph":[{"@type":"WebPage","@id":"https:\/\/www.prociency.com\/es\/i-goverment\/","url":"https:\/\/www.prociency.com\/es\/i-goverment\/","name":"Gesti\u00f3n documental - Prociency","isPartOf":{"@id":"https:\/\/www.prociency.com\/es\/#website"},"datePublished":"2023-02-27T15:44:34+00:00","dateModified":"2024-01-26T14:42:57+00:00","description":"En Prociency ofrecemos soluciones digitales innovadoras hechas a medida para empresas del sector i-Goverment \u00a1Te acompa\u00f1amos durante todo el camino!","breadcrumb":{"@id":"https:\/\/www.prociency.com\/es\/i-goverment\/#breadcrumb"},"inLanguage":"es","potentialAction":[{"@type":"ReadAction","target":["https:\/\/www.prociency.com\/es\/i-goverment\/"]}]},{"@type":"BreadcrumbList","@id":"https:\/\/www.prociency.com\/es\/i-goverment\/#breadcrumb","itemListElement":[{"@type":"ListItem","position":1,"name":"Home","item":"https:\/\/www.prociency.com\/es\/"},{"@type":"ListItem","position":2,"name":"i-Goverment"}]},{"@type":"WebSite","@id":"https:\/\/www.prociency.com\/es\/#website","url":"https:\/\/www.prociency.com\/es\/","name":"Prociency","description":"Prociency","publisher":{"@id":"https:\/\/www.prociency.com\/es\/#organization"},"potentialAction":[{"@type":"SearchAction","target":{"@type":"EntryPoint","urlTemplate":"https:\/\/www.prociency.com\/es\/?s={search_term_string}"},"query-input":"required name=search_term_string"}],"inLanguage":"es"},{"@type":"Organization","@id":"https:\/\/www.prociency.com\/es\/#organization","name":"Prociency","url":"https:\/\/www.prociency.com\/es\/","logo":{"@type":"ImageObject","inLanguage":"es","@id":"https:\/\/www.prociency.com\/es\/#\/schema\/logo\/image\/","url":"https:\/\/prociency.developallin.com\/wp-content\/uploads\/2021\/10\/logo-prociency-negative.svg","contentUrl":"https:\/\/prociency.developallin.com\/wp-content\/uploads\/2021\/10\/logo-prociency-negative.svg","width":1,"height":1,"caption":"Prociency"},"image":{"@id":"https:\/\/www.prociency.com\/es\/#\/schema\/logo\/image\/"}}]}},"_links":{"self":[{"href":"https:\/\/www.prociency.com\/es\/wp-json\/wp\/v2\/pages\/2592"}],"collection":[{"href":"https:\/\/www.prociency.com\/es\/wp-json\/wp\/v2\/pages"}],"about":[{"href":"https:\/\/www.prociency.com\/es\/wp-json\/wp\/v2\/types\/page"}],"author":[{"embeddable":true,"href":"https:\/\/www.prociency.com\/es\/wp-json\/wp\/v2\/users\/1"}],"replies":[{"embeddable":true,"href":"https:\/\/www.prociency.com\/es\/wp-json\/wp\/v2\/comments?post=2592"}],"version-history":[{"count":7,"href":"https:\/\/www.prociency.com\/es\/wp-json\/wp\/v2\/pages\/2592\/revisions"}],"predecessor-version":[{"id":2859,"href":"https:\/\/www.prociency.com\/es\/wp-json\/wp\/v2\/pages\/2592\/revisions\/2859"}],"wp:attachment":[{"href":"https:\/\/www.prociency.com\/es\/wp-json\/wp\/v2\/media?parent=2592"}],"curies":[{"name":"wp","href":"https:\/\/api.w.org\/{rel}","templated":true}]}}