{"id":2579,"date":"2023-02-27T16:38:09","date_gmt":"2023-02-27T15:38:09","guid":{"rendered":"https:\/\/prociency.developallin.com\/?page_id=2579"},"modified":"2024-01-26T15:00:55","modified_gmt":"2024-01-26T14:00:55","slug":"gestion-de-procesos","status":"publish","type":"page","link":"https:\/\/www.prociency.com\/es\/gestion-de-procesos\/","title":{"rendered":"Gesti\u00f3n de procesos"},"content":{"rendered":"<p>[vc_row row_height_percent=\u00bb0&#8243; override_padding=\u00bbyes\u00bb h_padding=\u00bb2&#8243; top_padding=\u00bb2&#8243; bottom_padding=\u00bb3&#8243; overlay_alpha=\u00bb50&#8243; gutter_size=\u00bb3&#8243; column_width_percent=\u00bb100&#8243; shift_y=\u00bb0&#8243; z_index=\u00bb0&#8243; uncode_shortcode_id=\u00bb654540&#8243; css=\u00bb.vc_custom_1672230998933{padding-top: 60px !important;}\u00bb][vc_column column_width_percent=\u00bb100&#8243; position_vertical=\u00bbmiddle\u00bb gutter_size=\u00bb3&#8243; overlay_alpha=\u00bb50&#8243; shift_x=\u00bb0&#8243; shift_y=\u00bb0&#8243; shift_y_down=\u00bb0&#8243; z_index=\u00bb0&#8243; medium_width=\u00bb0&#8243; mobile_width=\u00bb0&#8243; width=\u00bb1\/2&#8243; uncode_shortcode_id=\u00bb203187&#8243;][vc_single_image media=\u00bb2689&#8243; media_lightbox=\u00bbyes\u00bb media_width_percent=\u00bb100&#8243; shape=\u00bbimg-round\u00bb radius=\u00bbstd\u00bb shadow=\u00bbyes\u00bb shadow_weight=\u00bbsm\u00bb uncode_shortcode_id=\u00bb246032&#8243;][\/vc_column][vc_column column_width_percent=\u00bb100&#8243; position_vertical=\u00bbmiddle\u00bb gutter_size=\u00bb3&#8243; overlay_alpha=\u00bb50&#8243; shift_x=\u00bb0&#8243; shift_y=\u00bb0&#8243; shift_y_down=\u00bb0&#8243; z_index=\u00bb0&#8243; medium_width=\u00bb0&#8243; mobile_width=\u00bb0&#8243; width=\u00bb1\/2&#8243; uncode_shortcode_id=\u00bb192392&#8243;][vc_custom_heading uncode_shortcode_id=\u00bb126641&#8243;]<strong>Una herramienta para el dise\u00f1o, explotaci\u00f3n y seguimiento de los procesos.<\/strong>[\/vc_custom_heading][vc_column_text uncode_shortcode_id=\u00bb181483&#8243;]<strong>Gesti\u00f3n estrat\u00e9gica de las actividades de la empresa.<\/strong>[\/vc_column_text][\/vc_column][\/vc_row][vc_row row_height_percent=\u00bb0&#8243; back_color=\u00bbcolor-lxmt\u00bb overlay_alpha=\u00bb50&#8243; equal_height=\u00bbyes\u00bb gutter_size=\u00bb3&#8243; column_width_percent=\u00bb100&#8243; shift_y=\u00bb0&#8243; z_index=\u00bb0&#8243; uncode_shortcode_id=\u00bb181950&#8243; css=\u00bb.vc_custom_1672231576095{padding-top: 60px !important;padding-bottom: 60px !important;}\u00bb back_color_type=\u00bbuncode-palette\u00bb][vc_column column_width_percent=\u00bb100&#8243; position_vertical=\u00bbmiddle\u00bb gutter_size=\u00bb3&#8243; overlay_alpha=\u00bb50&#8243; shift_x=\u00bb0&#8243; shift_y=\u00bb0&#8243; shift_y_down=\u00bb0&#8243; z_index=\u00bb0&#8243; medium_width=\u00bb0&#8243; mobile_width=\u00bb0&#8243; width=\u00bb1\/2&#8243; uncode_shortcode_id=\u00bb102854&#8243;][vc_custom_heading uncode_shortcode_id=\u00bb185226&#8243; el_class=\u00bbright-line-header\u00bb subheading=\u00bbGesti\u00f3n de procesos\u00bb]Beneficios[\/vc_custom_heading][vc_column_text uncode_shortcode_id=\u00bb187962&#8243; el_class=\u00bbfeatured-list\u00bb]<strong>Potenciar la excelencia empresarial estableciendo los procesos y procedimientos clave y su seguimiento.<\/strong><\/p>\n<ul>\n<li><strong>Organizar y visualizar la empresa<\/strong>\u00a0con una mapa de procesos de todas las actividades que se realizan para entregar valor a los clientes.<\/li>\n<li><strong>Identificar<\/strong>\u00a0los procesos de soporte, estrat\u00e9gicos, cadenas de valor clave y sus interrelaciones.<\/li>\n<li><strong>Controlar los indicadores de cada proceso<\/strong>\u00a0y detectar \u00e1reas de mejora.<\/li>\n<li><strong>Dise\u00f1ar nuevos procesos y procedimientos<\/strong>, documentar y actualizar autom\u00e1ticamente las mejoras y modificaciones.<\/li>\n<li><strong>Alinear a la organizaci\u00f3n con la estrategia y visi\u00f3n<\/strong>\u00a0de forma eficiente, medible, mejorando de forma continua.<\/li>\n<\/ul>\n<p>[\/vc_column_text][\/vc_column][vc_column column_width_percent=\u00bb100&#8243; position_vertical=\u00bbmiddle\u00bb gutter_size=\u00bb3&#8243; overlay_alpha=\u00bb50&#8243; shift_x=\u00bb0&#8243; shift_y=\u00bb0&#8243; shift_y_down=\u00bb0&#8243; z_index=\u00bb0&#8243; medium_width=\u00bb0&#8243; mobile_width=\u00bb0&#8243; width=\u00bb1\/2&#8243; uncode_shortcode_id=\u00bb127368&#8243;][vc_single_image media=\u00bb2685&#8243; media_width_percent=\u00bb100&#8243; shape=\u00bbimg-round\u00bb radius=\u00bbstd\u00bb shadow=\u00bbyes\u00bb shadow_weight=\u00bbsm\u00bb uncode_shortcode_id=\u00bb106735&#8243;][\/vc_column][\/vc_row][vc_row row_height_percent=\u00bb0&#8243; overlay_alpha=\u00bb50&#8243; gutter_size=\u00bb3&#8243; column_width_percent=\u00bb100&#8243; shift_y=\u00bb0&#8243; z_index=\u00bb0&#8243; uncode_shortcode_id=\u00bb426673&#8243; css=\u00bb.vc_custom_1672231570378{padding-top: 60px !important;padding-bottom: 30px !important;}\u00bb][vc_column width=\u00bb1\/1&#8243;][vc_custom_heading uncode_shortcode_id=\u00bb185562&#8243; el_class=\u00bbright-line-header\u00bb subheading=\u00bbGesti\u00f3n de procesos\u00bb]Funcionalidades principales[\/vc_custom_heading][vc_column_text uncode_shortcode_id=\u00bb101335&#8243; el_class=\u00bbfeatured-list\u00bb]<strong>Dise\u00f1ar y gestionar la arquitectura organizacional totalmente a medida y de forma flexible.<\/strong>[\/vc_column_text][vc_row_inner][vc_column_inner width=\u00bb1\/1&#8243;][vc_column_text uncode_shortcode_id=\u00bb160172&#8243; el_class=\u00bbfeatured-column-list\u00bb]<\/p>\n<ul>\n<li><strong>Dar de Alta \/ Baja \/ Modificaci\u00f3n<\/strong>\u00a0cualquier proceso de la empresa.<\/li>\n<li><strong>Establecer<\/strong>\u00a0su localizaci\u00f3n y normas de funcionamiento, relaciones con otros procesos de la empresa, procedimientos internos de trabajo, outputs de salida e indicadores de calidad.<\/li>\n<li><strong>Asignar responsables de proceso, plan de objetivos del proceso y vinculaci\u00f3n con el plan de desarrollo profesional y de gesti\u00f3n de competencias.<\/strong><\/li>\n<li><strong>Revisar autom\u00e1ticamente<\/strong>\u00a0las relaciones entre procesos, tiempos, desviaciones, nivel de satisfacci\u00f3n de los clientes internos\u2026<\/li>\n<li>Establecer\u00a0<strong>informes<\/strong>\u00a0y comunicaciones a medida con la frecuencia deseada.<\/li>\n<li><strong>Consolidar<\/strong>\u00a0toda la informaci\u00f3n hist\u00f3rica y la introducci\u00f3n de cambios e innovaciones con impacto retroactivo en los informes.<\/li>\n<\/ul>\n<p>[\/vc_column_text][\/vc_column_inner][\/vc_row_inner][vc_single_image media=\u00bb2013&#8243; media_lightbox=\u00bbyes\u00bb media_width_percent=\u00bb100&#8243; alignment=\u00bbcenter\u00bb shape=\u00bbimg-round\u00bb radius=\u00bbstd\u00bb shadow=\u00bbyes\u00bb shadow_weight=\u00bbsm\u00bb uncode_shortcode_id=\u00bb204419&#8243; el_class=\u00bbsingle-img\u00bb][\/vc_column][\/vc_row]<\/p>\n","protected":false},"excerpt":{"rendered":"<p>[vc_row row_height_percent=\u00bb0&#8243; override_padding=\u00bbyes\u00bb h_padding=\u00bb2&#8243; top_padding=\u00bb2&#8243; bottom_padding=\u00bb3&#8243; overlay_alpha=\u00bb50&#8243; gutter_size=\u00bb3&#8243; column_width_percent=\u00bb100&#8243; shift_y=\u00bb0&#8243; z_index=\u00bb0&#8243; uncode_shortcode_id=\u00bb654540&#8243; css=\u00bb.vc_custom_1672230998933{padding-top: 60px !important;}\u00bb][vc_column column_width_percent=\u00bb100&#8243; position_vertical=\u00bbmiddle\u00bb gutter_size=\u00bb3&#8243; overlay_alpha=\u00bb50&#8243; shift_x=\u00bb0&#8243; [&hellip;]<\/p>\n","protected":false},"author":1,"featured_media":0,"parent":0,"menu_order":0,"comment_status":"closed","ping_status":"closed","template":"","meta":[],"yoast_head":"<!-- This site is optimized with the Yoast SEO plugin v20.8 - https:\/\/yoast.com\/wordpress\/plugins\/seo\/ -->\n<title>Gesti\u00f3n de procesos - Prociency<\/title>\n<meta name=\"description\" content=\"En Prociency, ofrecemos productos digitales personalizados para Gesti\u00f3n de procesos . \u00a1Acompa\u00f1amos tu trayectoria con soluciones dise\u00f1adas exclusivamente para ti!\" \/>\n<meta name=\"robots\" content=\"index, follow, max-snippet:-1, max-image-preview:large, max-video-preview:-1\" \/>\n<link rel=\"canonical\" href=\"https:\/\/www.prociency.com\/es\/gestion-de-procesos\/\" \/>\n<meta property=\"og:locale\" content=\"es_ES\" \/>\n<meta property=\"og:type\" content=\"article\" \/>\n<meta property=\"og:title\" content=\"Gesti\u00f3n de procesos - Prociency\" \/>\n<meta property=\"og:description\" content=\"En Prociency, ofrecemos productos digitales personalizados para Gesti\u00f3n de procesos . \u00a1Acompa\u00f1amos tu trayectoria con soluciones dise\u00f1adas exclusivamente para ti!\" \/>\n<meta property=\"og:url\" content=\"https:\/\/www.prociency.com\/es\/gestion-de-procesos\/\" \/>\n<meta property=\"og:site_name\" content=\"Prociency\" \/>\n<meta property=\"article:modified_time\" content=\"2024-01-26T14:00:55+00:00\" \/>\n<meta name=\"twitter:card\" content=\"summary_large_image\" \/>\n<meta name=\"twitter:label1\" content=\"Est. reading time\" \/>\n\t<meta name=\"twitter:data1\" content=\"2 minutos\" \/>\n<script type=\"application\/ld+json\" class=\"yoast-schema-graph\">{\"@context\":\"https:\/\/schema.org\",\"@graph\":[{\"@type\":\"WebPage\",\"@id\":\"https:\/\/www.prociency.com\/es\/gestion-de-procesos\/\",\"url\":\"https:\/\/www.prociency.com\/es\/gestion-de-procesos\/\",\"name\":\"Gesti\u00f3n de procesos - Prociency\",\"isPartOf\":{\"@id\":\"https:\/\/www.prociency.com\/es\/#website\"},\"datePublished\":\"2023-02-27T15:38:09+00:00\",\"dateModified\":\"2024-01-26T14:00:55+00:00\",\"description\":\"En Prociency, ofrecemos productos digitales personalizados para Gesti\u00f3n de procesos . \u00a1Acompa\u00f1amos tu trayectoria con soluciones dise\u00f1adas exclusivamente para ti!\",\"breadcrumb\":{\"@id\":\"https:\/\/www.prociency.com\/es\/gestion-de-procesos\/#breadcrumb\"},\"inLanguage\":\"es\",\"potentialAction\":[{\"@type\":\"ReadAction\",\"target\":[\"https:\/\/www.prociency.com\/es\/gestion-de-procesos\/\"]}]},{\"@type\":\"BreadcrumbList\",\"@id\":\"https:\/\/www.prociency.com\/es\/gestion-de-procesos\/#breadcrumb\",\"itemListElement\":[{\"@type\":\"ListItem\",\"position\":1,\"name\":\"Home\",\"item\":\"https:\/\/www.prociency.com\/es\/\"},{\"@type\":\"ListItem\",\"position\":2,\"name\":\"Gesti\u00f3n de procesos\"}]},{\"@type\":\"WebSite\",\"@id\":\"https:\/\/www.prociency.com\/es\/#website\",\"url\":\"https:\/\/www.prociency.com\/es\/\",\"name\":\"Prociency\",\"description\":\"Prociency\",\"publisher\":{\"@id\":\"https:\/\/www.prociency.com\/es\/#organization\"},\"potentialAction\":[{\"@type\":\"SearchAction\",\"target\":{\"@type\":\"EntryPoint\",\"urlTemplate\":\"https:\/\/www.prociency.com\/es\/?s={search_term_string}\"},\"query-input\":\"required name=search_term_string\"}],\"inLanguage\":\"es\"},{\"@type\":\"Organization\",\"@id\":\"https:\/\/www.prociency.com\/es\/#organization\",\"name\":\"Prociency\",\"url\":\"https:\/\/www.prociency.com\/es\/\",\"logo\":{\"@type\":\"ImageObject\",\"inLanguage\":\"es\",\"@id\":\"https:\/\/www.prociency.com\/es\/#\/schema\/logo\/image\/\",\"url\":\"https:\/\/prociency.developallin.com\/wp-content\/uploads\/2021\/10\/logo-prociency-negative.svg\",\"contentUrl\":\"https:\/\/prociency.developallin.com\/wp-content\/uploads\/2021\/10\/logo-prociency-negative.svg\",\"width\":1,\"height\":1,\"caption\":\"Prociency\"},\"image\":{\"@id\":\"https:\/\/www.prociency.com\/es\/#\/schema\/logo\/image\/\"}}]}<\/script>\n<!-- \/ Yoast SEO plugin. -->","yoast_head_json":{"title":"Gesti\u00f3n de procesos - Prociency","description":"En Prociency, ofrecemos productos digitales personalizados para Gesti\u00f3n de procesos . \u00a1Acompa\u00f1amos tu trayectoria con soluciones dise\u00f1adas exclusivamente para ti!","robots":{"index":"index","follow":"follow","max-snippet":"max-snippet:-1","max-image-preview":"max-image-preview:large","max-video-preview":"max-video-preview:-1"},"canonical":"https:\/\/www.prociency.com\/es\/gestion-de-procesos\/","og_locale":"es_ES","og_type":"article","og_title":"Gesti\u00f3n de procesos - Prociency","og_description":"En Prociency, ofrecemos productos digitales personalizados para Gesti\u00f3n de procesos . \u00a1Acompa\u00f1amos tu trayectoria con soluciones dise\u00f1adas exclusivamente para ti!","og_url":"https:\/\/www.prociency.com\/es\/gestion-de-procesos\/","og_site_name":"Prociency","article_modified_time":"2024-01-26T14:00:55+00:00","twitter_card":"summary_large_image","twitter_misc":{"Est. reading time":"2 minutos"},"schema":{"@context":"https:\/\/schema.org","@graph":[{"@type":"WebPage","@id":"https:\/\/www.prociency.com\/es\/gestion-de-procesos\/","url":"https:\/\/www.prociency.com\/es\/gestion-de-procesos\/","name":"Gesti\u00f3n de procesos - Prociency","isPartOf":{"@id":"https:\/\/www.prociency.com\/es\/#website"},"datePublished":"2023-02-27T15:38:09+00:00","dateModified":"2024-01-26T14:00:55+00:00","description":"En Prociency, ofrecemos productos digitales personalizados para Gesti\u00f3n de procesos . \u00a1Acompa\u00f1amos tu trayectoria con soluciones dise\u00f1adas exclusivamente para ti!","breadcrumb":{"@id":"https:\/\/www.prociency.com\/es\/gestion-de-procesos\/#breadcrumb"},"inLanguage":"es","potentialAction":[{"@type":"ReadAction","target":["https:\/\/www.prociency.com\/es\/gestion-de-procesos\/"]}]},{"@type":"BreadcrumbList","@id":"https:\/\/www.prociency.com\/es\/gestion-de-procesos\/#breadcrumb","itemListElement":[{"@type":"ListItem","position":1,"name":"Home","item":"https:\/\/www.prociency.com\/es\/"},{"@type":"ListItem","position":2,"name":"Gesti\u00f3n de procesos"}]},{"@type":"WebSite","@id":"https:\/\/www.prociency.com\/es\/#website","url":"https:\/\/www.prociency.com\/es\/","name":"Prociency","description":"Prociency","publisher":{"@id":"https:\/\/www.prociency.com\/es\/#organization"},"potentialAction":[{"@type":"SearchAction","target":{"@type":"EntryPoint","urlTemplate":"https:\/\/www.prociency.com\/es\/?s={search_term_string}"},"query-input":"required name=search_term_string"}],"inLanguage":"es"},{"@type":"Organization","@id":"https:\/\/www.prociency.com\/es\/#organization","name":"Prociency","url":"https:\/\/www.prociency.com\/es\/","logo":{"@type":"ImageObject","inLanguage":"es","@id":"https:\/\/www.prociency.com\/es\/#\/schema\/logo\/image\/","url":"https:\/\/prociency.developallin.com\/wp-content\/uploads\/2021\/10\/logo-prociency-negative.svg","contentUrl":"https:\/\/prociency.developallin.com\/wp-content\/uploads\/2021\/10\/logo-prociency-negative.svg","width":1,"height":1,"caption":"Prociency"},"image":{"@id":"https:\/\/www.prociency.com\/es\/#\/schema\/logo\/image\/"}}]}},"_links":{"self":[{"href":"https:\/\/www.prociency.com\/es\/wp-json\/wp\/v2\/pages\/2579"}],"collection":[{"href":"https:\/\/www.prociency.com\/es\/wp-json\/wp\/v2\/pages"}],"about":[{"href":"https:\/\/www.prociency.com\/es\/wp-json\/wp\/v2\/types\/page"}],"author":[{"embeddable":true,"href":"https:\/\/www.prociency.com\/es\/wp-json\/wp\/v2\/users\/1"}],"replies":[{"embeddable":true,"href":"https:\/\/www.prociency.com\/es\/wp-json\/wp\/v2\/comments?post=2579"}],"version-history":[{"count":9,"href":"https:\/\/www.prociency.com\/es\/wp-json\/wp\/v2\/pages\/2579\/revisions"}],"predecessor-version":[{"id":2884,"href":"https:\/\/www.prociency.com\/es\/wp-json\/wp\/v2\/pages\/2579\/revisions\/2884"}],"wp:attachment":[{"href":"https:\/\/www.prociency.com\/es\/wp-json\/wp\/v2\/media?parent=2579"}],"curies":[{"name":"wp","href":"https:\/\/api.w.org\/{rel}","templated":true}]}}