{"id":2574,"date":"2023-02-27T16:35:39","date_gmt":"2023-02-27T15:35:39","guid":{"rendered":"https:\/\/prociency.developallin.com\/?page_id=2574"},"modified":"2024-01-26T15:00:53","modified_gmt":"2024-01-26T14:00:53","slug":"gestion-de-residuos","status":"publish","type":"page","link":"https:\/\/www.prociency.com\/es\/gestion-de-residuos\/","title":{"rendered":"Gesti\u00f3n de residuos"},"content":{"rendered":"<p>[vc_row row_height_percent=\u00bb0&#8243; override_padding=\u00bbyes\u00bb h_padding=\u00bb2&#8243; top_padding=\u00bb2&#8243; bottom_padding=\u00bb3&#8243; overlay_alpha=\u00bb50&#8243; gutter_size=\u00bb3&#8243; column_width_percent=\u00bb100&#8243; shift_y=\u00bb0&#8243; z_index=\u00bb0&#8243; uncode_shortcode_id=\u00bb654540&#8243; css=\u00bb.vc_custom_1672230998933{padding-top: 60px !important;}\u00bb][vc_column column_width_percent=\u00bb100&#8243; position_vertical=\u00bbmiddle\u00bb gutter_size=\u00bb3&#8243; overlay_alpha=\u00bb50&#8243; shift_x=\u00bb0&#8243; shift_y=\u00bb0&#8243; shift_y_down=\u00bb0&#8243; z_index=\u00bb0&#8243; medium_width=\u00bb0&#8243; mobile_width=\u00bb0&#8243; width=\u00bb1\/2&#8243; uncode_shortcode_id=\u00bb145624&#8243;][vc_single_image media=\u00bb2679&#8243; media_width_percent=\u00bb100&#8243; shape=\u00bbimg-round\u00bb radius=\u00bbstd\u00bb shadow=\u00bbyes\u00bb shadow_weight=\u00bbsm\u00bb uncode_shortcode_id=\u00bb138266&#8243;][\/vc_column][vc_column column_width_percent=\u00bb100&#8243; position_vertical=\u00bbmiddle\u00bb gutter_size=\u00bb3&#8243; overlay_alpha=\u00bb50&#8243; shift_x=\u00bb0&#8243; shift_y=\u00bb0&#8243; shift_y_down=\u00bb0&#8243; z_index=\u00bb0&#8243; medium_width=\u00bb0&#8243; mobile_width=\u00bb0&#8243; width=\u00bb1\/2&#8243; uncode_shortcode_id=\u00bb105535&#8243;][vc_custom_heading uncode_shortcode_id=\u00bb953742&#8243;]Control integrado del cumplimiento normativo[\/vc_custom_heading][vc_column_text uncode_shortcode_id=\u00bb126412&#8243;]<strong>Gestionar la econom\u00eda circular y los residuos de forma centralizada.<\/strong>[\/vc_column_text][\/vc_column][\/vc_row][vc_row row_height_percent=\u00bb0&#8243; back_color=\u00bbcolor-lxmt\u00bb overlay_alpha=\u00bb50&#8243; equal_height=\u00bbyes\u00bb gutter_size=\u00bb3&#8243; column_width_percent=\u00bb100&#8243; shift_y=\u00bb0&#8243; z_index=\u00bb0&#8243; uncode_shortcode_id=\u00bb181950&#8243; css=\u00bb.vc_custom_1672231576095{padding-top: 60px !important;padding-bottom: 60px !important;}\u00bb back_color_type=\u00bbuncode-palette\u00bb][vc_column column_width_percent=\u00bb100&#8243; position_vertical=\u00bbmiddle\u00bb gutter_size=\u00bb3&#8243; overlay_alpha=\u00bb50&#8243; shift_x=\u00bb0&#8243; shift_y=\u00bb0&#8243; shift_y_down=\u00bb0&#8243; z_index=\u00bb0&#8243; medium_width=\u00bb0&#8243; mobile_width=\u00bb0&#8243; width=\u00bb1\/2&#8243; uncode_shortcode_id=\u00bb102854&#8243;][vc_custom_heading uncode_shortcode_id=\u00bb597176&#8243; el_class=\u00bbright-line-header\u00bb subheading=\u00bbGesti\u00f3n de residuos\u00bb]Beneficios[\/vc_custom_heading][vc_column_text uncode_shortcode_id=\u00bb179769&#8243; el_class=\u00bbfeatured-list\u00bb]<strong>Garantizar el cumplimiento normativo y reducir el impacto de la huella de carbono. Hacer m\u00e1s sostenible la empresa.<\/strong><\/p>\n<ul>\n<li><strong>Equipar a la empresa<\/strong>\u00a0con una soluci\u00f3n que le permita avanzar en sus \u00edndices de desarrollo sostenible y cumplimiento legal.<\/li>\n<li><strong>Integrar en un sistema<\/strong>\u00a0la gesti\u00f3n de los residuos generados a lo largo de<strong>\u00a0toda la cadena de valor<\/strong>\u00a0de las operaciones de la empresa.<\/li>\n<li><strong>Reducir y compensar<\/strong>\u00a0el impacto de la\u00a0<strong>huella de carbono<\/strong>\u00a0mejorando la eficiencia de los procesos.<\/li>\n<li><strong>Poder demostrar a los stakeholders empresariales el compromiso empresarial versus la sostenibilidad<\/strong>.<\/li>\n<\/ul>\n<p>[\/vc_column_text][\/vc_column][vc_column column_width_percent=\u00bb100&#8243; position_vertical=\u00bbmiddle\u00bb gutter_size=\u00bb3&#8243; overlay_alpha=\u00bb50&#8243; shift_x=\u00bb0&#8243; shift_y=\u00bb0&#8243; shift_y_down=\u00bb0&#8243; z_index=\u00bb0&#8243; medium_width=\u00bb0&#8243; mobile_width=\u00bb0&#8243; width=\u00bb1\/2&#8243; uncode_shortcode_id=\u00bb127368&#8243;][vc_single_image media=\u00bb2735&#8243; media_width_percent=\u00bb100&#8243; shape=\u00bbimg-round\u00bb radius=\u00bbstd\u00bb shadow=\u00bbyes\u00bb shadow_weight=\u00bbsm\u00bb uncode_shortcode_id=\u00bb197735&#8243;][\/vc_column][\/vc_row][vc_row row_height_percent=\u00bb0&#8243; overlay_alpha=\u00bb50&#8243; gutter_size=\u00bb3&#8243; column_width_percent=\u00bb100&#8243; shift_y=\u00bb0&#8243; z_index=\u00bb0&#8243; uncode_shortcode_id=\u00bb426673&#8243; css=\u00bb.vc_custom_1672231570378{padding-top: 60px !important;padding-bottom: 30px !important;}\u00bb][vc_column width=\u00bb1\/1&#8243;][vc_custom_heading uncode_shortcode_id=\u00bb182979&#8243; el_class=\u00bbright-line-header\u00bb subheading=\u00bbGesti\u00f3n de residuos\u00bb]Funcionalidades principales[\/vc_custom_heading][vc_column_text uncode_shortcode_id=\u00bb977498&#8243; el_class=\u00bbfeatured-list\u00bb]<strong>Aplicar la econom\u00eda circular de forma eficiente.<\/strong>[\/vc_column_text][vc_row_inner][vc_column_inner width=\u00bb1\/1&#8243;][vc_column_text uncode_shortcode_id=\u00bb138666&#8243; el_class=\u00bbfeatured-column-list\u00bb]<\/p>\n<ul>\n<li><strong>Gesti\u00f3n del autodiagn\u00f3stico<\/strong>: detecci\u00f3n de flujos de desperdicio, cuantificaci\u00f3n e identificaci\u00f3n, buenas pr\u00e1cticas.<\/li>\n<li><strong>Gesti\u00f3n de reuniones automatizada<\/strong>\u00a0de los equipos implicados. Agenda y comunicaciones.<\/li>\n<li><strong>Gesti\u00f3n del Plan de Prevenci\u00f3n de Residuos<\/strong>: acciones y seguimiento, gesti\u00f3n documental, plan de formaci\u00f3n y comunicaci\u00f3n.<\/li>\n<li><strong>Seguimiento del Plan<\/strong>: inspecciones, incidencias, acciones correctivas, informes y an\u00e1lisis de datos para la mejora continua.<\/li>\n<li><strong>Gesti\u00f3n de usos y trazabilidad<\/strong>: automatizaci\u00f3n de informes legales.<\/li>\n<li><strong>Gesti\u00f3n de residuos finales<\/strong>: b\u00fasqueda y localizaci\u00f3n, inventario, clasificaci\u00f3n, almacenamiento, transporte, informaci\u00f3n para tratamiento, tratamiento y certificaci\u00f3n final con informes normativos.<\/li>\n<\/ul>\n<p>[\/vc_column_text][\/vc_column_inner][\/vc_row_inner][vc_single_image media=\u00bb2019&#8243; media_lightbox=\u00bbyes\u00bb media_width_percent=\u00bb100&#8243; alignment=\u00bbcenter\u00bb shape=\u00bbimg-round\u00bb radius=\u00bbstd\u00bb shadow=\u00bbyes\u00bb shadow_weight=\u00bbsm\u00bb uncode_shortcode_id=\u00bb661136&#8243; el_class=\u00bbsingle-img\u00bb][\/vc_column][\/vc_row]<\/p>\n","protected":false},"excerpt":{"rendered":"<p>[vc_row row_height_percent=\u00bb0&#8243; override_padding=\u00bbyes\u00bb h_padding=\u00bb2&#8243; top_padding=\u00bb2&#8243; bottom_padding=\u00bb3&#8243; overlay_alpha=\u00bb50&#8243; gutter_size=\u00bb3&#8243; column_width_percent=\u00bb100&#8243; shift_y=\u00bb0&#8243; z_index=\u00bb0&#8243; uncode_shortcode_id=\u00bb654540&#8243; css=\u00bb.vc_custom_1672230998933{padding-top: 60px !important;}\u00bb][vc_column column_width_percent=\u00bb100&#8243; position_vertical=\u00bbmiddle\u00bb gutter_size=\u00bb3&#8243; overlay_alpha=\u00bb50&#8243; shift_x=\u00bb0&#8243; [&hellip;]<\/p>\n","protected":false},"author":1,"featured_media":0,"parent":0,"menu_order":0,"comment_status":"closed","ping_status":"closed","template":"","meta":[],"yoast_head":"<!-- This site is optimized with the Yoast SEO plugin v20.8 - https:\/\/yoast.com\/wordpress\/plugins\/seo\/ -->\n<title>Gesti\u00f3n de residuos - Prociency<\/title>\n<meta name=\"description\" content=\"En Prociency, ofrecemos productos digitales personalizados para Gesti\u00f3n de residuos . \u00a1Acompa\u00f1amos tu trayectoria con soluciones dise\u00f1adas exclusivamente para ti!\" \/>\n<meta name=\"robots\" content=\"index, follow, max-snippet:-1, max-image-preview:large, max-video-preview:-1\" \/>\n<link rel=\"canonical\" href=\"https:\/\/www.prociency.com\/es\/gestion-de-residuos\/\" \/>\n<meta property=\"og:locale\" content=\"es_ES\" \/>\n<meta property=\"og:type\" content=\"article\" \/>\n<meta property=\"og:title\" content=\"Gesti\u00f3n de residuos - Prociency\" \/>\n<meta property=\"og:description\" content=\"En Prociency, ofrecemos productos digitales personalizados para Gesti\u00f3n de residuos . \u00a1Acompa\u00f1amos tu trayectoria con soluciones dise\u00f1adas exclusivamente para ti!\" \/>\n<meta property=\"og:url\" content=\"https:\/\/www.prociency.com\/es\/gestion-de-residuos\/\" \/>\n<meta property=\"og:site_name\" content=\"Prociency\" \/>\n<meta property=\"article:modified_time\" content=\"2024-01-26T14:00:53+00:00\" \/>\n<meta name=\"twitter:card\" content=\"summary_large_image\" \/>\n<meta name=\"twitter:label1\" content=\"Est. reading time\" \/>\n\t<meta name=\"twitter:data1\" content=\"2 minutos\" \/>\n<script type=\"application\/ld+json\" class=\"yoast-schema-graph\">{\"@context\":\"https:\/\/schema.org\",\"@graph\":[{\"@type\":\"WebPage\",\"@id\":\"https:\/\/www.prociency.com\/es\/gestion-de-residuos\/\",\"url\":\"https:\/\/www.prociency.com\/es\/gestion-de-residuos\/\",\"name\":\"Gesti\u00f3n de residuos - Prociency\",\"isPartOf\":{\"@id\":\"https:\/\/www.prociency.com\/es\/#website\"},\"datePublished\":\"2023-02-27T15:35:39+00:00\",\"dateModified\":\"2024-01-26T14:00:53+00:00\",\"description\":\"En Prociency, ofrecemos productos digitales personalizados para Gesti\u00f3n de residuos . \u00a1Acompa\u00f1amos tu trayectoria con soluciones dise\u00f1adas exclusivamente para ti!\",\"breadcrumb\":{\"@id\":\"https:\/\/www.prociency.com\/es\/gestion-de-residuos\/#breadcrumb\"},\"inLanguage\":\"es\",\"potentialAction\":[{\"@type\":\"ReadAction\",\"target\":[\"https:\/\/www.prociency.com\/es\/gestion-de-residuos\/\"]}]},{\"@type\":\"BreadcrumbList\",\"@id\":\"https:\/\/www.prociency.com\/es\/gestion-de-residuos\/#breadcrumb\",\"itemListElement\":[{\"@type\":\"ListItem\",\"position\":1,\"name\":\"Home\",\"item\":\"https:\/\/www.prociency.com\/es\/\"},{\"@type\":\"ListItem\",\"position\":2,\"name\":\"Gesti\u00f3n de residuos\"}]},{\"@type\":\"WebSite\",\"@id\":\"https:\/\/www.prociency.com\/es\/#website\",\"url\":\"https:\/\/www.prociency.com\/es\/\",\"name\":\"Prociency\",\"description\":\"Prociency\",\"publisher\":{\"@id\":\"https:\/\/www.prociency.com\/es\/#organization\"},\"potentialAction\":[{\"@type\":\"SearchAction\",\"target\":{\"@type\":\"EntryPoint\",\"urlTemplate\":\"https:\/\/www.prociency.com\/es\/?s={search_term_string}\"},\"query-input\":\"required name=search_term_string\"}],\"inLanguage\":\"es\"},{\"@type\":\"Organization\",\"@id\":\"https:\/\/www.prociency.com\/es\/#organization\",\"name\":\"Prociency\",\"url\":\"https:\/\/www.prociency.com\/es\/\",\"logo\":{\"@type\":\"ImageObject\",\"inLanguage\":\"es\",\"@id\":\"https:\/\/www.prociency.com\/es\/#\/schema\/logo\/image\/\",\"url\":\"https:\/\/prociency.developallin.com\/wp-content\/uploads\/2021\/10\/logo-prociency-negative.svg\",\"contentUrl\":\"https:\/\/prociency.developallin.com\/wp-content\/uploads\/2021\/10\/logo-prociency-negative.svg\",\"width\":1,\"height\":1,\"caption\":\"Prociency\"},\"image\":{\"@id\":\"https:\/\/www.prociency.com\/es\/#\/schema\/logo\/image\/\"}}]}<\/script>\n<!-- \/ Yoast SEO plugin. -->","yoast_head_json":{"title":"Gesti\u00f3n de residuos - Prociency","description":"En Prociency, ofrecemos productos digitales personalizados para Gesti\u00f3n de residuos . \u00a1Acompa\u00f1amos tu trayectoria con soluciones dise\u00f1adas exclusivamente para ti!","robots":{"index":"index","follow":"follow","max-snippet":"max-snippet:-1","max-image-preview":"max-image-preview:large","max-video-preview":"max-video-preview:-1"},"canonical":"https:\/\/www.prociency.com\/es\/gestion-de-residuos\/","og_locale":"es_ES","og_type":"article","og_title":"Gesti\u00f3n de residuos - Prociency","og_description":"En Prociency, ofrecemos productos digitales personalizados para Gesti\u00f3n de residuos . \u00a1Acompa\u00f1amos tu trayectoria con soluciones dise\u00f1adas exclusivamente para ti!","og_url":"https:\/\/www.prociency.com\/es\/gestion-de-residuos\/","og_site_name":"Prociency","article_modified_time":"2024-01-26T14:00:53+00:00","twitter_card":"summary_large_image","twitter_misc":{"Est. reading time":"2 minutos"},"schema":{"@context":"https:\/\/schema.org","@graph":[{"@type":"WebPage","@id":"https:\/\/www.prociency.com\/es\/gestion-de-residuos\/","url":"https:\/\/www.prociency.com\/es\/gestion-de-residuos\/","name":"Gesti\u00f3n de residuos - Prociency","isPartOf":{"@id":"https:\/\/www.prociency.com\/es\/#website"},"datePublished":"2023-02-27T15:35:39+00:00","dateModified":"2024-01-26T14:00:53+00:00","description":"En Prociency, ofrecemos productos digitales personalizados para Gesti\u00f3n de residuos . \u00a1Acompa\u00f1amos tu trayectoria con soluciones dise\u00f1adas exclusivamente para ti!","breadcrumb":{"@id":"https:\/\/www.prociency.com\/es\/gestion-de-residuos\/#breadcrumb"},"inLanguage":"es","potentialAction":[{"@type":"ReadAction","target":["https:\/\/www.prociency.com\/es\/gestion-de-residuos\/"]}]},{"@type":"BreadcrumbList","@id":"https:\/\/www.prociency.com\/es\/gestion-de-residuos\/#breadcrumb","itemListElement":[{"@type":"ListItem","position":1,"name":"Home","item":"https:\/\/www.prociency.com\/es\/"},{"@type":"ListItem","position":2,"name":"Gesti\u00f3n de residuos"}]},{"@type":"WebSite","@id":"https:\/\/www.prociency.com\/es\/#website","url":"https:\/\/www.prociency.com\/es\/","name":"Prociency","description":"Prociency","publisher":{"@id":"https:\/\/www.prociency.com\/es\/#organization"},"potentialAction":[{"@type":"SearchAction","target":{"@type":"EntryPoint","urlTemplate":"https:\/\/www.prociency.com\/es\/?s={search_term_string}"},"query-input":"required name=search_term_string"}],"inLanguage":"es"},{"@type":"Organization","@id":"https:\/\/www.prociency.com\/es\/#organization","name":"Prociency","url":"https:\/\/www.prociency.com\/es\/","logo":{"@type":"ImageObject","inLanguage":"es","@id":"https:\/\/www.prociency.com\/es\/#\/schema\/logo\/image\/","url":"https:\/\/prociency.developallin.com\/wp-content\/uploads\/2021\/10\/logo-prociency-negative.svg","contentUrl":"https:\/\/prociency.developallin.com\/wp-content\/uploads\/2021\/10\/logo-prociency-negative.svg","width":1,"height":1,"caption":"Prociency"},"image":{"@id":"https:\/\/www.prociency.com\/es\/#\/schema\/logo\/image\/"}}]}},"_links":{"self":[{"href":"https:\/\/www.prociency.com\/es\/wp-json\/wp\/v2\/pages\/2574"}],"collection":[{"href":"https:\/\/www.prociency.com\/es\/wp-json\/wp\/v2\/pages"}],"about":[{"href":"https:\/\/www.prociency.com\/es\/wp-json\/wp\/v2\/types\/page"}],"author":[{"embeddable":true,"href":"https:\/\/www.prociency.com\/es\/wp-json\/wp\/v2\/users\/1"}],"replies":[{"embeddable":true,"href":"https:\/\/www.prociency.com\/es\/wp-json\/wp\/v2\/comments?post=2574"}],"version-history":[{"count":7,"href":"https:\/\/www.prociency.com\/es\/wp-json\/wp\/v2\/pages\/2574\/revisions"}],"predecessor-version":[{"id":2883,"href":"https:\/\/www.prociency.com\/es\/wp-json\/wp\/v2\/pages\/2574\/revisions\/2883"}],"wp:attachment":[{"href":"https:\/\/www.prociency.com\/es\/wp-json\/wp\/v2\/media?parent=2574"}],"curies":[{"name":"wp","href":"https:\/\/api.w.org\/{rel}","templated":true}]}}