{"id":2558,"date":"2023-02-27T16:13:56","date_gmt":"2023-02-27T15:13:56","guid":{"rendered":"https:\/\/prociency.developallin.com\/?page_id=2558"},"modified":"2024-01-26T14:43:49","modified_gmt":"2024-01-26T13:43:49","slug":"competencias-profesionales","status":"publish","type":"page","link":"https:\/\/www.prociency.com\/es\/competencias-profesionales\/","title":{"rendered":"Competencias profesionales"},"content":{"rendered":"<p>[vc_row row_height_percent=\u00bb0&#8243; override_padding=\u00bbyes\u00bb h_padding=\u00bb2&#8243; top_padding=\u00bb2&#8243; bottom_padding=\u00bb3&#8243; overlay_alpha=\u00bb50&#8243; gutter_size=\u00bb3&#8243; column_width_percent=\u00bb100&#8243; shift_y=\u00bb0&#8243; z_index=\u00bb0&#8243; uncode_shortcode_id=\u00bb654540&#8243; css=\u00bb.vc_custom_1672230998933{padding-top: 60px !important;}\u00bb][vc_column column_width_percent=\u00bb100&#8243; position_vertical=\u00bbmiddle\u00bb gutter_size=\u00bb3&#8243; overlay_alpha=\u00bb50&#8243; shift_x=\u00bb0&#8243; shift_y=\u00bb0&#8243; shift_y_down=\u00bb0&#8243; z_index=\u00bb0&#8243; medium_width=\u00bb0&#8243; mobile_width=\u00bb0&#8243; width=\u00bb1\/2&#8243; uncode_shortcode_id=\u00bb131125&#8243;][vc_single_image media=\u00bb2672&#8243; media_width_percent=\u00bb100&#8243; shape=\u00bbimg-round\u00bb radius=\u00bbstd\u00bb shadow=\u00bbyes\u00bb shadow_weight=\u00bbsm\u00bb uncode_shortcode_id=\u00bb190600&#8243;][\/vc_column][vc_column column_width_percent=\u00bb100&#8243; position_vertical=\u00bbmiddle\u00bb gutter_size=\u00bb3&#8243; overlay_alpha=\u00bb50&#8243; shift_x=\u00bb0&#8243; shift_y=\u00bb0&#8243; shift_y_down=\u00bb0&#8243; z_index=\u00bb0&#8243; medium_width=\u00bb0&#8243; mobile_width=\u00bb0&#8243; width=\u00bb1\/2&#8243; uncode_shortcode_id=\u00bb132340&#8243;][vc_custom_heading uncode_shortcode_id=\u00bb155812&#8243;]<strong>Multiplicar la eficiencia del equipo de gesti\u00f3n de personas.<\/strong>[\/vc_custom_heading][vc_column_text uncode_shortcode_id=\u00bb706261&#8243;]<\/p>\n<p style=\"text-align: left;\"><strong>Planificar y controlar la formaci\u00f3n y competencias de los equipos.<\/strong><\/p>\n<p>[\/vc_column_text][\/vc_column][\/vc_row][vc_row row_height_percent=\u00bb0&#8243; back_color=\u00bbcolor-lxmt\u00bb overlay_alpha=\u00bb50&#8243; equal_height=\u00bbyes\u00bb gutter_size=\u00bb3&#8243; column_width_percent=\u00bb100&#8243; shift_y=\u00bb0&#8243; z_index=\u00bb0&#8243; uncode_shortcode_id=\u00bb181950&#8243; css=\u00bb.vc_custom_1672231576095{padding-top: 60px !important;padding-bottom: 60px !important;}\u00bb back_color_type=\u00bbuncode-palette\u00bb][vc_column column_width_percent=\u00bb100&#8243; position_vertical=\u00bbmiddle\u00bb gutter_size=\u00bb3&#8243; overlay_alpha=\u00bb50&#8243; shift_x=\u00bb0&#8243; shift_y=\u00bb0&#8243; shift_y_down=\u00bb0&#8243; z_index=\u00bb0&#8243; medium_width=\u00bb0&#8243; mobile_width=\u00bb0&#8243; width=\u00bb1\/2&#8243; uncode_shortcode_id=\u00bb102854&#8243;][vc_custom_heading uncode_shortcode_id=\u00bb608380&#8243; el_class=\u00bbright-line-header\u00bb subheading=\u00bbCompetencias profesionales\u00bb]Beneficios[\/vc_custom_heading][vc_column_text uncode_shortcode_id=\u00bb395649&#8243; el_class=\u00bbfeatured-list\u00bb]<strong>Gestionar el talento organizacional de la manera m\u00e1s eficiente.<\/strong><\/p>\n<ul>\n<li><strong>Disponer de un mapa de talento automatizado<\/strong> de la toda la organizaci\u00f3n en tiempo real y vinculado al organigrama funcional.<\/li>\n<li><strong>Gestionar el Plan de Desarrollo Profesional<\/strong> de forma eficiente y planificada.<\/li>\n<li><strong>Detectar y prever<\/strong> necesidades y capacidades organizacionales anticipando escenarios.<\/li>\n<li>Disponer de <strong>toda la informaci\u00f3n relacionada con las personas de forma centralizada y conectada<\/strong> con todos los sistemas.<\/li>\n<li><strong>Multiplicar la eficiencia de los equipos de gesti\u00f3n de personas sin incrementar los costes operacionales.<\/strong><\/li>\n<\/ul>\n<p>[\/vc_column_text][\/vc_column][vc_column column_width_percent=\u00bb100&#8243; position_vertical=\u00bbmiddle\u00bb gutter_size=\u00bb3&#8243; overlay_alpha=\u00bb50&#8243; shift_x=\u00bb0&#8243; shift_y=\u00bb0&#8243; shift_y_down=\u00bb0&#8243; z_index=\u00bb0&#8243; medium_width=\u00bb0&#8243; mobile_width=\u00bb0&#8243; width=\u00bb1\/2&#8243; uncode_shortcode_id=\u00bb127368&#8243;][vc_single_image media=\u00bb2727&#8243; media_width_percent=\u00bb100&#8243; shape=\u00bbimg-round\u00bb radius=\u00bbstd\u00bb shadow=\u00bbyes\u00bb shadow_weight=\u00bbsm\u00bb uncode_shortcode_id=\u00bb159729&#8243;][\/vc_column][\/vc_row][vc_row row_height_percent=\u00bb0&#8243; overlay_alpha=\u00bb50&#8243; gutter_size=\u00bb3&#8243; column_width_percent=\u00bb100&#8243; shift_y=\u00bb0&#8243; z_index=\u00bb0&#8243; uncode_shortcode_id=\u00bb426673&#8243; css=\u00bb.vc_custom_1672231570378{padding-top: 60px !important;padding-bottom: 30px !important;}\u00bb][vc_column width=\u00bb1\/1&#8243;][vc_custom_heading uncode_shortcode_id=\u00bb156970&#8243; el_class=\u00bbright-line-header\u00bb subheading=\u00bbCompetencias profesionales\u00bb]Funcionalidades principales[\/vc_custom_heading][vc_column_text uncode_shortcode_id=\u00bb894368&#8243; el_class=\u00bbfeatured-list\u00bb]<\/p>\n<p class=\"western\"><strong>Saber, al instante, qui\u00e9n sabe hacer qu\u00e9 y d\u00f3nde est\u00e1.<\/strong><\/p>\n<p>[\/vc_column_text][vc_row_inner][vc_column_inner width=\u00bb1\/1&#8243;][vc_column_text uncode_shortcode_id=\u00bb754237&#8243; el_class=\u00bbfeatured-column-list\u00bb]<\/p>\n<ul>\n<li><strong>Expediente inteligente del personal<\/strong>. Integraci\u00f3n relacional de toda la informaci\u00f3n de la persona. Historial, revisiones, formaci\u00f3n, \u2026 Totalmente configurable a medida.<\/li>\n<li><strong>Notificaciones y comunicaciones<\/strong> relativas a caducidades de formaci\u00f3n o capacitaci\u00f3n especializada, comunicaciones internas&#8230;<\/li>\n<li><strong>Sistema de gesti\u00f3n de la formaci\u00f3n<\/strong> integrado y\/o conectable a otros sistemas externos a la empresa.<\/li>\n<li><strong>Importaci\u00f3n autom\u00e1tica de datos hist\u00f3ricos<\/strong>.<\/li>\n<li><strong>Gesti\u00f3n y emisi\u00f3n de certificaciones y pasaportes de seguridad<\/strong> sincronizados en tiempo real con el expediente personal o del proveedor.<\/li>\n<li><strong>Sistema de b\u00fasquedas personalizable<\/strong>: Localizaci\u00f3n de perfiles, informes\u2026 Para cualquier sede de la organizaci\u00f3n, a medida.<\/li>\n<\/ul>\n<p>[\/vc_column_text][\/vc_column_inner][\/vc_row_inner][vc_single_image media=\u00bb2007&#8243; media_lightbox=\u00bbyes\u00bb media_width_percent=\u00bb100&#8243; alignment=\u00bbcenter\u00bb shape=\u00bbimg-round\u00bb radius=\u00bbstd\u00bb shadow=\u00bbyes\u00bb shadow_weight=\u00bbsm\u00bb uncode_shortcode_id=\u00bb922874&#8243; el_class=\u00bbsingle-img\u00bb][\/vc_column][\/vc_row]<\/p>\n","protected":false},"excerpt":{"rendered":"<p>[vc_row row_height_percent=\u00bb0&#8243; override_padding=\u00bbyes\u00bb h_padding=\u00bb2&#8243; top_padding=\u00bb2&#8243; bottom_padding=\u00bb3&#8243; overlay_alpha=\u00bb50&#8243; gutter_size=\u00bb3&#8243; column_width_percent=\u00bb100&#8243; shift_y=\u00bb0&#8243; z_index=\u00bb0&#8243; uncode_shortcode_id=\u00bb654540&#8243; css=\u00bb.vc_custom_1672230998933{padding-top: 60px !important;}\u00bb][vc_column column_width_percent=\u00bb100&#8243; position_vertical=\u00bbmiddle\u00bb gutter_size=\u00bb3&#8243; overlay_alpha=\u00bb50&#8243; shift_x=\u00bb0&#8243; [&hellip;]<\/p>\n","protected":false},"author":1,"featured_media":0,"parent":0,"menu_order":0,"comment_status":"closed","ping_status":"closed","template":"","meta":[],"yoast_head":"<!-- This site is optimized with the Yoast SEO plugin v20.8 - https:\/\/yoast.com\/wordpress\/plugins\/seo\/ -->\n<title>Competencias profesionales - Prociency<\/title>\n<meta name=\"description\" content=\"En Prociency, ofrecemos productos digitales personalizados para Competencias profesionales . \u00a1Acompa\u00f1amos tu trayectoria con soluciones dise\u00f1adas exclusivamente para ti!\" \/>\n<meta name=\"robots\" content=\"index, follow, max-snippet:-1, max-image-preview:large, max-video-preview:-1\" \/>\n<link rel=\"canonical\" href=\"https:\/\/www.prociency.com\/es\/competencias-profesionales\/\" \/>\n<meta property=\"og:locale\" content=\"es_ES\" \/>\n<meta property=\"og:type\" content=\"article\" \/>\n<meta property=\"og:title\" content=\"Competencias profesionales - Prociency\" \/>\n<meta property=\"og:description\" content=\"En Prociency, ofrecemos productos digitales personalizados para Competencias profesionales . \u00a1Acompa\u00f1amos tu trayectoria con soluciones dise\u00f1adas exclusivamente para ti!\" \/>\n<meta property=\"og:url\" content=\"https:\/\/www.prociency.com\/es\/competencias-profesionales\/\" \/>\n<meta property=\"og:site_name\" content=\"Prociency\" \/>\n<meta property=\"article:modified_time\" content=\"2024-01-26T13:43:49+00:00\" \/>\n<meta name=\"twitter:card\" content=\"summary_large_image\" \/>\n<meta name=\"twitter:label1\" content=\"Est. reading time\" \/>\n\t<meta name=\"twitter:data1\" content=\"2 minutos\" \/>\n<script type=\"application\/ld+json\" class=\"yoast-schema-graph\">{\"@context\":\"https:\/\/schema.org\",\"@graph\":[{\"@type\":\"WebPage\",\"@id\":\"https:\/\/www.prociency.com\/es\/competencias-profesionales\/\",\"url\":\"https:\/\/www.prociency.com\/es\/competencias-profesionales\/\",\"name\":\"Competencias profesionales - Prociency\",\"isPartOf\":{\"@id\":\"https:\/\/www.prociency.com\/es\/#website\"},\"datePublished\":\"2023-02-27T15:13:56+00:00\",\"dateModified\":\"2024-01-26T13:43:49+00:00\",\"description\":\"En Prociency, ofrecemos productos digitales personalizados para Competencias profesionales . \u00a1Acompa\u00f1amos tu trayectoria con soluciones dise\u00f1adas exclusivamente para ti!\",\"breadcrumb\":{\"@id\":\"https:\/\/www.prociency.com\/es\/competencias-profesionales\/#breadcrumb\"},\"inLanguage\":\"es\",\"potentialAction\":[{\"@type\":\"ReadAction\",\"target\":[\"https:\/\/www.prociency.com\/es\/competencias-profesionales\/\"]}]},{\"@type\":\"BreadcrumbList\",\"@id\":\"https:\/\/www.prociency.com\/es\/competencias-profesionales\/#breadcrumb\",\"itemListElement\":[{\"@type\":\"ListItem\",\"position\":1,\"name\":\"Home\",\"item\":\"https:\/\/www.prociency.com\/es\/\"},{\"@type\":\"ListItem\",\"position\":2,\"name\":\"Competencias profesionales\"}]},{\"@type\":\"WebSite\",\"@id\":\"https:\/\/www.prociency.com\/es\/#website\",\"url\":\"https:\/\/www.prociency.com\/es\/\",\"name\":\"Prociency\",\"description\":\"Prociency\",\"publisher\":{\"@id\":\"https:\/\/www.prociency.com\/es\/#organization\"},\"potentialAction\":[{\"@type\":\"SearchAction\",\"target\":{\"@type\":\"EntryPoint\",\"urlTemplate\":\"https:\/\/www.prociency.com\/es\/?s={search_term_string}\"},\"query-input\":\"required name=search_term_string\"}],\"inLanguage\":\"es\"},{\"@type\":\"Organization\",\"@id\":\"https:\/\/www.prociency.com\/es\/#organization\",\"name\":\"Prociency\",\"url\":\"https:\/\/www.prociency.com\/es\/\",\"logo\":{\"@type\":\"ImageObject\",\"inLanguage\":\"es\",\"@id\":\"https:\/\/www.prociency.com\/es\/#\/schema\/logo\/image\/\",\"url\":\"https:\/\/prociency.developallin.com\/wp-content\/uploads\/2021\/10\/logo-prociency-negative.svg\",\"contentUrl\":\"https:\/\/prociency.developallin.com\/wp-content\/uploads\/2021\/10\/logo-prociency-negative.svg\",\"width\":1,\"height\":1,\"caption\":\"Prociency\"},\"image\":{\"@id\":\"https:\/\/www.prociency.com\/es\/#\/schema\/logo\/image\/\"}}]}<\/script>\n<!-- \/ Yoast SEO plugin. -->","yoast_head_json":{"title":"Competencias profesionales - Prociency","description":"En Prociency, ofrecemos productos digitales personalizados para Competencias profesionales . \u00a1Acompa\u00f1amos tu trayectoria con soluciones dise\u00f1adas exclusivamente para ti!","robots":{"index":"index","follow":"follow","max-snippet":"max-snippet:-1","max-image-preview":"max-image-preview:large","max-video-preview":"max-video-preview:-1"},"canonical":"https:\/\/www.prociency.com\/es\/competencias-profesionales\/","og_locale":"es_ES","og_type":"article","og_title":"Competencias profesionales - Prociency","og_description":"En Prociency, ofrecemos productos digitales personalizados para Competencias profesionales . \u00a1Acompa\u00f1amos tu trayectoria con soluciones dise\u00f1adas exclusivamente para ti!","og_url":"https:\/\/www.prociency.com\/es\/competencias-profesionales\/","og_site_name":"Prociency","article_modified_time":"2024-01-26T13:43:49+00:00","twitter_card":"summary_large_image","twitter_misc":{"Est. reading time":"2 minutos"},"schema":{"@context":"https:\/\/schema.org","@graph":[{"@type":"WebPage","@id":"https:\/\/www.prociency.com\/es\/competencias-profesionales\/","url":"https:\/\/www.prociency.com\/es\/competencias-profesionales\/","name":"Competencias profesionales - Prociency","isPartOf":{"@id":"https:\/\/www.prociency.com\/es\/#website"},"datePublished":"2023-02-27T15:13:56+00:00","dateModified":"2024-01-26T13:43:49+00:00","description":"En Prociency, ofrecemos productos digitales personalizados para Competencias profesionales . \u00a1Acompa\u00f1amos tu trayectoria con soluciones dise\u00f1adas exclusivamente para ti!","breadcrumb":{"@id":"https:\/\/www.prociency.com\/es\/competencias-profesionales\/#breadcrumb"},"inLanguage":"es","potentialAction":[{"@type":"ReadAction","target":["https:\/\/www.prociency.com\/es\/competencias-profesionales\/"]}]},{"@type":"BreadcrumbList","@id":"https:\/\/www.prociency.com\/es\/competencias-profesionales\/#breadcrumb","itemListElement":[{"@type":"ListItem","position":1,"name":"Home","item":"https:\/\/www.prociency.com\/es\/"},{"@type":"ListItem","position":2,"name":"Competencias profesionales"}]},{"@type":"WebSite","@id":"https:\/\/www.prociency.com\/es\/#website","url":"https:\/\/www.prociency.com\/es\/","name":"Prociency","description":"Prociency","publisher":{"@id":"https:\/\/www.prociency.com\/es\/#organization"},"potentialAction":[{"@type":"SearchAction","target":{"@type":"EntryPoint","urlTemplate":"https:\/\/www.prociency.com\/es\/?s={search_term_string}"},"query-input":"required name=search_term_string"}],"inLanguage":"es"},{"@type":"Organization","@id":"https:\/\/www.prociency.com\/es\/#organization","name":"Prociency","url":"https:\/\/www.prociency.com\/es\/","logo":{"@type":"ImageObject","inLanguage":"es","@id":"https:\/\/www.prociency.com\/es\/#\/schema\/logo\/image\/","url":"https:\/\/prociency.developallin.com\/wp-content\/uploads\/2021\/10\/logo-prociency-negative.svg","contentUrl":"https:\/\/prociency.developallin.com\/wp-content\/uploads\/2021\/10\/logo-prociency-negative.svg","width":1,"height":1,"caption":"Prociency"},"image":{"@id":"https:\/\/www.prociency.com\/es\/#\/schema\/logo\/image\/"}}]}},"_links":{"self":[{"href":"https:\/\/www.prociency.com\/es\/wp-json\/wp\/v2\/pages\/2558"}],"collection":[{"href":"https:\/\/www.prociency.com\/es\/wp-json\/wp\/v2\/pages"}],"about":[{"href":"https:\/\/www.prociency.com\/es\/wp-json\/wp\/v2\/types\/page"}],"author":[{"embeddable":true,"href":"https:\/\/www.prociency.com\/es\/wp-json\/wp\/v2\/users\/1"}],"replies":[{"embeddable":true,"href":"https:\/\/www.prociency.com\/es\/wp-json\/wp\/v2\/comments?post=2558"}],"version-history":[{"count":10,"href":"https:\/\/www.prociency.com\/es\/wp-json\/wp\/v2\/pages\/2558\/revisions"}],"predecessor-version":[{"id":2882,"href":"https:\/\/www.prociency.com\/es\/wp-json\/wp\/v2\/pages\/2558\/revisions\/2882"}],"wp:attachment":[{"href":"https:\/\/www.prociency.com\/es\/wp-json\/wp\/v2\/media?parent=2558"}],"curies":[{"name":"wp","href":"https:\/\/api.w.org\/{rel}","templated":true}]}}