{"id":2002,"date":"2023-02-16T13:49:47","date_gmt":"2023-02-16T12:49:47","guid":{"rendered":"https:\/\/prociency.developallin.com\/?page_id=2002"},"modified":"2024-01-26T15:05:13","modified_gmt":"2024-01-26T14:05:13","slug":"como-lo-hacemos","status":"publish","type":"page","link":"https:\/\/www.prociency.com\/es\/como-lo-hacemos\/","title":{"rendered":"C\u00f3mo lo hacemos"},"content":{"rendered":"<p>[vc_row row_height_percent=\u00bb0&#8243; override_padding=\u00bbyes\u00bb h_padding=\u00bb2&#8243; top_padding=\u00bb3&#8243; bottom_padding=\u00bb3&#8243; overlay_alpha=\u00bb50&#8243; gutter_size=\u00bb3&#8243; column_width_percent=\u00bb100&#8243; shift_y=\u00bb0&#8243; z_index=\u00bb0&#8243; uncode_shortcode_id=\u00bb156308&#8243;][vc_column width=\u00bb1\/1&#8243;][vc_row_inner][vc_column_inner width=\u00bb1\/6&#8243;][\/vc_column_inner][vc_column_inner width=\u00bb4\/6&#8243;][vc_custom_heading text_size=\u00bbh1&#8243; uncode_shortcode_id=\u00bb105493&#8243; el_class=\u00bbleft-right-line-header pos-center-header\u00bb subheading=\u00bbBusiness Therapy\u00bb]C\u00f3mo lo hacemos[\/vc_custom_heading][vc_column_text uncode_shortcode_id=\u00bb139900&#8243;]<\/p>\n<h3 class=\"h4\" style=\"text-align: center;\">Un enfoque no disruptivo y centrado en las necesidades de nuestros clientes<br \/>\ny su visi\u00f3n de negocio.<\/h3>\n<p>[\/vc_column_text][\/vc_column_inner][vc_column_inner width=\u00bb1\/6&#8243;][\/vc_column_inner][\/vc_row_inner][\/vc_column][\/vc_row][vc_row row_height_percent=\u00bb0&#8243; override_padding=\u00bbyes\u00bb h_padding=\u00bb2&#8243; top_padding=\u00bb0&#8243; bottom_padding=\u00bb3&#8243; overlay_alpha=\u00bb50&#8243; gutter_size=\u00bb3&#8243; column_width_percent=\u00bb100&#8243; shift_y=\u00bb0&#8243; z_index=\u00bb0&#8243; uncode_shortcode_id=\u00bb130710&#8243;][vc_column width=\u00bb1\/1&#8243;][vc_row_inner][vc_column_inner width=\u00bb1\/2&#8243;][vc_column_text uncode_shortcode_id=\u00bb579205&#8243;]Aportamos <strong>eficacia y tranquilidad<\/strong> en el d\u00eda a d\u00eda de nuestros clientes.<\/p>\n<p><strong>Creamos soluciones \u00fanicas y personalizadas con y para nuestros clientes, convirti\u00e9ndonos en su aliado para la innovaci\u00f3n y digitalizaci\u00f3n<\/strong>.[\/vc_column_text][vc_column_text uncode_shortcode_id=\u00bb193957&#8243; el_class=\u00bbfeatured-list\u00bb]<\/p>\n<ul>\n<li><strong>Escucha activa<\/strong>. Di\u00e1logo constante para comprender la realidad y visi\u00f3n de negocio.<\/li>\n<li><strong>Sistema como soluci\u00f3n<\/strong>. Los sistemas son un meadio, es el cliente quien conoce su empresa.<\/li>\n<li><strong>Evoluci\u00f3n constante<\/strong>. Contribuimos a la mejora empresarial de forma continua, facilitando la innovaci\u00f3n.<\/li>\n<li><strong>Paz mental<\/strong>. Sin interrupciones innecesarias y sin tensionar la organizaci\u00f3n.<\/li>\n<li><strong>Hol\u00edsticamente<\/strong>. Implementaciones org\u00e1nicas, orientadas al modelo organizativo y de negocio de la empresa.<\/li>\n<\/ul>\n<p>[\/vc_column_text][\/vc_column_inner][vc_column_inner column_width_percent=\u00bb100&#8243; position_vertical=\u00bbmiddle\u00bb align_horizontal=\u00bbalign_center\u00bb gutter_size=\u00bb3&#8243; overlay_alpha=\u00bb50&#8243; shift_x=\u00bb0&#8243; shift_y=\u00bb0&#8243; shift_y_down=\u00bb0&#8243; z_index=\u00bb0&#8243; medium_width=\u00bb0&#8243; mobile_width=\u00bb0&#8243; width=\u00bb1\/2&#8243; uncode_shortcode_id=\u00bb111989&#8243;][vc_raw_html el_class=\u00bbsingle-video\u00bb]JTNDaWZyYW1lJTIwdGl0bGUlM0QlMjJ2aW1lby1wbGF5ZXIlMjIlMjBzcmMlM0QlMjJodHRwcyUzQSUyRiUyRnBsYXllci52aW1lby5jb20lMkZ2aWRlbyUyRjczNDYzODQ3MiUzRmglM0RjZjhjOTdkZDkxJTIyJTIwd2lkdGglM0QlMjI1NjAlMjIlMjBoZWlnaHQlM0QlMjIzMTUlMjIlMjBmcmFtZWJvcmRlciUzRCUyMjAlMjIlMjBhbGxvd2Z1bGxzY3JlZW4lM0QlMjJhbGxvd2Z1bGxzY3JlZW4lMjIlM0UlM0MlMkZpZnJhbWUlM0U=[\/vc_raw_html][\/vc_column_inner][\/vc_row_inner][\/vc_column][\/vc_row][vc_row row_height_percent=\u00bb0&#8243; override_padding=\u00bbyes\u00bb h_padding=\u00bb2&#8243; top_padding=\u00bb0&#8243; bottom_padding=\u00bb3&#8243; overlay_alpha=\u00bb50&#8243; gutter_size=\u00bb3&#8243; column_width_percent=\u00bb100&#8243; shift_y=\u00bb0&#8243; z_index=\u00bb0&#8243; uncode_shortcode_id=\u00bb130710&#8243;][vc_column width=\u00bb1\/1&#8243;][vc_single_image media=\u00bb2020&#8243; media_lightbox=\u00bbyes\u00bb media_width_percent=\u00bb100&#8243; alignment=\u00bbcenter\u00bb shape=\u00bbimg-round\u00bb radius=\u00bbstd\u00bb shadow=\u00bbyes\u00bb shadow_weight=\u00bbsm\u00bb uncode_shortcode_id=\u00bb192766&#8243; el_class=\u00bbsingle-img\u00bb][\/vc_column][\/vc_row]<\/p>\n","protected":false},"excerpt":{"rendered":"<p>[vc_row row_height_percent=\u00bb0&#8243; override_padding=\u00bbyes\u00bb h_padding=\u00bb2&#8243; top_padding=\u00bb3&#8243; bottom_padding=\u00bb3&#8243; overlay_alpha=\u00bb50&#8243; gutter_size=\u00bb3&#8243; column_width_percent=\u00bb100&#8243; shift_y=\u00bb0&#8243; z_index=\u00bb0&#8243; uncode_shortcode_id=\u00bb156308&#8243;][vc_column width=\u00bb1\/1&#8243;][vc_row_inner][vc_column_inner width=\u00bb1\/6&#8243;][\/vc_column_inner][vc_column_inner width=\u00bb4\/6&#8243;][vc_custom_heading text_size=\u00bbh1&#8243; uncode_shortcode_id=\u00bb105493&#8243; el_class=\u00bbleft-right-line-header pos-center-header\u00bb subheading=\u00bbBusiness [&hellip;]<\/p>\n","protected":false},"author":1,"featured_media":0,"parent":0,"menu_order":0,"comment_status":"closed","ping_status":"closed","template":"","meta":[],"yoast_head":"<!-- This site is optimized with the Yoast SEO plugin v20.8 - https:\/\/yoast.com\/wordpress\/plugins\/seo\/ -->\n<title>C\u00f3mo lo hacemos - Prociency<\/title>\n<meta name=\"description\" content=\"\u00bfC\u00f3mo PROCIENCY crea soluciones \u00fanicas y a medida con y para nuestros socios digitales? Escucha activa, evoluci\u00f3n constante. \u00a1Desc\u00fabrelo y \u00fanete!\" \/>\n<meta name=\"robots\" content=\"index, follow, max-snippet:-1, max-image-preview:large, max-video-preview:-1\" \/>\n<link rel=\"canonical\" href=\"https:\/\/www.prociency.com\/es\/como-lo-hacemos\/\" \/>\n<meta property=\"og:locale\" content=\"es_ES\" \/>\n<meta property=\"og:type\" content=\"article\" \/>\n<meta property=\"og:title\" content=\"C\u00f3mo lo hacemos - Prociency\" \/>\n<meta property=\"og:description\" content=\"\u00bfC\u00f3mo PROCIENCY crea soluciones \u00fanicas y a medida con y para nuestros socios digitales? Escucha activa, evoluci\u00f3n constante. \u00a1Desc\u00fabrelo y \u00fanete!\" \/>\n<meta property=\"og:url\" content=\"https:\/\/www.prociency.com\/es\/como-lo-hacemos\/\" \/>\n<meta property=\"og:site_name\" content=\"Prociency\" \/>\n<meta property=\"article:modified_time\" content=\"2024-01-26T14:05:13+00:00\" \/>\n<meta name=\"twitter:card\" content=\"summary_large_image\" \/>\n<meta name=\"twitter:label1\" content=\"Est. reading time\" \/>\n\t<meta name=\"twitter:data1\" content=\"1 minuto\" \/>\n<script type=\"application\/ld+json\" class=\"yoast-schema-graph\">{\"@context\":\"https:\/\/schema.org\",\"@graph\":[{\"@type\":\"WebPage\",\"@id\":\"https:\/\/www.prociency.com\/es\/como-lo-hacemos\/\",\"url\":\"https:\/\/www.prociency.com\/es\/como-lo-hacemos\/\",\"name\":\"C\u00f3mo lo hacemos - Prociency\",\"isPartOf\":{\"@id\":\"https:\/\/www.prociency.com\/es\/#website\"},\"datePublished\":\"2023-02-16T12:49:47+00:00\",\"dateModified\":\"2024-01-26T14:05:13+00:00\",\"description\":\"\u00bfC\u00f3mo PROCIENCY crea soluciones \u00fanicas y a medida con y para nuestros socios digitales? Escucha activa, evoluci\u00f3n constante. \u00a1Desc\u00fabrelo y \u00fanete!\",\"breadcrumb\":{\"@id\":\"https:\/\/www.prociency.com\/es\/como-lo-hacemos\/#breadcrumb\"},\"inLanguage\":\"es\",\"potentialAction\":[{\"@type\":\"ReadAction\",\"target\":[\"https:\/\/www.prociency.com\/es\/como-lo-hacemos\/\"]}]},{\"@type\":\"BreadcrumbList\",\"@id\":\"https:\/\/www.prociency.com\/es\/como-lo-hacemos\/#breadcrumb\",\"itemListElement\":[{\"@type\":\"ListItem\",\"position\":1,\"name\":\"Home\",\"item\":\"https:\/\/www.prociency.com\/es\/\"},{\"@type\":\"ListItem\",\"position\":2,\"name\":\"C\u00f3mo lo hacemos\"}]},{\"@type\":\"WebSite\",\"@id\":\"https:\/\/www.prociency.com\/es\/#website\",\"url\":\"https:\/\/www.prociency.com\/es\/\",\"name\":\"Prociency\",\"description\":\"Prociency\",\"publisher\":{\"@id\":\"https:\/\/www.prociency.com\/es\/#organization\"},\"potentialAction\":[{\"@type\":\"SearchAction\",\"target\":{\"@type\":\"EntryPoint\",\"urlTemplate\":\"https:\/\/www.prociency.com\/es\/?s={search_term_string}\"},\"query-input\":\"required name=search_term_string\"}],\"inLanguage\":\"es\"},{\"@type\":\"Organization\",\"@id\":\"https:\/\/www.prociency.com\/es\/#organization\",\"name\":\"Prociency\",\"url\":\"https:\/\/www.prociency.com\/es\/\",\"logo\":{\"@type\":\"ImageObject\",\"inLanguage\":\"es\",\"@id\":\"https:\/\/www.prociency.com\/es\/#\/schema\/logo\/image\/\",\"url\":\"https:\/\/prociency.developallin.com\/wp-content\/uploads\/2021\/10\/logo-prociency-negative.svg\",\"contentUrl\":\"https:\/\/prociency.developallin.com\/wp-content\/uploads\/2021\/10\/logo-prociency-negative.svg\",\"width\":1,\"height\":1,\"caption\":\"Prociency\"},\"image\":{\"@id\":\"https:\/\/www.prociency.com\/es\/#\/schema\/logo\/image\/\"}}]}<\/script>\n<!-- \/ Yoast SEO plugin. -->","yoast_head_json":{"title":"C\u00f3mo lo hacemos - Prociency","description":"\u00bfC\u00f3mo PROCIENCY crea soluciones \u00fanicas y a medida con y para nuestros socios digitales? Escucha activa, evoluci\u00f3n constante. \u00a1Desc\u00fabrelo y \u00fanete!","robots":{"index":"index","follow":"follow","max-snippet":"max-snippet:-1","max-image-preview":"max-image-preview:large","max-video-preview":"max-video-preview:-1"},"canonical":"https:\/\/www.prociency.com\/es\/como-lo-hacemos\/","og_locale":"es_ES","og_type":"article","og_title":"C\u00f3mo lo hacemos - Prociency","og_description":"\u00bfC\u00f3mo PROCIENCY crea soluciones \u00fanicas y a medida con y para nuestros socios digitales? Escucha activa, evoluci\u00f3n constante. \u00a1Desc\u00fabrelo y \u00fanete!","og_url":"https:\/\/www.prociency.com\/es\/como-lo-hacemos\/","og_site_name":"Prociency","article_modified_time":"2024-01-26T14:05:13+00:00","twitter_card":"summary_large_image","twitter_misc":{"Est. reading time":"1 minuto"},"schema":{"@context":"https:\/\/schema.org","@graph":[{"@type":"WebPage","@id":"https:\/\/www.prociency.com\/es\/como-lo-hacemos\/","url":"https:\/\/www.prociency.com\/es\/como-lo-hacemos\/","name":"C\u00f3mo lo hacemos - Prociency","isPartOf":{"@id":"https:\/\/www.prociency.com\/es\/#website"},"datePublished":"2023-02-16T12:49:47+00:00","dateModified":"2024-01-26T14:05:13+00:00","description":"\u00bfC\u00f3mo PROCIENCY crea soluciones \u00fanicas y a medida con y para nuestros socios digitales? Escucha activa, evoluci\u00f3n constante. \u00a1Desc\u00fabrelo y \u00fanete!","breadcrumb":{"@id":"https:\/\/www.prociency.com\/es\/como-lo-hacemos\/#breadcrumb"},"inLanguage":"es","potentialAction":[{"@type":"ReadAction","target":["https:\/\/www.prociency.com\/es\/como-lo-hacemos\/"]}]},{"@type":"BreadcrumbList","@id":"https:\/\/www.prociency.com\/es\/como-lo-hacemos\/#breadcrumb","itemListElement":[{"@type":"ListItem","position":1,"name":"Home","item":"https:\/\/www.prociency.com\/es\/"},{"@type":"ListItem","position":2,"name":"C\u00f3mo lo hacemos"}]},{"@type":"WebSite","@id":"https:\/\/www.prociency.com\/es\/#website","url":"https:\/\/www.prociency.com\/es\/","name":"Prociency","description":"Prociency","publisher":{"@id":"https:\/\/www.prociency.com\/es\/#organization"},"potentialAction":[{"@type":"SearchAction","target":{"@type":"EntryPoint","urlTemplate":"https:\/\/www.prociency.com\/es\/?s={search_term_string}"},"query-input":"required name=search_term_string"}],"inLanguage":"es"},{"@type":"Organization","@id":"https:\/\/www.prociency.com\/es\/#organization","name":"Prociency","url":"https:\/\/www.prociency.com\/es\/","logo":{"@type":"ImageObject","inLanguage":"es","@id":"https:\/\/www.prociency.com\/es\/#\/schema\/logo\/image\/","url":"https:\/\/prociency.developallin.com\/wp-content\/uploads\/2021\/10\/logo-prociency-negative.svg","contentUrl":"https:\/\/prociency.developallin.com\/wp-content\/uploads\/2021\/10\/logo-prociency-negative.svg","width":1,"height":1,"caption":"Prociency"},"image":{"@id":"https:\/\/www.prociency.com\/es\/#\/schema\/logo\/image\/"}}]}},"_links":{"self":[{"href":"https:\/\/www.prociency.com\/es\/wp-json\/wp\/v2\/pages\/2002"}],"collection":[{"href":"https:\/\/www.prociency.com\/es\/wp-json\/wp\/v2\/pages"}],"about":[{"href":"https:\/\/www.prociency.com\/es\/wp-json\/wp\/v2\/types\/page"}],"author":[{"embeddable":true,"href":"https:\/\/www.prociency.com\/es\/wp-json\/wp\/v2\/users\/1"}],"replies":[{"embeddable":true,"href":"https:\/\/www.prociency.com\/es\/wp-json\/wp\/v2\/comments?post=2002"}],"version-history":[{"count":25,"href":"https:\/\/www.prociency.com\/es\/wp-json\/wp\/v2\/pages\/2002\/revisions"}],"predecessor-version":[{"id":3144,"href":"https:\/\/www.prociency.com\/es\/wp-json\/wp\/v2\/pages\/2002\/revisions\/3144"}],"wp:attachment":[{"href":"https:\/\/www.prociency.com\/es\/wp-json\/wp\/v2\/media?parent=2002"}],"curies":[{"name":"wp","href":"https:\/\/api.w.org\/{rel}","templated":true}]}}