{"id":1993,"date":"2023-02-16T12:43:38","date_gmt":"2023-02-16T11:43:38","guid":{"rendered":"https:\/\/prociency.developallin.com\/?page_id=1993"},"modified":"2024-01-26T15:41:19","modified_gmt":"2024-01-26T14:41:19","slug":"que-hacemos","status":"publish","type":"page","link":"https:\/\/www.prociency.com\/es\/que-hacemos\/","title":{"rendered":"Qu\u00e9 hacemos"},"content":{"rendered":"<p>[vc_row row_height_percent=\u00bb0&#8243; override_padding=\u00bbyes\u00bb h_padding=\u00bb2&#8243; top_padding=\u00bb3&#8243; bottom_padding=\u00bb3&#8243; overlay_alpha=\u00bb50&#8243; gutter_size=\u00bb3&#8243; column_width_percent=\u00bb100&#8243; shift_y=\u00bb0&#8243; z_index=\u00bb0&#8243; uncode_shortcode_id=\u00bb986701&#8243;][vc_column width=\u00bb1\/1&#8243;][vc_row_inner][vc_column_inner width=\u00bb1\/6&#8243;][\/vc_column_inner][vc_column_inner width=\u00bb4\/6&#8243;][vc_custom_heading text_size=\u00bbh1&#8243; uncode_shortcode_id=\u00bb665493&#8243; el_class=\u00bbleft-right-line-header pos-center-header\u00bb subheading=\u00bbMisi\u00f3n\u00bb]Qu\u00e9 hacemos[\/vc_custom_heading][\/vc_column_inner][vc_column_inner width=\u00bb1\/6&#8243;][\/vc_column_inner][\/vc_row_inner][vc_row_inner][vc_column_inner width=\u00bb1\/1&#8243;][vc_column_text uncode_shortcode_id=\u00bb180155&#8243;]<\/p>\n<h3 style=\"text-align: center;\">Nuestra misi\u00f3n es hacer posible la visi\u00f3n de nuestros clientes convirti\u00e9ndonos<br \/>\nen su aliado para la innovaci\u00f3n.<\/h3>\n<p>[\/vc_column_text][\/vc_column_inner][\/vc_row_inner][\/vc_column][\/vc_row][vc_row row_height_percent=\u00bb0&#8243; override_padding=\u00bbyes\u00bb h_padding=\u00bb2&#8243; top_padding=\u00bb0&#8243; bottom_padding=\u00bb3&#8243; overlay_alpha=\u00bb50&#8243; gutter_size=\u00bb3&#8243; column_width_percent=\u00bb100&#8243; shift_y=\u00bb0&#8243; z_index=\u00bb0&#8243; uncode_shortcode_id=\u00bb130653&#8243;][vc_column width=\u00bb1\/1&#8243;][vc_row_inner][vc_column_inner width=\u00bb1\/2&#8243;][uncode_list uncode_shortcode_id=\u00bb214595&#8243;]<\/p>\n<ul>\n<li>Los procesos de <strong>digitalizaci\u00f3n<\/strong> tienen un gran impacto en la eficacia y eficiencia de las organizaciones<strong> incrementando exponencialmente su capacidad para controlar todas sus actividades<\/strong>.<\/li>\n<li>Dise\u00f1amos, implementamos y mantenemos todas nuestras soluciones, lo que nos permite adaptar cada una de ella<strong>s de una manera genuinamente personalizada<\/strong> a nuestros clientes.<\/li>\n<li><strong>Todas nuestras soluciones<\/strong> est\u00e1n orientadas a las necesidades de nuestros clientes e integramos en nuestra misi\u00f3n que cumplan con <strong>la propuesta de valor<\/strong> descrita a continuaci\u00f3n.<\/li>\n<\/ul>\n<p>[\/uncode_list][\/vc_column_inner][vc_column_inner width=\u00bb1\/2&#8243;][vc_single_image media=\u00bb2210&#8243; media_width_percent=\u00bb100&#8243; shape=\u00bbimg-round\u00bb radius=\u00bbstd\u00bb shadow=\u00bbyes\u00bb shadow_weight=\u00bbsm\u00bb uncode_shortcode_id=\u00bb132671&#8243;][\/vc_column_inner][\/vc_row_inner][\/vc_column][\/vc_row][vc_row row_height_percent=\u00bb0&#8243; override_padding=\u00bbyes\u00bb h_padding=\u00bb2&#8243; top_padding=\u00bb0&#8243; bottom_padding=\u00bb0&#8243; back_color=\u00bbcolor-lxmt\u00bb overlay_alpha=\u00bb50&#8243; gutter_size=\u00bb3&#8243; column_width_percent=\u00bb100&#8243; shift_y=\u00bb0&#8243; z_index=\u00bb0&#8243; uncode_shortcode_id=\u00bb183716&#8243; back_color_type=\u00bbuncode-palette\u00bb css=\u00bb.vc_custom_1679918915451{padding-top: 60px !important;padding-bottom: 60px !important;}\u00bb][vc_column width=\u00bb1\/1&#8243;][vc_column_text uncode_shortcode_id=\u00bb738332&#8243; el_class=\u00bbfeatured-column-list\u00bb css=\u00bb.vc_custom_1677769265822{padding-bottom: 20px !important;}\u00bb]<\/p>\n<h3>Acompa\u00f1amos a nuestros clientes en todo su recorrido hacia la transformaci\u00f3n digital de sus empresas.<\/h3>\n<p>[\/vc_column_text][vc_row_inner][vc_column_inner width=\u00bb1\/3&#8243;][vc_icon position=\u00bbleft\u00bb icon_image=\u00bb2238&#8243; media_size=\u00bb75px\u00bb uncode_shortcode_id=\u00bb567498&#8243; title=\u00bbHol\u00edsticas\u00bb el_class=\u00bbcustom-interline\u00bb]Una capa superior que se conecta con todo.[\/vc_icon][\/vc_column_inner][vc_column_inner width=\u00bb1\/3&#8243;][vc_icon position=\u00bbleft\u00bb icon_image=\u00bb2226&#8243; media_size=\u00bb75px\u00bb uncode_shortcode_id=\u00bb977061&#8243; title=\u00bbSaaS\u00bb el_class=\u00bbcustom-interline\u00bb]En la nube, con total seguridad.[\/vc_icon][\/vc_column_inner][vc_column_inner width=\u00bb1\/3&#8243;][vc_icon position=\u00bbleft\u00bb icon_image=\u00bb2228&#8243; media_size=\u00bb75px\u00bb uncode_shortcode_id=\u00bb197888&#8243; title=\u00bbAdaptadas\u00bb el_class=\u00bbcustom-interline\u00bb]Sin cambiar la manera de trabajar de nuestros clientes.[\/vc_icon][\/vc_column_inner][\/vc_row_inner][vc_row_inner][vc_column_inner width=\u00bb1\/3&#8243;][vc_icon position=\u00bbleft\u00bb icon_image=\u00bb2230&#8243; media_size=\u00bb75px\u00bb uncode_shortcode_id=\u00bb120647&#8243; title=\u00bbTransversales\u00bb el_class=\u00bbcustom-interline\u00bb]Para todos y con visualizaci\u00f3n a medida.[\/vc_icon][\/vc_column_inner][vc_column_inner width=\u00bb1\/3&#8243;][vc_icon position=\u00bbleft\u00bb icon_image=\u00bb2232&#8243; media_size=\u00bb75px\u00bb uncode_shortcode_id=\u00bb155821&#8243; title=\u00bbSencillas y ordenadas\u00bb el_class=\u00bbcustom-interline\u00bb]F\u00e1ciles de usar, con seguimiento de las tareas[\/vc_icon][\/vc_column_inner][vc_column_inner width=\u00bb1\/3&#8243;][vc_icon position=\u00bbleft\u00bb icon_image=\u00bb2234&#8243; media_size=\u00bb75px\u00bb uncode_shortcode_id=\u00bb111094&#8243; title=\u00bbInformes ilimitados\u00bb el_class=\u00bbcustom-interline\u00bb]Creamos valor con los datos.[\/vc_icon][\/vc_column_inner][\/vc_row_inner][vc_row_inner][vc_column_inner width=\u00bb1\/3&#8243;][vc_icon position=\u00bbleft\u00bb icon_image=\u00bb2236&#8243; media_size=\u00bb75px\u00bb uncode_shortcode_id=\u00bb607861&#8243; title=\u00bbMejora continua\u00bb el_class=\u00bbcustom-interline\u00bb]Evolutivo incluido para potenciar la innovaci\u00f3n.[\/vc_icon][\/vc_column_inner][vc_column_inner column_width_percent=\u00bb100&#8243; gutter_size=\u00bb3&#8243; overlay_alpha=\u00bb50&#8243; shift_x=\u00bb0&#8243; shift_y=\u00bb0&#8243; shift_y_down=\u00bb0&#8243; z_index=\u00bb0&#8243; desktop_visibility=\u00bbyes\u00bb medium_visibility=\u00bbyes\u00bb medium_width=\u00bb0&#8243; mobile_visibility=\u00bbyes\u00bb mobile_width=\u00bb0&#8243; width=\u00bb1\/3&#8243; uncode_shortcode_id=\u00bb985003&#8243;][\/vc_column_inner][vc_column_inner column_width_percent=\u00bb100&#8243; gutter_size=\u00bb3&#8243; overlay_alpha=\u00bb50&#8243; shift_x=\u00bb0&#8243; shift_y=\u00bb0&#8243; shift_y_down=\u00bb0&#8243; z_index=\u00bb0&#8243; desktop_visibility=\u00bbyes\u00bb medium_visibility=\u00bbyes\u00bb medium_width=\u00bb0&#8243; mobile_visibility=\u00bbyes\u00bb mobile_width=\u00bb0&#8243; width=\u00bb1\/3&#8243; uncode_shortcode_id=\u00bb213561&#8243;][\/vc_column_inner][\/vc_row_inner][\/vc_column][\/vc_row][vc_row row_height_percent=\u00bb0&#8243; override_padding=\u00bbyes\u00bb h_padding=\u00bb2&#8243; top_padding=\u00bb0&#8243; bottom_padding=\u00bb3&#8243; overlay_alpha=\u00bb50&#8243; equal_height=\u00bbyes\u00bb gutter_size=\u00bb3&#8243; column_width_percent=\u00bb100&#8243; shift_y=\u00bb0&#8243; z_index=\u00bb0&#8243; uncode_shortcode_id=\u00bb165146&#8243; css=\u00bb.vc_custom_1676992122468{padding-top: 60px !important;}\u00bb][vc_column column_width_percent=\u00bb100&#8243; position_vertical=\u00bbmiddle\u00bb gutter_size=\u00bb3&#8243; overlay_alpha=\u00bb50&#8243; shift_x=\u00bb0&#8243; shift_y=\u00bb0&#8243; shift_y_down=\u00bb0&#8243; z_index=\u00bb0&#8243; medium_width=\u00bb0&#8243; mobile_width=\u00bb0&#8243; width=\u00bb1\/2&#8243; uncode_shortcode_id=\u00bb102854&#8243;][vc_column_text uncode_shortcode_id=\u00bb115578&#8243;]<strong>Integramos a nuestros clientes<strong> en el proceso de dise\u00f1o de la soluci\u00f3n.<br \/>\nTrabajar con la libertad de poder efectuar cambios y modificaciones en todo momento.<\/strong>[\/vc_column_text][vc_column_text uncode_shortcode_id=\u00bb830560&#8243; el_class=\u00bbfeatured-list\u00bb]<\/strong><\/p>\n<ul>\n<li>Garantiza<strong> el uso real<\/strong> de las soluciones y su funcionalidad.<\/li>\n<li><strong>Agilidad<\/strong>. Se reducen los tiempos de ejecuci\u00f3n de las actividades y los gastos de recursos.<\/li>\n<li><strong>Incrementa el valor de las personas<\/strong>. Pueden concentrarse en las tareas que a\u00f1aden valor.<\/li>\n<li><strong>Cohesi\u00f3n y consistencia<\/strong>. Todos trabajan con los mismos datos, sin duplicidades ni contradicciones.<\/li>\n<li><strong>Multicultural<\/strong>. Aplicable a diferentes sedes y pa\u00edses de forma personalizada.<\/li>\n<\/ul>\n<p>[\/vc_column_text][\/vc_column][vc_column column_width_percent=\u00bb100&#8243; position_vertical=\u00bbmiddle\u00bb gutter_size=\u00bb3&#8243; overlay_alpha=\u00bb50&#8243; shift_x=\u00bb0&#8243; shift_y=\u00bb0&#8243; shift_y_down=\u00bb0&#8243; z_index=\u00bb0&#8243; medium_width=\u00bb0&#8243; mobile_width=\u00bb0&#8243; width=\u00bb1\/2&#8243; uncode_shortcode_id=\u00bb127368&#8243;][vc_single_image media=\u00bb961&#8243; media_width_percent=\u00bb100&#8243; alignment=\u00bbcenter\u00bb shape=\u00bbimg-round\u00bb radius=\u00bbstd\u00bb shadow=\u00bbyes\u00bb shadow_weight=\u00bbsm\u00bb uncode_shortcode_id=\u00bb131986&#8243;][\/vc_column][\/vc_row][vc_row row_height_percent=\u00bb0&#8243; override_padding=\u00bbyes\u00bb h_padding=\u00bb2&#8243; top_padding=\u00bb0&#8243; bottom_padding=\u00bb3&#8243; overlay_alpha=\u00bb50&#8243; equal_height=\u00bbyes\u00bb gutter_size=\u00bb3&#8243; column_width_percent=\u00bb100&#8243; shift_y=\u00bb0&#8243; z_index=\u00bb0&#8243; uncode_shortcode_id=\u00bb163743&#8243; css=\u00bb.vc_custom_1676992128971{padding-top: 60px !important;}\u00bb][vc_column column_width_percent=\u00bb100&#8243; position_vertical=\u00bbmiddle\u00bb gutter_size=\u00bb3&#8243; overlay_alpha=\u00bb50&#8243; shift_x=\u00bb0&#8243; shift_y=\u00bb0&#8243; shift_y_down=\u00bb0&#8243; z_index=\u00bb0&#8243; medium_width=\u00bb0&#8243; mobile_width=\u00bb0&#8243; width=\u00bb1\/2&#8243; uncode_shortcode_id=\u00bb102854&#8243;][vc_single_image media=\u00bb1006&#8243; media_width_percent=\u00bb100&#8243; alignment=\u00bbcenter\u00bb shape=\u00bbimg-round\u00bb radius=\u00bbstd\u00bb shadow=\u00bbyes\u00bb shadow_weight=\u00bbsm\u00bb uncode_shortcode_id=\u00bb123694&#8243;][\/vc_column][vc_column column_width_percent=\u00bb100&#8243; position_vertical=\u00bbmiddle\u00bb gutter_size=\u00bb3&#8243; overlay_alpha=\u00bb50&#8243; shift_x=\u00bb0&#8243; shift_y=\u00bb0&#8243; shift_y_down=\u00bb0&#8243; z_index=\u00bb0&#8243; medium_width=\u00bb0&#8243; mobile_width=\u00bb0&#8243; width=\u00bb1\/2&#8243; uncode_shortcode_id=\u00bb127368&#8243;][vc_column_text uncode_shortcode_id=\u00bb223556&#8243;]Ofrecemos soluciones <strong>digitales innovadoras y listas para la acci\u00f3n<\/strong> en cualquier entorno.<br \/>\n<strong>Simplificar, automatizar y mejorar el control y la supervisi\u00f3n de procesos complejos.<\/strong>[\/vc_column_text][vc_column_text uncode_shortcode_id=\u00bb201621&#8243; el_class=\u00bbfeatured-list\u00bb]<\/p>\n<ul>\n<li><strong>Incrementa<\/strong> exponencialmente la <strong>eficacia y eficienci<\/strong>a de las empresas.<\/li>\n<li>Permite un nivel de <strong>an\u00e1lisis de la informaci\u00f3n y toma de decisiones en tiempo real<\/strong> de forma centralizada.<\/li>\n<li><strong>Mejora la satisfacci\u00f3n de clientes<\/strong> internos y externos y permite<strong> dar respuestas personalizadas<\/strong> a cada uno de ellos.<\/li>\n<li><strong>Organizaciones din\u00e1micas e innovadoras<\/strong>.<\/li>\n<\/ul>\n<p>[\/vc_column_text][\/vc_column][\/vc_row][vc_row row_height_percent=\u00bb0&#8243; override_padding=\u00bbyes\u00bb h_padding=\u00bb2&#8243; top_padding=\u00bb0&#8243; bottom_padding=\u00bb3&#8243; overlay_alpha=\u00bb50&#8243; gutter_size=\u00bb3&#8243; column_width_percent=\u00bb100&#8243; shift_y=\u00bb0&#8243; z_index=\u00bb0&#8243; uncode_shortcode_id=\u00bb202963&#8243;][vc_column width=\u00bb1\/1&#8243;][vc_custom_heading text_size=\u00bbh1&#8243; uncode_shortcode_id=\u00bb114432&#8243; el_class=\u00bbleft-right-line-header pos-center-header\u00bb subheading=\u00bbSoluciones innovadoras\u00bb]\u00bfPor qu\u00e9 Prociency?[\/vc_custom_heading][vc_row_inner row_inner_height_percent=\u00bb0&#8243; overlay_alpha=\u00bb50&#8243; gutter_size=\u00bb3&#8243; shift_y=\u00bb0&#8243; z_index=\u00bb0&#8243; uncode_shortcode_id=\u00bb144584&#8243; css=\u00bb.vc_custom_1636990680423{padding-top: 30px !important;}\u00bb][vc_column_inner column_width_percent=\u00bb100&#8243; gutter_size=\u00bb3&#8243; overlay_alpha=\u00bb50&#8243; shift_x=\u00bb0&#8243; shift_y=\u00bb0&#8243; shift_y_down=\u00bb0&#8243; z_index=\u00bb0&#8243; medium_width=\u00bb0&#8243; mobile_width=\u00bb0&#8243; width=\u00bb1\/2&#8243; uncode_shortcode_id=\u00bb187689&#8243;][vc_column_text uncode_shortcode_id=\u00bb103596&#8243;]Nuestros clientes son un <strong>fin en s\u00ed mismos<\/strong>.<\/p>\n<p>Creamos <strong>soluciones \u00fanicas y personalizadas<\/strong> con y para nuestros clientes, convirti\u00e9ndonos en su aliado para la innovaci\u00f3n y digitalizaci\u00f3n.[\/vc_column_text][uncode_list uncode_shortcode_id=\u00bb101359&#8243;]<\/p>\n<ul>\n<li><strong>R\u00e1pida implementaci\u00f3n<\/strong>. Llave en mano.<\/li>\n<li><strong>Rentable<\/strong>. Sin inversiones iniciales, pago por<br \/>\nprocesos y usuarios.<\/li>\n<li><strong>Flexible y adaptado<\/strong>. Co-dise\u00f1ado con<br \/>\nnuestros clientes.<\/li>\n<li><strong>Usable, usado y m\u00f3vil<\/strong>. Con la complicidad de<br \/>\nlos equipos.<\/li>\n<li><strong>Know-How<\/strong>. Tenemos experiencia en sectores<br \/>\nestrat\u00e9gicos, donde la fiabilidad, seguridad y<br \/>\nadaptabilidad son imprescindibles.<\/li>\n<li><strong>Metodolog\u00eda de trabajo<\/strong>. No somos un<br \/>\nconsultor externo, <strong>somos el aliado para la<\/strong><br \/>\n<strong>innovaci\u00f3n<\/strong>.<\/li>\n<\/ul>\n<p>[\/uncode_list][\/vc_column_inner][vc_column_inner column_width_percent=\u00bb100&#8243; position_vertical=\u00bbmiddle\u00bb gutter_size=\u00bb3&#8243; overlay_alpha=\u00bb50&#8243; shift_x=\u00bb0&#8243; shift_y=\u00bb0&#8243; shift_y_down=\u00bb0&#8243; z_index=\u00bb0&#8243; medium_width=\u00bb0&#8243; mobile_width=\u00bb0&#8243; width=\u00bb1\/2&#8243; uncode_shortcode_id=\u00bb126109&#8243;][vc_single_image media=\u00bb999&#8243; media_width_percent=\u00bb100&#8243; shape=\u00bbimg-round\u00bb radius=\u00bbstd\u00bb shadow=\u00bbyes\u00bb shadow_weight=\u00bbsm\u00bb uncode_shortcode_id=\u00bb204438&#8243;][\/vc_column_inner][\/vc_row_inner][\/vc_column][\/vc_row]<\/p>\n","protected":false},"excerpt":{"rendered":"<p>[vc_row row_height_percent=\u00bb0&#8243; override_padding=\u00bbyes\u00bb h_padding=\u00bb2&#8243; top_padding=\u00bb3&#8243; bottom_padding=\u00bb3&#8243; overlay_alpha=\u00bb50&#8243; gutter_size=\u00bb3&#8243; column_width_percent=\u00bb100&#8243; shift_y=\u00bb0&#8243; z_index=\u00bb0&#8243; uncode_shortcode_id=\u00bb986701&#8243;][vc_column width=\u00bb1\/1&#8243;][vc_row_inner][vc_column_inner width=\u00bb1\/6&#8243;][\/vc_column_inner][vc_column_inner width=\u00bb4\/6&#8243;][vc_custom_heading text_size=\u00bbh1&#8243; uncode_shortcode_id=\u00bb665493&#8243; el_class=\u00bbleft-right-line-header pos-center-header\u00bb subheading=\u00bbMisi\u00f3n\u00bb]Qu\u00e9 [&hellip;]<\/p>\n","protected":false},"author":1,"featured_media":2273,"parent":0,"menu_order":0,"comment_status":"closed","ping_status":"closed","template":"","meta":[],"yoast_head":"<!-- This site is optimized with the Yoast SEO plugin v20.8 - https:\/\/yoast.com\/wordpress\/plugins\/seo\/ -->\n<title>Qu\u00e9 hacemos - Prociency<\/title>\n<meta name=\"description\" content=\"Descubre las misiones de PROCIENCY. Soluciones digitales innovadoras listas para usar en cualquier entorno. Ingenieros y desarrolladores adaptados a tus necesidades digitales.\" \/>\n<meta name=\"robots\" content=\"index, follow, max-snippet:-1, max-image-preview:large, max-video-preview:-1\" \/>\n<link rel=\"canonical\" href=\"https:\/\/www.prociency.com\/es\/que-hacemos\/\" \/>\n<meta property=\"og:locale\" content=\"es_ES\" \/>\n<meta property=\"og:type\" content=\"article\" \/>\n<meta property=\"og:title\" content=\"Qu\u00e9 hacemos - Prociency\" \/>\n<meta property=\"og:description\" content=\"Descubre las misiones de PROCIENCY. Soluciones digitales innovadoras listas para usar en cualquier entorno. Ingenieros y desarrolladores adaptados a tus necesidades digitales.\" \/>\n<meta property=\"og:url\" content=\"https:\/\/www.prociency.com\/es\/que-hacemos\/\" \/>\n<meta property=\"og:site_name\" content=\"Prociency\" \/>\n<meta property=\"article:modified_time\" content=\"2024-01-26T14:41:19+00:00\" \/>\n<meta property=\"og:image\" content=\"https:\/\/www.prociency.com\/wp-content\/uploads\/2023\/02\/ezgif-frame-034.jpg\" \/>\n\t<meta property=\"og:image:width\" content=\"1920\" \/>\n\t<meta property=\"og:image:height\" content=\"1080\" \/>\n\t<meta property=\"og:image:type\" content=\"image\/jpeg\" \/>\n<meta name=\"twitter:card\" content=\"summary_large_image\" \/>\n<meta name=\"twitter:label1\" content=\"Est. reading time\" \/>\n\t<meta name=\"twitter:data1\" content=\"4 minutos\" \/>\n<script type=\"application\/ld+json\" class=\"yoast-schema-graph\">{\"@context\":\"https:\/\/schema.org\",\"@graph\":[{\"@type\":\"WebPage\",\"@id\":\"https:\/\/www.prociency.com\/es\/que-hacemos\/\",\"url\":\"https:\/\/www.prociency.com\/es\/que-hacemos\/\",\"name\":\"Qu\u00e9 hacemos - Prociency\",\"isPartOf\":{\"@id\":\"https:\/\/www.prociency.com\/es\/#website\"},\"datePublished\":\"2023-02-16T11:43:38+00:00\",\"dateModified\":\"2024-01-26T14:41:19+00:00\",\"description\":\"Descubre las misiones de PROCIENCY. Soluciones digitales innovadoras listas para usar en cualquier entorno. Ingenieros y desarrolladores adaptados a tus necesidades digitales.\",\"breadcrumb\":{\"@id\":\"https:\/\/www.prociency.com\/es\/que-hacemos\/#breadcrumb\"},\"inLanguage\":\"es\",\"potentialAction\":[{\"@type\":\"ReadAction\",\"target\":[\"https:\/\/www.prociency.com\/es\/que-hacemos\/\"]}]},{\"@type\":\"BreadcrumbList\",\"@id\":\"https:\/\/www.prociency.com\/es\/que-hacemos\/#breadcrumb\",\"itemListElement\":[{\"@type\":\"ListItem\",\"position\":1,\"name\":\"Home\",\"item\":\"https:\/\/www.prociency.com\/es\/\"},{\"@type\":\"ListItem\",\"position\":2,\"name\":\"Qu\u00e9 hacemos\"}]},{\"@type\":\"WebSite\",\"@id\":\"https:\/\/www.prociency.com\/es\/#website\",\"url\":\"https:\/\/www.prociency.com\/es\/\",\"name\":\"Prociency\",\"description\":\"Prociency\",\"publisher\":{\"@id\":\"https:\/\/www.prociency.com\/es\/#organization\"},\"potentialAction\":[{\"@type\":\"SearchAction\",\"target\":{\"@type\":\"EntryPoint\",\"urlTemplate\":\"https:\/\/www.prociency.com\/es\/?s={search_term_string}\"},\"query-input\":\"required name=search_term_string\"}],\"inLanguage\":\"es\"},{\"@type\":\"Organization\",\"@id\":\"https:\/\/www.prociency.com\/es\/#organization\",\"name\":\"Prociency\",\"url\":\"https:\/\/www.prociency.com\/es\/\",\"logo\":{\"@type\":\"ImageObject\",\"inLanguage\":\"es\",\"@id\":\"https:\/\/www.prociency.com\/es\/#\/schema\/logo\/image\/\",\"url\":\"https:\/\/prociency.developallin.com\/wp-content\/uploads\/2021\/10\/logo-prociency-negative.svg\",\"contentUrl\":\"https:\/\/prociency.developallin.com\/wp-content\/uploads\/2021\/10\/logo-prociency-negative.svg\",\"width\":1,\"height\":1,\"caption\":\"Prociency\"},\"image\":{\"@id\":\"https:\/\/www.prociency.com\/es\/#\/schema\/logo\/image\/\"}}]}<\/script>\n<!-- \/ Yoast SEO plugin. -->","yoast_head_json":{"title":"Qu\u00e9 hacemos - Prociency","description":"Descubre las misiones de PROCIENCY. Soluciones digitales innovadoras listas para usar en cualquier entorno. Ingenieros y desarrolladores adaptados a tus necesidades digitales.","robots":{"index":"index","follow":"follow","max-snippet":"max-snippet:-1","max-image-preview":"max-image-preview:large","max-video-preview":"max-video-preview:-1"},"canonical":"https:\/\/www.prociency.com\/es\/que-hacemos\/","og_locale":"es_ES","og_type":"article","og_title":"Qu\u00e9 hacemos - Prociency","og_description":"Descubre las misiones de PROCIENCY. Soluciones digitales innovadoras listas para usar en cualquier entorno. Ingenieros y desarrolladores adaptados a tus necesidades digitales.","og_url":"https:\/\/www.prociency.com\/es\/que-hacemos\/","og_site_name":"Prociency","article_modified_time":"2024-01-26T14:41:19+00:00","og_image":[{"width":1920,"height":1080,"url":"https:\/\/www.prociency.com\/wp-content\/uploads\/2023\/02\/ezgif-frame-034.jpg","type":"image\/jpeg"}],"twitter_card":"summary_large_image","twitter_misc":{"Est. reading time":"4 minutos"},"schema":{"@context":"https:\/\/schema.org","@graph":[{"@type":"WebPage","@id":"https:\/\/www.prociency.com\/es\/que-hacemos\/","url":"https:\/\/www.prociency.com\/es\/que-hacemos\/","name":"Qu\u00e9 hacemos - Prociency","isPartOf":{"@id":"https:\/\/www.prociency.com\/es\/#website"},"datePublished":"2023-02-16T11:43:38+00:00","dateModified":"2024-01-26T14:41:19+00:00","description":"Descubre las misiones de PROCIENCY. Soluciones digitales innovadoras listas para usar en cualquier entorno. Ingenieros y desarrolladores adaptados a tus necesidades digitales.","breadcrumb":{"@id":"https:\/\/www.prociency.com\/es\/que-hacemos\/#breadcrumb"},"inLanguage":"es","potentialAction":[{"@type":"ReadAction","target":["https:\/\/www.prociency.com\/es\/que-hacemos\/"]}]},{"@type":"BreadcrumbList","@id":"https:\/\/www.prociency.com\/es\/que-hacemos\/#breadcrumb","itemListElement":[{"@type":"ListItem","position":1,"name":"Home","item":"https:\/\/www.prociency.com\/es\/"},{"@type":"ListItem","position":2,"name":"Qu\u00e9 hacemos"}]},{"@type":"WebSite","@id":"https:\/\/www.prociency.com\/es\/#website","url":"https:\/\/www.prociency.com\/es\/","name":"Prociency","description":"Prociency","publisher":{"@id":"https:\/\/www.prociency.com\/es\/#organization"},"potentialAction":[{"@type":"SearchAction","target":{"@type":"EntryPoint","urlTemplate":"https:\/\/www.prociency.com\/es\/?s={search_term_string}"},"query-input":"required name=search_term_string"}],"inLanguage":"es"},{"@type":"Organization","@id":"https:\/\/www.prociency.com\/es\/#organization","name":"Prociency","url":"https:\/\/www.prociency.com\/es\/","logo":{"@type":"ImageObject","inLanguage":"es","@id":"https:\/\/www.prociency.com\/es\/#\/schema\/logo\/image\/","url":"https:\/\/prociency.developallin.com\/wp-content\/uploads\/2021\/10\/logo-prociency-negative.svg","contentUrl":"https:\/\/prociency.developallin.com\/wp-content\/uploads\/2021\/10\/logo-prociency-negative.svg","width":1,"height":1,"caption":"Prociency"},"image":{"@id":"https:\/\/www.prociency.com\/es\/#\/schema\/logo\/image\/"}}]}},"_links":{"self":[{"href":"https:\/\/www.prociency.com\/es\/wp-json\/wp\/v2\/pages\/1993"}],"collection":[{"href":"https:\/\/www.prociency.com\/es\/wp-json\/wp\/v2\/pages"}],"about":[{"href":"https:\/\/www.prociency.com\/es\/wp-json\/wp\/v2\/types\/page"}],"author":[{"embeddable":true,"href":"https:\/\/www.prociency.com\/es\/wp-json\/wp\/v2\/users\/1"}],"replies":[{"embeddable":true,"href":"https:\/\/www.prociency.com\/es\/wp-json\/wp\/v2\/comments?post=1993"}],"version-history":[{"count":33,"href":"https:\/\/www.prociency.com\/es\/wp-json\/wp\/v2\/pages\/1993\/revisions"}],"predecessor-version":[{"id":3170,"href":"https:\/\/www.prociency.com\/es\/wp-json\/wp\/v2\/pages\/1993\/revisions\/3170"}],"wp:featuredmedia":[{"embeddable":true,"href":"https:\/\/www.prociency.com\/es\/wp-json\/wp\/v2\/media\/2273"}],"wp:attachment":[{"href":"https:\/\/www.prociency.com\/es\/wp-json\/wp\/v2\/media?parent=1993"}],"curies":[{"name":"wp","href":"https:\/\/api.w.org\/{rel}","templated":true}]}}