{"id":1861,"date":"2023-02-14T11:58:04","date_gmt":"2023-02-14T10:58:04","guid":{"rendered":"https:\/\/prociency.developallin.com\/home-copy\/"},"modified":"2024-01-26T15:05:58","modified_gmt":"2024-01-26T14:05:58","slug":"home-copy","status":"publish","type":"page","link":"https:\/\/www.prociency.com\/es\/","title":{"rendered":"Home"},"content":{"rendered":"<p>[vc_row unlock_row_content=\u00bbyes\u00bb row_height_percent=\u00bb0&#8243; override_padding=\u00bbyes\u00bb h_padding=\u00bb0&#8243; top_padding=\u00bb0&#8243; bottom_padding=\u00bb0&#8243; overlay_alpha=\u00bb45&#8243; equal_height=\u00bbyes\u00bb gutter_size=\u00bb0&#8243; column_width_percent=\u00bb100&#8243; shift_y=\u00bb0&#8243; z_index=\u00bb0&#8243; bottom_divider=\u00bbtilt\u00bb uncode_shortcode_id=\u00bb156726&#8243; el_id=\u00bbhome-hero\u00bb][vc_column column_width_percent=\u00bb100&#8243; position_vertical=\u00bbmiddle\u00bb gutter_size=\u00bb3&#8243; override_padding=\u00bbyes\u00bb column_padding=\u00bb4&#8243; overlay_alpha=\u00bb50&#8243; shift_x=\u00bb0&#8243; shift_y=\u00bb0&#8243; shift_y_down=\u00bb0&#8243; z_index=\u00bb0&#8243; medium_width=\u00bb0&#8243; mobile_width=\u00bb0&#8243; width=\u00bb1\/2&#8243; uncode_shortcode_id=\u00bb384944&#8243; back_color_type=\u00bbuncode-solid\u00bb back_color_solid=\u00bb#fafafa\u00bb][vc_row_inner row_inner_height_percent=\u00bb0&#8243; overlay_alpha=\u00bb50&#8243; gutter_size=\u00bb3&#8243; shift_y=\u00bb0&#8243; z_index=\u00bb0&#8243; uncode_shortcode_id=\u00bb206997&#8243;][vc_column_inner column_width_percent=\u00bb100&#8243; gutter_size=\u00bb3&#8243; overlay_alpha=\u00bb50&#8243; shift_x=\u00bb0&#8243; shift_y=\u00bb0&#8243; shift_y_down=\u00bb0&#8243; z_index=\u00bb0&#8243; medium_width=\u00bb0&#8243; mobile_width=\u00bb0&#8243; width=\u00bb1\/1&#8243; uncode_shortcode_id=\u00bb197987&#8243;][vc_custom_heading text_color=\u00bbaccent\u00bb heading_semantic=\u00bbh1&#8243; uncode_shortcode_id=\u00bb228263&#8243; text_color_type=\u00bbuncode-palette\u00bb]<strong>Acompa\u00f1amos a nuestros clientes <\/strong>en todo su recorrido hacia la transformaci\u00f3n digital de sus empresas.[\/vc_custom_heading][vc_column_text text_color=\u00bbaccent\u00bb uncode_shortcode_id=\u00bb196697&#8243; text_color_type=\u00bbuncode-palette\u00bb]<strong>Integramos<\/strong> a nuestros clientes en el <strong>proceso de dise\u00f1o de la soluci\u00f3n<\/strong>. <strong>Trabajar<\/strong> con la libertad de <strong>poder efectuar cambios <\/strong>y<strong> modificaciones <\/strong>en todo momento.[\/vc_column_text][vc_button button_color=\u00bbcolor-688846&#8243; size=\u00bbbtn-lg\u00bb radius=\u00bbbtn-round\u00bb hover_fx=\u00bbfull-colored\u00bb border_width=\u00bb0&#8243; button_color_type=\u00bbuncode-palette\u00bb uncode_shortcode_id=\u00bb964130&#8243; link=\u00bburl:https%3A%2F%2Fprociency.com%2Fes%2Fque-hacemos%2F|title:Transformaci%C3%B3n%20digital\u00bb]M\u00e1s informaci\u00f3n[\/vc_button][\/vc_column_inner][\/vc_row_inner][\/vc_column][vc_column column_width_percent=\u00bb100&#8243; gutter_size=\u00bb3&#8243; expand_height=\u00bbyes\u00bb back_image=\u00bb1448&#8243; overlay_alpha=\u00bb50&#8243; shift_x=\u00bb0&#8243; shift_y=\u00bb0&#8243; shift_y_down=\u00bb0&#8243; z_index=\u00bb0&#8243; medium_visibility=\u00bbyes\u00bb medium_width=\u00bb0&#8243; mobile_visibility=\u00bbyes\u00bb mobile_width=\u00bb0&#8243; width=\u00bb1\/2&#8243; uncode_shortcode_id=\u00bb138591&#8243;][\/vc_column][\/vc_row][vc_row unlock_row_content=\u00bbyes\u00bb row_height_percent=\u00bb0&#8243; override_padding=\u00bbyes\u00bb h_padding=\u00bb2&#8243; top_padding=\u00bb7&#8243; bottom_padding=\u00bb7&#8243; back_image=\u00bb1447&#8243; overlay_alpha=\u00bb50&#8243; gutter_size=\u00bb3&#8243; column_width_percent=\u00bb100&#8243; shift_y=\u00bb0&#8243; z_index=\u00bb0&#8243; desktop_visibility=\u00bbyes\u00bb uncode_shortcode_id=\u00bb131413&#8243; shape_dividers=\u00bb\u00bb][vc_column width=\u00bb1\/1&#8243;][\/vc_column][\/vc_row][vc_row row_height_percent=\u00bb0&#8243; override_padding=\u00bbyes\u00bb h_padding=\u00bb2&#8243; top_padding=\u00bb2&#8243; bottom_padding=\u00bb3&#8243; overlay_alpha=\u00bb50&#8243; gutter_size=\u00bb3&#8243; column_width_percent=\u00bb100&#8243; shift_y=\u00bb0&#8243; z_index=\u00bb0&#8243; uncode_shortcode_id=\u00bb485738&#8243;][vc_column width=\u00bb1\/1&#8243;][vc_row_inner row_inner_height_percent=\u00bb0&#8243; overlay_alpha=\u00bb50&#8243; gutter_size=\u00bb3&#8243; shift_y=\u00bb0&#8243; z_index=\u00bb0&#8243; uncode_shortcode_id=\u00bb180428&#8243; css=\u00bb.vc_custom_1677770856679{margin-bottom: 50px !important;}\u00bb][vc_column_inner width=\u00bb1\/6&#8243;][\/vc_column_inner][vc_column_inner width=\u00bb4\/6&#8243;][vc_custom_heading text_size=\u00bbh1&#8243; uncode_shortcode_id=\u00bb358979&#8243; el_class=\u00bbleft-right-line-header pos-center-header\u00bb subheading=\u00bbSoluciones \u00fanicas\u00bb]Ofrecemos soluciones digitales innovadoras y listas para la acci\u00f3n en cualquier entorno.[\/vc_custom_heading][vc_column_text uncode_shortcode_id=\u00bb106025&#8243;]<\/p>\n<h3 class=\"h4\" style=\"text-align: center;\">Simplificar, automatizar y mejorar el control y la supervisi\u00f3n de procesos complejos.<\/h3>\n<p>[\/vc_column_text][\/vc_column_inner][vc_column_inner width=\u00bb1\/6&#8243;][\/vc_column_inner][\/vc_row_inner][vc_row_inner][vc_column_inner width=\u00bb1\/2&#8243;][uncode_list uncode_shortcode_id=\u00bb154580&#8243;]<\/p>\n<ul>\n<li><strong>Garantiza el uso real<\/strong> de las soluciones y su funcionalidad.<\/li>\n<li><strong>Agilidad<\/strong>. Se reducen los tiempos de ejecuci\u00f3n<br \/>\nde las actividades y los gastos de recursos.<\/li>\n<li><strong>Incrementa el valor de las personas<\/strong>. Pueden<br \/>\nconcentrarse en las tareas que a\u00f1aden valor.<\/li>\n<\/ul>\n<p>[\/uncode_list][\/vc_column_inner][vc_column_inner width=\u00bb1\/2&#8243;][uncode_list uncode_shortcode_id=\u00bb200735&#8243;]<\/p>\n<ul>\n<li><strong>Cohesi\u00f3n y consistencia<\/strong>. Todos trabajan<br \/>\ncon los mismos datos, sin duplicidades ni<br \/>\ncontradicciones.<\/li>\n<li><strong>Multicultural<\/strong>. Aplicable a diferentes sedes y<br \/>\npa\u00edses de forma personalizada.<\/li>\n<\/ul>\n<p>[\/uncode_list][\/vc_column_inner][\/vc_row_inner][\/vc_column][\/vc_row][vc_row row_height_percent=\u00bb0&#8243; override_padding=\u00bbyes\u00bb h_padding=\u00bb2&#8243; top_padding=\u00bb0&#8243; bottom_padding=\u00bb3&#8243; overlay_alpha=\u00bb50&#8243; gutter_size=\u00bb3&#8243; column_width_percent=\u00bb100&#8243; shift_y=\u00bb0&#8243; z_index=\u00bb0&#8243; uncode_shortcode_id=\u00bb104924&#8243;][vc_column width=\u00bb1\/1&#8243;][vc_row_inner][vc_column_inner width=\u00bb1\/3&#8243;][vc_icon position=\u00bbleft\u00bb icon_image=\u00bb2238&#8243; media_size=\u00bb75px\u00bb uncode_shortcode_id=\u00bb567498&#8243; title=\u00bbHol\u00edsticas\u00bb el_class=\u00bbcustom-interline\u00bb]Una capa superior que se conecta con todo.[\/vc_icon][\/vc_column_inner][vc_column_inner width=\u00bb1\/3&#8243;][vc_icon position=\u00bbleft\u00bb icon_image=\u00bb2226&#8243; media_size=\u00bb75px\u00bb uncode_shortcode_id=\u00bb977061&#8243; title=\u00bbSaaS\u00bb el_class=\u00bbcustom-interline\u00bb]En la nube, con total seguridad.[\/vc_icon][\/vc_column_inner][vc_column_inner width=\u00bb1\/3&#8243;][vc_icon position=\u00bbleft\u00bb icon_image=\u00bb2228&#8243; media_size=\u00bb75px\u00bb uncode_shortcode_id=\u00bb197888&#8243; title=\u00bbAdaptadas\u00bb el_class=\u00bbcustom-interline\u00bb]Sin cambiar la manera de trabajar de nuestros clientes.[\/vc_icon][\/vc_column_inner][\/vc_row_inner][vc_row_inner][vc_column_inner width=\u00bb1\/3&#8243;][vc_icon position=\u00bbleft\u00bb icon_image=\u00bb2230&#8243; media_size=\u00bb75px\u00bb uncode_shortcode_id=\u00bb120647&#8243; title=\u00bbTransversales\u00bb el_class=\u00bbcustom-interline\u00bb]Para todos y con visualizaci\u00f3n a medida.[\/vc_icon][\/vc_column_inner][vc_column_inner width=\u00bb1\/3&#8243;][vc_icon position=\u00bbleft\u00bb icon_image=\u00bb2232&#8243; media_size=\u00bb75px\u00bb uncode_shortcode_id=\u00bb155821&#8243; title=\u00bbSencillas y ordenadas\u00bb el_class=\u00bbcustom-interline\u00bb]F\u00e1ciles de usar, con seguimiento de las tareas[\/vc_icon][\/vc_column_inner][vc_column_inner width=\u00bb1\/3&#8243;][vc_icon position=\u00bbleft\u00bb icon_image=\u00bb2234&#8243; media_size=\u00bb75px\u00bb uncode_shortcode_id=\u00bb111094&#8243; title=\u00bbInformes ilimitados\u00bb el_class=\u00bbcustom-interline\u00bb]Creamos valor con los datos.[\/vc_icon][\/vc_column_inner][\/vc_row_inner][vc_row_inner][vc_column_inner width=\u00bb1\/3&#8243;][vc_icon position=\u00bbleft\u00bb icon_image=\u00bb2236&#8243; media_size=\u00bb75px\u00bb uncode_shortcode_id=\u00bb156689&#8243; title=\u00bbMejora continua\u00bb el_class=\u00bbcustom-interline\u00bb]Evolutivo incluido para potenciar la innovaci\u00f3n.[\/vc_icon][\/vc_column_inner][vc_column_inner width=\u00bb1\/3&#8243;][\/vc_column_inner][vc_column_inner width=\u00bb1\/3&#8243;][\/vc_column_inner][\/vc_row_inner][\/vc_column][\/vc_row][vc_row row_height_percent=\u00bb0&#8243; override_padding=\u00bbyes\u00bb h_padding=\u00bb2&#8243; top_padding=\u00bb0&#8243; bottom_padding=\u00bb3&#8243; overlay_alpha=\u00bb50&#8243; gutter_size=\u00bb3&#8243; column_width_percent=\u00bb100&#8243; shift_y=\u00bb0&#8243; z_index=\u00bb0&#8243; uncode_shortcode_id=\u00bb194185&#8243;][vc_column width=\u00bb1\/1&#8243;][vc_custom_heading text_size=\u00bbh1&#8243; uncode_shortcode_id=\u00bb199478&#8243; el_class=\u00bbleft-right-line-header pos-center-header\u00bb subheading=\u00bbSoluciones innovadoras\u00bb]\u00bfPor qu\u00e9 Prociency?[\/vc_custom_heading][vc_row_inner][vc_column_inner width=\u00bb1\/6&#8243;][\/vc_column_inner][vc_column_inner width=\u00bb4\/6&#8243;][vc_column_text uncode_shortcode_id=\u00bb142363&#8243;]<\/p>\n<h3 class=\"h4\" style=\"text-align: center;\">Porque tratamos al cliente como un fin en s\u00ed mismo. Nuestras soluciones y metodolog\u00eda de trabajo son un medio para ese fin.<\/h3>\n<p>[\/vc_column_text][\/vc_column_inner][vc_column_inner width=\u00bb1\/6&#8243;][\/vc_column_inner][\/vc_row_inner][vc_row_inner row_inner_height_percent=\u00bb0&#8243; overlay_alpha=\u00bb50&#8243; gutter_size=\u00bb3&#8243; shift_y=\u00bb0&#8243; z_index=\u00bb0&#8243; uncode_shortcode_id=\u00bb144584&#8243; css=\u00bb.vc_custom_1636990680423{padding-top: 30px !important;}\u00bb][vc_column_inner column_width_percent=\u00bb100&#8243; gutter_size=\u00bb3&#8243; overlay_alpha=\u00bb50&#8243; shift_x=\u00bb0&#8243; shift_y=\u00bb0&#8243; shift_y_down=\u00bb0&#8243; z_index=\u00bb0&#8243; medium_width=\u00bb0&#8243; mobile_width=\u00bb0&#8243; width=\u00bb1\/2&#8243; uncode_shortcode_id=\u00bb187689&#8243;][vc_column_text uncode_shortcode_id=\u00bb103596&#8243;]Nuestros clientes son un <strong>fin en s\u00ed mismos<\/strong>.<\/p>\n<p>Creamos <strong>soluciones \u00fanicas y personalizadas<\/strong> con y para nuestros clientes, convirti\u00e9ndonos en su aliado para la innovaci\u00f3n y digitalizaci\u00f3n.[\/vc_column_text][uncode_list uncode_shortcode_id=\u00bb101359&#8243;]<\/p>\n<ul>\n<li><strong>R\u00e1pida implementaci\u00f3n<\/strong>. Llave en mano.<\/li>\n<li><strong>Rentable<\/strong>. Sin inversiones iniciales, pago por<br \/>\nprocesos y usuarios.<\/li>\n<li><strong>Flexible y adaptado<\/strong>. Co-dise\u00f1ado con<br \/>\nnuestros clientes.<\/li>\n<li><strong>Usable, usado y m\u00f3vil<\/strong>. Con la complicidad de<br \/>\nlos equipos.<\/li>\n<li><strong>Know-How<\/strong>. Tenemos experiencia en sectores<br \/>\nestrat\u00e9gicos, donde la fiabilidad, seguridad y<br \/>\nadaptabilidad son imprescindibles.<\/li>\n<li><strong>Metodolog\u00eda de trabajo<\/strong>. No somos un<br \/>\nconsultor externo, <strong>somos el aliado para la<\/strong><br \/>\n<strong>innovaci\u00f3n<\/strong>.<\/li>\n<\/ul>\n<p>[\/uncode_list][\/vc_column_inner][vc_column_inner column_width_percent=\u00bb100&#8243; position_vertical=\u00bbmiddle\u00bb gutter_size=\u00bb3&#8243; overlay_alpha=\u00bb50&#8243; shift_x=\u00bb0&#8243; shift_y=\u00bb0&#8243; shift_y_down=\u00bb0&#8243; z_index=\u00bb0&#8243; medium_width=\u00bb0&#8243; mobile_width=\u00bb0&#8243; width=\u00bb1\/2&#8243; uncode_shortcode_id=\u00bb126109&#8243;][vc_raw_html el_class=\u00bbsingle-video\u00bb]JTNDaWZyYW1lJTIwdGl0bGUlM0QlMjJ2aW1lby1wbGF5ZXIlMjIlMjBzcmMlM0QlMjJodHRwcyUzQSUyRiUyRnBsYXllci52aW1lby5jb20lMkZ2aWRlbyUyRjczNDYzODQ3MiUzRmglM0RjZjhjOTdkZDkxJTIyJTIwd2lkdGglM0QlMjI1NjAlMjIlMjBoZWlnaHQlM0QlMjIzMTUlMjIlMjBmcmFtZWJvcmRlciUzRCUyMjAlMjIlMjBhbGxvdyUzRCUyMmFjY2VsZXJvbWV0ZXIlM0IlMjBhdXRvcGxheSUzQiUyMGNsaXBib2FyZC13cml0ZSUzQiUyMGVuY3J5cHRlZC1tZWRpYSUzQiUyMGd5cm9zY29wZSUzQiUyMHBpY3R1cmUtaW4tcGljdHVyZSUyMiUyMGFsbG93ZnVsbHNjcmVlbiUzRSUzQyUyRmlmcmFtZSUzRQ==[\/vc_raw_html][\/vc_column_inner][\/vc_row_inner][\/vc_column][\/vc_row][vc_row row_height_percent=\u00bb0&#8243; override_padding=\u00bbyes\u00bb h_padding=\u00bb2&#8243; top_padding=\u00bb0&#8243; bottom_padding=\u00bb3&#8243; overlay_alpha=\u00bb50&#8243; gutter_size=\u00bb3&#8243; column_width_percent=\u00bb100&#8243; shift_y=\u00bb0&#8243; z_index=\u00bb0&#8243; uncode_shortcode_id=\u00bb162983&#8243; el_class=\u00bbsection-icons\u00bb][vc_column width=\u00bb1\/1&#8243;][vc_custom_heading uncode_shortcode_id=\u00bb775874&#8243; el_class=\u00bbleft-right-line-header pos-center-header\u00bb subheading=\u00bbBusiness therapy\u00bb]Nuestra metodolog\u00eda de trabajo[\/vc_custom_heading][vc_row_inner row_inner_height_percent=\u00bb0&#8243; overlay_alpha=\u00bb50&#8243; equal_height=\u00bbyes\u00bb gutter_size=\u00bb3&#8243; shift_y=\u00bb0&#8243; z_index=\u00bb0&#8243; uncode_shortcode_id=\u00bb133266&#8243;][vc_column_inner column_width_percent=\u00bb100&#8243; position_vertical=\u00bbmiddle\u00bb gutter_size=\u00bb3&#8243; overlay_alpha=\u00bb50&#8243; shift_x=\u00bb0&#8243; shift_y=\u00bb0&#8243; shift_y_down=\u00bb0&#8243; z_index=\u00bb0&#8243; medium_width=\u00bb0&#8243; mobile_width=\u00bb0&#8243; width=\u00bb1\/2&#8243; uncode_shortcode_id=\u00bb169313&#8243;][vc_column_text uncode_shortcode_id=\u00bb158096&#8243;]Un enfoque no disruptivo y centrado en las necesidades de nuestros clientes y su visi\u00f3n de negocio.<\/p>\n<ul>\n<li><strong>Escucha activa. <\/strong><span style=\"font-weight: 400;\">Di\u00e1logo constante para comprender la realidad y visi\u00f3n de negocio.<\/span><\/li>\n<li><strong>Sistema como soluci\u00f3n. <\/strong><span style=\"font-weight: 400;\">Los sistemas son un medio, es el cliente quien conoce su empresa y lo que necesita.<\/span><\/li>\n<\/ul>\n<p>[\/vc_column_text][\/vc_column_inner][vc_column_inner column_width_percent=\u00bb100&#8243; position_vertical=\u00bbmiddle\u00bb gutter_size=\u00bb3&#8243; overlay_alpha=\u00bb50&#8243; shift_x=\u00bb0&#8243; shift_y=\u00bb0&#8243; shift_y_down=\u00bb0&#8243; z_index=\u00bb0&#8243; medium_width=\u00bb0&#8243; mobile_width=\u00bb0&#8243; width=\u00bb1\/2&#8243; uncode_shortcode_id=\u00bb129898&#8243;][vc_column_text uncode_shortcode_id=\u00bb751025&#8243;]<\/p>\n<ul>\n<li><strong>Evoluci\u00f3n constante.<\/strong> <span style=\"font-weight: 400;\"> Contribuimos a la mejora empresarial de forma continua, facilitando la innovaci\u00f3n.<\/span><\/li>\n<li><strong>Paz mental.<\/strong><span style=\"font-weight: 400;\"> Sin interrupciones innecesarias y sin tensionar la organizaci\u00f3n.<\/span><\/li>\n<li><strong>Hol\u00edsticamente. <\/strong><span style=\"font-weight: 400;\">Implementaciones org\u00e1nicas, orientadas al modelo organizativo y de negocio de la empresa.<\/span><\/li>\n<\/ul>\n<p>[\/vc_column_text][\/vc_column_inner][\/vc_row_inner][\/vc_column][\/vc_row][vc_row row_height_percent=\u00bb0&#8243; override_padding=\u00bbyes\u00bb h_padding=\u00bb2&#8243; top_padding=\u00bb0&#8243; bottom_padding=\u00bb3&#8243; overlay_alpha=\u00bb50&#8243; gutter_size=\u00bb3&#8243; column_width_percent=\u00bb100&#8243; shift_y=\u00bb0&#8243; z_index=\u00bb0&#8243; uncode_shortcode_id=\u00bb141382&#8243; el_class=\u00bbsection-icons\u00bb][vc_column width=\u00bb1\/1&#8243;][vc_single_image media=\u00bb2089&#8243; media_width_percent=\u00bb80&#8243; alignment=\u00bbcenter\u00bb shape=\u00bbimg-round\u00bb radius=\u00bbstd\u00bb shadow=\u00bbyes\u00bb shadow_weight=\u00bbsm\u00bb uncode_shortcode_id=\u00bb151024&#8243;][\/vc_column][\/vc_row]<\/p>\n","protected":false},"excerpt":{"rendered":"<p>[vc_row unlock_row_content=\u00bbyes\u00bb row_height_percent=\u00bb0&#8243; override_padding=\u00bbyes\u00bb h_padding=\u00bb0&#8243; top_padding=\u00bb0&#8243; bottom_padding=\u00bb0&#8243; overlay_alpha=\u00bb45&#8243; equal_height=\u00bbyes\u00bb gutter_size=\u00bb0&#8243; column_width_percent=\u00bb100&#8243; shift_y=\u00bb0&#8243; z_index=\u00bb0&#8243; bottom_divider=\u00bbtilt\u00bb uncode_shortcode_id=\u00bb156726&#8243; el_id=\u00bbhome-hero\u00bb][vc_column column_width_percent=\u00bb100&#8243; position_vertical=\u00bbmiddle\u00bb gutter_size=\u00bb3&#8243; override_padding=\u00bbyes\u00bb [&hellip;]<\/p>\n","protected":false},"author":1,"featured_media":0,"parent":0,"menu_order":0,"comment_status":"closed","ping_status":"closed","template":"","meta":[],"yoast_head":"<!-- This site is optimized with the Yoast SEO plugin v20.8 - https:\/\/yoast.com\/wordpress\/plugins\/seo\/ -->\n<title>Home - Prociency<\/title>\n<meta name=\"description\" content=\"\u00bfQuieres incorporar tu empresa en el mundo digital? Elige PROCIENCY, tu socio comercial para acompa\u00f1arte en tu proyecto de transformaci\u00f3n.\" \/>\n<meta name=\"robots\" content=\"index, follow, max-snippet:-1, max-image-preview:large, max-video-preview:-1\" \/>\n<link rel=\"canonical\" href=\"https:\/\/www.prociency.com\/es\/\" \/>\n<meta property=\"og:locale\" content=\"es_ES\" \/>\n<meta property=\"og:type\" content=\"article\" \/>\n<meta property=\"og:title\" content=\"Home - Prociency\" \/>\n<meta property=\"og:description\" content=\"\u00bfQuieres incorporar tu empresa en el mundo digital? Elige PROCIENCY, tu socio comercial para acompa\u00f1arte en tu proyecto de transformaci\u00f3n.\" \/>\n<meta property=\"og:url\" content=\"https:\/\/www.prociency.com\/es\/\" \/>\n<meta property=\"og:site_name\" content=\"Prociency\" \/>\n<meta property=\"article:modified_time\" content=\"2024-01-26T14:05:58+00:00\" \/>\n<meta name=\"twitter:card\" content=\"summary_large_image\" \/>\n<meta name=\"twitter:label1\" content=\"Est. reading time\" \/>\n\t<meta name=\"twitter:data1\" content=\"4 minutos\" \/>\n<script type=\"application\/ld+json\" class=\"yoast-schema-graph\">{\"@context\":\"https:\/\/schema.org\",\"@graph\":[{\"@type\":\"WebPage\",\"@id\":\"https:\/\/www.prociency.com\/es\/\",\"url\":\"https:\/\/www.prociency.com\/es\/\",\"name\":\"Home - Prociency\",\"isPartOf\":{\"@id\":\"https:\/\/www.prociency.com\/es\/#website\"},\"datePublished\":\"2023-02-14T10:58:04+00:00\",\"dateModified\":\"2024-01-26T14:05:58+00:00\",\"description\":\"\u00bfQuieres incorporar tu empresa en el mundo digital? Elige PROCIENCY, tu socio comercial para acompa\u00f1arte en tu proyecto de transformaci\u00f3n.\",\"breadcrumb\":{\"@id\":\"https:\/\/www.prociency.com\/es\/#breadcrumb\"},\"inLanguage\":\"es\",\"potentialAction\":[{\"@type\":\"ReadAction\",\"target\":[\"https:\/\/www.prociency.com\/es\/\"]}]},{\"@type\":\"BreadcrumbList\",\"@id\":\"https:\/\/www.prociency.com\/es\/#breadcrumb\",\"itemListElement\":[{\"@type\":\"ListItem\",\"position\":1,\"name\":\"Home\",\"item\":\"https:\/\/www.prociency.com\/es\/\"},{\"@type\":\"ListItem\",\"position\":2,\"name\":\"Home\"}]},{\"@type\":\"WebSite\",\"@id\":\"https:\/\/www.prociency.com\/es\/#website\",\"url\":\"https:\/\/www.prociency.com\/es\/\",\"name\":\"Prociency\",\"description\":\"Prociency\",\"publisher\":{\"@id\":\"https:\/\/www.prociency.com\/es\/#organization\"},\"potentialAction\":[{\"@type\":\"SearchAction\",\"target\":{\"@type\":\"EntryPoint\",\"urlTemplate\":\"https:\/\/www.prociency.com\/es\/?s={search_term_string}\"},\"query-input\":\"required name=search_term_string\"}],\"inLanguage\":\"es\"},{\"@type\":\"Organization\",\"@id\":\"https:\/\/www.prociency.com\/es\/#organization\",\"name\":\"Prociency\",\"url\":\"https:\/\/www.prociency.com\/es\/\",\"logo\":{\"@type\":\"ImageObject\",\"inLanguage\":\"es\",\"@id\":\"https:\/\/www.prociency.com\/es\/#\/schema\/logo\/image\/\",\"url\":\"https:\/\/prociency.developallin.com\/wp-content\/uploads\/2021\/10\/logo-prociency-negative.svg\",\"contentUrl\":\"https:\/\/prociency.developallin.com\/wp-content\/uploads\/2021\/10\/logo-prociency-negative.svg\",\"width\":1,\"height\":1,\"caption\":\"Prociency\"},\"image\":{\"@id\":\"https:\/\/www.prociency.com\/es\/#\/schema\/logo\/image\/\"}}]}<\/script>\n<!-- \/ Yoast SEO plugin. -->","yoast_head_json":{"title":"Home - Prociency","description":"\u00bfQuieres incorporar tu empresa en el mundo digital? Elige PROCIENCY, tu socio comercial para acompa\u00f1arte en tu proyecto de transformaci\u00f3n.","robots":{"index":"index","follow":"follow","max-snippet":"max-snippet:-1","max-image-preview":"max-image-preview:large","max-video-preview":"max-video-preview:-1"},"canonical":"https:\/\/www.prociency.com\/es\/","og_locale":"es_ES","og_type":"article","og_title":"Home - Prociency","og_description":"\u00bfQuieres incorporar tu empresa en el mundo digital? Elige PROCIENCY, tu socio comercial para acompa\u00f1arte en tu proyecto de transformaci\u00f3n.","og_url":"https:\/\/www.prociency.com\/es\/","og_site_name":"Prociency","article_modified_time":"2024-01-26T14:05:58+00:00","twitter_card":"summary_large_image","twitter_misc":{"Est. reading time":"4 minutos"},"schema":{"@context":"https:\/\/schema.org","@graph":[{"@type":"WebPage","@id":"https:\/\/www.prociency.com\/es\/","url":"https:\/\/www.prociency.com\/es\/","name":"Home - Prociency","isPartOf":{"@id":"https:\/\/www.prociency.com\/es\/#website"},"datePublished":"2023-02-14T10:58:04+00:00","dateModified":"2024-01-26T14:05:58+00:00","description":"\u00bfQuieres incorporar tu empresa en el mundo digital? Elige PROCIENCY, tu socio comercial para acompa\u00f1arte en tu proyecto de transformaci\u00f3n.","breadcrumb":{"@id":"https:\/\/www.prociency.com\/es\/#breadcrumb"},"inLanguage":"es","potentialAction":[{"@type":"ReadAction","target":["https:\/\/www.prociency.com\/es\/"]}]},{"@type":"BreadcrumbList","@id":"https:\/\/www.prociency.com\/es\/#breadcrumb","itemListElement":[{"@type":"ListItem","position":1,"name":"Home","item":"https:\/\/www.prociency.com\/es\/"},{"@type":"ListItem","position":2,"name":"Home"}]},{"@type":"WebSite","@id":"https:\/\/www.prociency.com\/es\/#website","url":"https:\/\/www.prociency.com\/es\/","name":"Prociency","description":"Prociency","publisher":{"@id":"https:\/\/www.prociency.com\/es\/#organization"},"potentialAction":[{"@type":"SearchAction","target":{"@type":"EntryPoint","urlTemplate":"https:\/\/www.prociency.com\/es\/?s={search_term_string}"},"query-input":"required name=search_term_string"}],"inLanguage":"es"},{"@type":"Organization","@id":"https:\/\/www.prociency.com\/es\/#organization","name":"Prociency","url":"https:\/\/www.prociency.com\/es\/","logo":{"@type":"ImageObject","inLanguage":"es","@id":"https:\/\/www.prociency.com\/es\/#\/schema\/logo\/image\/","url":"https:\/\/prociency.developallin.com\/wp-content\/uploads\/2021\/10\/logo-prociency-negative.svg","contentUrl":"https:\/\/prociency.developallin.com\/wp-content\/uploads\/2021\/10\/logo-prociency-negative.svg","width":1,"height":1,"caption":"Prociency"},"image":{"@id":"https:\/\/www.prociency.com\/es\/#\/schema\/logo\/image\/"}}]}},"_links":{"self":[{"href":"https:\/\/www.prociency.com\/es\/wp-json\/wp\/v2\/pages\/1861"}],"collection":[{"href":"https:\/\/www.prociency.com\/es\/wp-json\/wp\/v2\/pages"}],"about":[{"href":"https:\/\/www.prociency.com\/es\/wp-json\/wp\/v2\/types\/page"}],"author":[{"embeddable":true,"href":"https:\/\/www.prociency.com\/es\/wp-json\/wp\/v2\/users\/1"}],"replies":[{"embeddable":true,"href":"https:\/\/www.prociency.com\/es\/wp-json\/wp\/v2\/comments?post=1861"}],"version-history":[{"count":36,"href":"https:\/\/www.prociency.com\/es\/wp-json\/wp\/v2\/pages\/1861\/revisions"}],"predecessor-version":[{"id":2810,"href":"https:\/\/www.prociency.com\/es\/wp-json\/wp\/v2\/pages\/1861\/revisions\/2810"}],"wp:attachment":[{"href":"https:\/\/www.prociency.com\/es\/wp-json\/wp\/v2\/media?parent=1861"}],"curies":[{"name":"wp","href":"https:\/\/api.w.org\/{rel}","templated":true}]}}