{"id":1239,"date":"2021-12-30T00:00:44","date_gmt":"2021-12-29T23:00:44","guid":{"rendered":"https:\/\/prociency.developallin.com\/?page_id=1239"},"modified":"2023-03-02T12:10:40","modified_gmt":"2023-03-02T11:10:40","slug":"gestion-seguridad-salud-medioambiente-calidad","status":"publish","type":"page","link":"https:\/\/www.prociency.com\/es\/productos-y-servicios\/gestion-seguridad-salud-medioambiente-calidad\/","title":{"rendered":"Procesos de gesti\u00f3n, seguridad, salud, medio ambiente y calidad"},"content":{"rendered":"<p>[vc_row row_height_percent=\u00bb0&#8243; override_padding=\u00bbyes\u00bb h_padding=\u00bb2&#8243; top_padding=\u00bb2&#8243; bottom_padding=\u00bb3&#8243; overlay_alpha=\u00bb50&#8243; gutter_size=\u00bb3&#8243; column_width_percent=\u00bb100&#8243; shift_y=\u00bb0&#8243; z_index=\u00bb0&#8243; uncode_shortcode_id=\u00bb654540&#8243; css=\u00bb.vc_custom_1672230998933{padding-top: 60px !important;}\u00bb][vc_column column_width_percent=\u00bb100&#8243; position_vertical=\u00bbmiddle\u00bb align_horizontal=\u00bbalign_center\u00bb gutter_size=\u00bb3&#8243; overlay_alpha=\u00bb50&#8243; shift_x=\u00bb0&#8243; shift_y=\u00bb0&#8243; shift_y_down=\u00bb0&#8243; z_index=\u00bb0&#8243; medium_width=\u00bb0&#8243; mobile_width=\u00bb0&#8243; width=\u00bb1\/1&#8243; uncode_shortcode_id=\u00bb709727&#8243;][vc_custom_heading uncode_shortcode_id=\u00bb138167&#8243;]<strong>Inteligencia empresarial al servicio de los equipos de gesti\u00f3n<\/strong>[\/vc_custom_heading][vc_column_text uncode_shortcode_id=\u00bb203257&#8243;]Centralizar y relacionar todos los procesos de gesti\u00f3n en una aplicaci\u00f3n.[\/vc_column_text][vc_single_image media=\u00bb2016&#8243; media_lightbox=\u00bbyes\u00bb media_width_percent=\u00bb100&#8243; alignment=\u00bbcenter\u00bb uncode_shortcode_id=\u00bb202271&#8243; el_class=\u00bbsingle-img\u00bb][\/vc_column][\/vc_row][vc_row row_height_percent=\u00bb0&#8243; back_color=\u00bbcolor-lxmt\u00bb overlay_alpha=\u00bb50&#8243; equal_height=\u00bbyes\u00bb gutter_size=\u00bb3&#8243; column_width_percent=\u00bb100&#8243; shift_y=\u00bb0&#8243; z_index=\u00bb0&#8243; uncode_shortcode_id=\u00bb181950&#8243; css=\u00bb.vc_custom_1672231576095{padding-top: 60px !important;padding-bottom: 60px !important;}\u00bb back_color_type=\u00bbuncode-palette\u00bb][vc_column column_width_percent=\u00bb100&#8243; position_vertical=\u00bbmiddle\u00bb gutter_size=\u00bb3&#8243; overlay_alpha=\u00bb50&#8243; shift_x=\u00bb0&#8243; shift_y=\u00bb0&#8243; shift_y_down=\u00bb0&#8243; z_index=\u00bb0&#8243; medium_width=\u00bb0&#8243; mobile_width=\u00bb0&#8243; width=\u00bb1\/2&#8243; uncode_shortcode_id=\u00bb102854&#8243;][vc_custom_heading uncode_shortcode_id=\u00bb261053&#8243; el_class=\u00bbright-line-header\u00bb]SySMAC<br \/>\nBeneficios[\/vc_custom_heading][vc_column_text uncode_shortcode_id=\u00bb128217&#8243; el_class=\u00bbfeatured-list\u00bb]<strong>Todo integrado y a un clic.<\/strong><\/p>\n<ul>\n<li><strong>Incrementar la agilidad de la empresa<\/strong>. Disminuyen los tiempos de ejecuci\u00f3n y de espera de proceso de datos.<\/li>\n<li><strong>Integrar<\/strong> los \u00e1mbitos de gesti\u00f3n evitando duplicidades y contradicciones.<\/li>\n<li><strong>Visualizar de forma r\u00e1pida<\/strong> y directa toda la actividad, sus responsables y tiempos.<\/li>\n<li><strong>Disponer de informaci\u00f3n s\u00f3lida<\/strong> y consolidada en una base de datos relacional con informes y buscadores a medida.<\/li>\n<li><strong>Incluir toda la informaci\u00f3n hist\u00f3rica con la nueva y generar informes a medida.<\/strong><\/li>\n<li><strong>Conectar<\/strong> con todos los sistemas de la empresa en escritorio y en movilidad.<\/li>\n<\/ul>\n<p>[\/vc_column_text][\/vc_column][vc_column column_width_percent=\u00bb100&#8243; position_vertical=\u00bbmiddle\u00bb gutter_size=\u00bb3&#8243; overlay_alpha=\u00bb50&#8243; shift_x=\u00bb0&#8243; shift_y=\u00bb0&#8243; shift_y_down=\u00bb0&#8243; z_index=\u00bb0&#8243; medium_width=\u00bb0&#8243; mobile_width=\u00bb0&#8243; width=\u00bb1\/2&#8243; uncode_shortcode_id=\u00bb127368&#8243;][vc_raw_html el_class=\u00bbsingle-video\u00bb]JTNDaWZyYW1lJTIwdGl0bGUlM0QlMjJ2aW1lby1wbGF5ZXIlMjIlMjBzcmMlM0QlMjJodHRwcyUzQSUyRiUyRnBsYXllci52aW1lby5jb20lMkZ2aWRlbyUyRjczNDYzODU4NSUzRmglM0Q4OWQ2MWJjNmM5JTIyJTIwd2lkdGglM0QlMjI1NjAlMjIlMjBoZWlnaHQlM0QlMjIzMTUlMjIlMjBmcmFtZWJvcmRlciUzRCUyMjAlMjIlMjBhbGxvd2Z1bGxzY3JlZW4lM0QlMjIlMjIlM0UlM0MlMkZpZnJhbWUlM0U=[\/vc_raw_html][\/vc_column][\/vc_row][vc_row row_height_percent=\u00bb0&#8243; overlay_alpha=\u00bb50&#8243; gutter_size=\u00bb3&#8243; column_width_percent=\u00bb100&#8243; shift_y=\u00bb0&#8243; z_index=\u00bb0&#8243; uncode_shortcode_id=\u00bb426673&#8243; css=\u00bb.vc_custom_1672231570378{padding-top: 60px !important;padding-bottom: 30px !important;}\u00bb][vc_column width=\u00bb1\/1&#8243;][vc_custom_heading uncode_shortcode_id=\u00bb114107&#8243; el_class=\u00bbright-line-header\u00bb]SySMAC<br \/>\nFuncionalidades principales[\/vc_custom_heading][vc_column_text uncode_shortcode_id=\u00bb104557&#8243; el_class=\u00bbfeatured-list\u00bb]<strong>Disponer de una visi\u00f3n hist\u00f3rica y actual para predecir tendencias y tomar decisiones directivas r\u00e1pidamente.<\/strong>[\/vc_column_text][vc_row_inner][vc_column_inner width=\u00bb1\/1&#8243;][vc_column_text uncode_shortcode_id=\u00bb792010&#8243; el_class=\u00bbfeatured-column-list\u00bb]<\/p>\n<ul>\n<li><strong>Informes ilimitados y personalizados<\/strong>. Todos los datos de los diversos m\u00f3dulos, relacionados.<\/li>\n<li><strong>Permisos<\/strong> micronizados y con posibilidad de actualizaci\u00f3n autom\u00e1tica en base a organigrama.<\/li>\n<li>Gesti\u00f3n del trabajador: <strong>procesos de vigilancia de la salud, certificados y revisiones, gesti\u00f3n de competencias y formaci\u00f3n.<\/strong><\/li>\n<li>Completo <strong>control de los EPIs<\/strong>.<\/li>\n<li>Gesti\u00f3n <strong>de incidencias, incidentes, acciones correctoras, observaciones planeadas, auditor\u00edas internas y externas\u2026<\/strong><\/li>\n<li><strong>Gesti\u00f3n y control de reuniones y documentaci\u00f3n.<\/strong><\/li>\n<li><strong>Gesti\u00f3n del cambio.<\/strong><\/li>\n<li><strong>Evaluaciones de riesgo<\/strong><\/li>\n<li><strong>Entre muchos otros\u2026<\/strong><\/li>\n<\/ul>\n<p>[\/vc_column_text][\/vc_column_inner][\/vc_row_inner][\/vc_column][\/vc_row]<\/p>\n","protected":false},"excerpt":{"rendered":"<p>[vc_row row_height_percent=\u00bb0&#8243; override_padding=\u00bbyes\u00bb h_padding=\u00bb2&#8243; top_padding=\u00bb2&#8243; bottom_padding=\u00bb3&#8243; overlay_alpha=\u00bb50&#8243; gutter_size=\u00bb3&#8243; column_width_percent=\u00bb100&#8243; shift_y=\u00bb0&#8243; z_index=\u00bb0&#8243; uncode_shortcode_id=\u00bb654540&#8243; css=\u00bb.vc_custom_1672230998933{padding-top: 60px !important;}\u00bb][vc_column column_width_percent=\u00bb100&#8243; position_vertical=\u00bbmiddle\u00bb align_horizontal=\u00bbalign_center\u00bb gutter_size=\u00bb3&#8243; overlay_alpha=\u00bb50&#8243; [&hellip;]<\/p>\n","protected":false},"author":1,"featured_media":0,"parent":750,"menu_order":0,"comment_status":"closed","ping_status":"closed","template":"","meta":[],"yoast_head":"<!-- This site is optimized with the Yoast SEO plugin v20.8 - https:\/\/yoast.com\/wordpress\/plugins\/seo\/ -->\n<title>Procesos de gesti\u00f3n, seguridad, salud, medio ambiente y calidad - Prociency<\/title>\n<meta name=\"robots\" content=\"index, follow, max-snippet:-1, max-image-preview:large, max-video-preview:-1\" \/>\n<link rel=\"canonical\" href=\"https:\/\/www.prociency.com\/es\/productos-y-servicios\/gestion-seguridad-salud-medioambiente-calidad\/\" \/>\n<meta property=\"og:locale\" content=\"es_ES\" \/>\n<meta property=\"og:type\" content=\"article\" \/>\n<meta property=\"og:title\" content=\"Procesos de gesti\u00f3n, seguridad, salud, medio ambiente y calidad - Prociency\" \/>\n<meta property=\"og:description\" content=\"[vc_row row_height_percent=\u00bb0&#8243; override_padding=\u00bbyes\u00bb h_padding=\u00bb2&#8243; top_padding=\u00bb2&#8243; bottom_padding=\u00bb3&#8243; overlay_alpha=\u00bb50&#8243; gutter_size=\u00bb3&#8243; column_width_percent=\u00bb100&#8243; shift_y=\u00bb0&#8243; z_index=\u00bb0&#8243; uncode_shortcode_id=\u00bb654540&#8243; css=\u00bb.vc_custom_1672230998933{padding-top: 60px !important;}\u00bb][vc_column column_width_percent=\u00bb100&#8243; position_vertical=\u00bbmiddle\u00bb align_horizontal=\u00bbalign_center\u00bb gutter_size=\u00bb3&#8243; overlay_alpha=\u00bb50&#8243; [&hellip;]\" \/>\n<meta property=\"og:url\" content=\"https:\/\/www.prociency.com\/es\/productos-y-servicios\/gestion-seguridad-salud-medioambiente-calidad\/\" \/>\n<meta property=\"og:site_name\" content=\"Prociency\" \/>\n<meta property=\"article:modified_time\" content=\"2023-03-02T11:10:40+00:00\" \/>\n<meta name=\"twitter:card\" content=\"summary_large_image\" \/>\n<meta name=\"twitter:label1\" content=\"Est. reading time\" \/>\n\t<meta name=\"twitter:data1\" content=\"3 minutos\" \/>\n<script type=\"application\/ld+json\" class=\"yoast-schema-graph\">{\"@context\":\"https:\/\/schema.org\",\"@graph\":[{\"@type\":\"WebPage\",\"@id\":\"https:\/\/www.prociency.com\/es\/productos-y-servicios\/gestion-seguridad-salud-medioambiente-calidad\/\",\"url\":\"https:\/\/www.prociency.com\/es\/productos-y-servicios\/gestion-seguridad-salud-medioambiente-calidad\/\",\"name\":\"Procesos de gesti\u00f3n, seguridad, salud, medio ambiente y calidad - Prociency\",\"isPartOf\":{\"@id\":\"https:\/\/www.prociency.com\/es\/#website\"},\"datePublished\":\"2021-12-29T23:00:44+00:00\",\"dateModified\":\"2023-03-02T11:10:40+00:00\",\"breadcrumb\":{\"@id\":\"https:\/\/www.prociency.com\/es\/productos-y-servicios\/gestion-seguridad-salud-medioambiente-calidad\/#breadcrumb\"},\"inLanguage\":\"es\",\"potentialAction\":[{\"@type\":\"ReadAction\",\"target\":[\"https:\/\/www.prociency.com\/es\/productos-y-servicios\/gestion-seguridad-salud-medioambiente-calidad\/\"]}]},{\"@type\":\"BreadcrumbList\",\"@id\":\"https:\/\/www.prociency.com\/es\/productos-y-servicios\/gestion-seguridad-salud-medioambiente-calidad\/#breadcrumb\",\"itemListElement\":[{\"@type\":\"ListItem\",\"position\":1,\"name\":\"Home\",\"item\":\"https:\/\/www.prociency.com\/es\/\"},{\"@type\":\"ListItem\",\"position\":2,\"name\":\"Productos y servicios\",\"item\":\"https:\/\/www.prociency.com\/es\/productos-y-servicios\/\"},{\"@type\":\"ListItem\",\"position\":3,\"name\":\"Procesos de gesti\u00f3n, seguridad, salud, medio ambiente y calidad\"}]},{\"@type\":\"WebSite\",\"@id\":\"https:\/\/www.prociency.com\/es\/#website\",\"url\":\"https:\/\/www.prociency.com\/es\/\",\"name\":\"Prociency\",\"description\":\"Prociency\",\"publisher\":{\"@id\":\"https:\/\/www.prociency.com\/es\/#organization\"},\"potentialAction\":[{\"@type\":\"SearchAction\",\"target\":{\"@type\":\"EntryPoint\",\"urlTemplate\":\"https:\/\/www.prociency.com\/es\/?s={search_term_string}\"},\"query-input\":\"required name=search_term_string\"}],\"inLanguage\":\"es\"},{\"@type\":\"Organization\",\"@id\":\"https:\/\/www.prociency.com\/es\/#organization\",\"name\":\"Prociency\",\"url\":\"https:\/\/www.prociency.com\/es\/\",\"logo\":{\"@type\":\"ImageObject\",\"inLanguage\":\"es\",\"@id\":\"https:\/\/www.prociency.com\/es\/#\/schema\/logo\/image\/\",\"url\":\"https:\/\/prociency.developallin.com\/wp-content\/uploads\/2021\/10\/logo-prociency-negative.svg\",\"contentUrl\":\"https:\/\/prociency.developallin.com\/wp-content\/uploads\/2021\/10\/logo-prociency-negative.svg\",\"width\":1,\"height\":1,\"caption\":\"Prociency\"},\"image\":{\"@id\":\"https:\/\/www.prociency.com\/es\/#\/schema\/logo\/image\/\"}}]}<\/script>\n<!-- \/ Yoast SEO plugin. -->","yoast_head_json":{"title":"Procesos de gesti\u00f3n, seguridad, salud, medio ambiente y calidad - Prociency","robots":{"index":"index","follow":"follow","max-snippet":"max-snippet:-1","max-image-preview":"max-image-preview:large","max-video-preview":"max-video-preview:-1"},"canonical":"https:\/\/www.prociency.com\/es\/productos-y-servicios\/gestion-seguridad-salud-medioambiente-calidad\/","og_locale":"es_ES","og_type":"article","og_title":"Procesos de gesti\u00f3n, seguridad, salud, medio ambiente y calidad - Prociency","og_description":"[vc_row row_height_percent=\u00bb0&#8243; override_padding=\u00bbyes\u00bb h_padding=\u00bb2&#8243; top_padding=\u00bb2&#8243; bottom_padding=\u00bb3&#8243; overlay_alpha=\u00bb50&#8243; gutter_size=\u00bb3&#8243; column_width_percent=\u00bb100&#8243; shift_y=\u00bb0&#8243; z_index=\u00bb0&#8243; uncode_shortcode_id=\u00bb654540&#8243; css=\u00bb.vc_custom_1672230998933{padding-top: 60px !important;}\u00bb][vc_column column_width_percent=\u00bb100&#8243; position_vertical=\u00bbmiddle\u00bb align_horizontal=\u00bbalign_center\u00bb gutter_size=\u00bb3&#8243; overlay_alpha=\u00bb50&#8243; [&hellip;]","og_url":"https:\/\/www.prociency.com\/es\/productos-y-servicios\/gestion-seguridad-salud-medioambiente-calidad\/","og_site_name":"Prociency","article_modified_time":"2023-03-02T11:10:40+00:00","twitter_card":"summary_large_image","twitter_misc":{"Est. reading time":"3 minutos"},"schema":{"@context":"https:\/\/schema.org","@graph":[{"@type":"WebPage","@id":"https:\/\/www.prociency.com\/es\/productos-y-servicios\/gestion-seguridad-salud-medioambiente-calidad\/","url":"https:\/\/www.prociency.com\/es\/productos-y-servicios\/gestion-seguridad-salud-medioambiente-calidad\/","name":"Procesos de gesti\u00f3n, seguridad, salud, medio ambiente y calidad - Prociency","isPartOf":{"@id":"https:\/\/www.prociency.com\/es\/#website"},"datePublished":"2021-12-29T23:00:44+00:00","dateModified":"2023-03-02T11:10:40+00:00","breadcrumb":{"@id":"https:\/\/www.prociency.com\/es\/productos-y-servicios\/gestion-seguridad-salud-medioambiente-calidad\/#breadcrumb"},"inLanguage":"es","potentialAction":[{"@type":"ReadAction","target":["https:\/\/www.prociency.com\/es\/productos-y-servicios\/gestion-seguridad-salud-medioambiente-calidad\/"]}]},{"@type":"BreadcrumbList","@id":"https:\/\/www.prociency.com\/es\/productos-y-servicios\/gestion-seguridad-salud-medioambiente-calidad\/#breadcrumb","itemListElement":[{"@type":"ListItem","position":1,"name":"Home","item":"https:\/\/www.prociency.com\/es\/"},{"@type":"ListItem","position":2,"name":"Productos y servicios","item":"https:\/\/www.prociency.com\/es\/productos-y-servicios\/"},{"@type":"ListItem","position":3,"name":"Procesos de gesti\u00f3n, seguridad, salud, medio ambiente y calidad"}]},{"@type":"WebSite","@id":"https:\/\/www.prociency.com\/es\/#website","url":"https:\/\/www.prociency.com\/es\/","name":"Prociency","description":"Prociency","publisher":{"@id":"https:\/\/www.prociency.com\/es\/#organization"},"potentialAction":[{"@type":"SearchAction","target":{"@type":"EntryPoint","urlTemplate":"https:\/\/www.prociency.com\/es\/?s={search_term_string}"},"query-input":"required name=search_term_string"}],"inLanguage":"es"},{"@type":"Organization","@id":"https:\/\/www.prociency.com\/es\/#organization","name":"Prociency","url":"https:\/\/www.prociency.com\/es\/","logo":{"@type":"ImageObject","inLanguage":"es","@id":"https:\/\/www.prociency.com\/es\/#\/schema\/logo\/image\/","url":"https:\/\/prociency.developallin.com\/wp-content\/uploads\/2021\/10\/logo-prociency-negative.svg","contentUrl":"https:\/\/prociency.developallin.com\/wp-content\/uploads\/2021\/10\/logo-prociency-negative.svg","width":1,"height":1,"caption":"Prociency"},"image":{"@id":"https:\/\/www.prociency.com\/es\/#\/schema\/logo\/image\/"}}]}},"_links":{"self":[{"href":"https:\/\/www.prociency.com\/es\/wp-json\/wp\/v2\/pages\/1239"}],"collection":[{"href":"https:\/\/www.prociency.com\/es\/wp-json\/wp\/v2\/pages"}],"about":[{"href":"https:\/\/www.prociency.com\/es\/wp-json\/wp\/v2\/types\/page"}],"author":[{"embeddable":true,"href":"https:\/\/www.prociency.com\/es\/wp-json\/wp\/v2\/users\/1"}],"replies":[{"embeddable":true,"href":"https:\/\/www.prociency.com\/es\/wp-json\/wp\/v2\/comments?post=1239"}],"version-history":[{"count":24,"href":"https:\/\/www.prociency.com\/es\/wp-json\/wp\/v2\/pages\/1239\/revisions"}],"predecessor-version":[{"id":2554,"href":"https:\/\/www.prociency.com\/es\/wp-json\/wp\/v2\/pages\/1239\/revisions\/2554"}],"up":[{"embeddable":true,"href":"https:\/\/www.prociency.com\/es\/wp-json\/wp\/v2\/pages\/750"}],"wp:attachment":[{"href":"https:\/\/www.prociency.com\/es\/wp-json\/wp\/v2\/media?parent=1239"}],"curies":[{"name":"wp","href":"https:\/\/api.w.org\/{rel}","templated":true}]}}